{"id":10849,"date":"2026-02-27T00:08:33","date_gmt":"2026-02-27T00:08:33","guid":{"rendered":"https:\/\/nordicmart.andreevmaster.com\/product\/songmics-kladhangare-i-plast-30-pack-lattviktiga-svarta\/"},"modified":"2026-02-27T08:03:58","modified_gmt":"2026-02-27T08:03:58","slug":"songmics-kladhangare-i-plast-30-pack-lattviktiga-svarta","status":"publish","type":"product","link":"https:\/\/nordicmart.andreevmaster.com\/sv\/produkt\/songmics-kladhangare-i-plast-30-pack-lattviktiga-svarta\/","title":{"rendered":"SONGMICS kl\u00e4dh\u00e4ngare i plast, 30-pack, l\u00e4ttviktiga, svarta"},"content":{"rendered":"<p>SONGMICS Kl\u00e4dh\u00e4ngare i plast, 30-pack, platsbesparande, l\u00e4ttviktiga, f\u00f6r byxor, jackor, kl\u00e4nningar<br \/>\nF\u00e4rg: Svart<br \/>\nMaterial: PP-plast<br \/>\nStorlek per galge: 41,5 x 20,5 cm (B x H)<br \/>\nVikt f\u00f6r 30 h\u00e4ngare: 1 kg<br \/>\nMax. statisk belastningskapacitet per h\u00e4ngare: 2,5 kg<\/p>\n","protected":false},"excerpt":{"rendered":"<p>SONGMICS Kl\u00e4dh\u00e4ngare i plast, 30-pack, platsbesparande, l\u00e4ttviktiga, f\u00f6r byxor, jackor, kl\u00e4nningar<\/p>\n","protected":false},"featured_media":39389,"comment_status":"open","ping_status":"closed","template":"","meta":[],"product_brand":[],"product_cat":[33],"product_tag":[],"class_list":{"0":"post-10849","1":"product","2":"type-product","3":"status-publish","4":"has-post-thumbnail","6":"product_cat-okategoriserad","8":"first","9":"instock","10":"shipping-taxable","11":"purchasable","12":"product-type-simple"},"_links":{"self":[{"href":"https:\/\/nordicmart.andreevmaster.com\/sv\/wp-json\/wp\/v2\/product\/10849","targetHints":{"allow":["GET"]}}],"collection":[{"href":"https:\/\/nordicmart.andreevmaster.com\/sv\/wp-json\/wp\/v2\/product"}],"about":[{"href":"https:\/\/nordicmart.andreevmaster.com\/sv\/wp-json\/wp\/v2\/types\/product"}],"replies":[{"embeddable":true,"href":"https:\/\/nordicmart.andreevmaster.com\/sv\/wp-json\/wp\/v2\/comments?post=10849"}],"wp:featuredmedia":[{"embeddable":true,"href":"https:\/\/nordicmart.andreevmaster.com\/sv\/wp-json\/wp\/v2\/media\/39389"}],"wp:attachment":[{"href":"https:\/\/nordicmart.andreevmaster.com\/sv\/wp-json\/wp\/v2\/media?parent=10849"}],"wp:term":[{"taxonomy":"product_brand","embeddable":true,"href":"https:\/\/nordicmart.andreevmaster.com\/sv\/wp-json\/wp\/v2\/product_brand?post=10849"},{"taxonomy":"product_cat","embeddable":true,"href":"https:\/\/nordicmart.andreevmaster.com\/sv\/wp-json\/wp\/v2\/product_cat?post=10849"},{"taxonomy":"product_tag","embeddable":true,"href":"https:\/\/nordicmart.andreevmaster.com\/sv\/wp-json\/wp\/v2\/product_tag?post=10849"}],"curies":[{"name":"wp","href":"https:\/\/api.w.org\/{rel}","templated":true}]}}