{"id":10848,"date":"2026-02-27T00:08:33","date_gmt":"2026-02-27T00:08:33","guid":{"rendered":"https:\/\/nordicmart.andreevmaster.com\/product\/songmics-40-cm-lang-byxhangare\/"},"modified":"2026-02-27T08:03:57","modified_gmt":"2026-02-27T08:03:57","slug":"songmics-40-cm-lang-byxhangare","status":"publish","type":"product","link":"https:\/\/nordicmart.andreevmaster.com\/sv\/produkt\/songmics-40-cm-lang-byxhangare\/","title":{"rendered":"SONGMICS 40 cm l\u00e5ng byxh\u00e4ngare"},"content":{"rendered":"<p>Vill du alltid h\u00e5lla dina byxor eller kjolar i toppform och slippa stryka dem extra inf\u00f6r en dejt eller ett m\u00f6te? D\u00e5 \u00e4r detta set med 10 byxh\u00e4ngare precis r\u00e4tt f\u00f6r dig. Dina kl\u00e4der kan h\u00e4ngas upp p\u00e5 dessa h\u00e4ngare utan att bli skrynkliga och \u00e4r alltid redo att anv\u00e4ndas. H\u00f6jdpunkterna i detta set med 10 kjolh\u00e4ngare: &#8211; J\u00e4mf\u00f6rt med andra h\u00e4ngare \u00e4r dessa modeller extra l\u00e5nga (40 cm) och passar d\u00e4rf\u00f6r m\u00e5nga typer av kl\u00e4der. &#8211; Tillverkade av f\u00f6rkromad metalltr\u00e5d, dessa h\u00e4ngare \u00e4r rostbest\u00e4ndiga och robusta. &#8211; Tack vare de justerbara kl\u00e4mmorna passar alla kl\u00e4der i olika storlekar f\u00f6r hela familjen p\u00e5 dessa h\u00e4ngare. &#8211; Tack vare den 360\u00b0 vridbara kroken kan du enkelt v\u00e4nda dina kl\u00e4der om du har h\u00e4ngt upp dem fel. Produktdetaljer:- F\u00e4rg: Ros\u00e9guld &#8211; Material: Metall &#8211; Storlek: 40 x 0,5 x 10,5 cm (L x B x H) &#8211; Vikt per galge: 0,7 kg &#8211; Max. statisk belastningskapacitet per galge: 3 kg Leveransomfattning: -10 x byxgalgar av metall SONGMICS Anm\u00e4rkningar: &#8211; Den maximala belastningskapaciteten per galge \u00e4r 3 kg. \u00d6verskrid inte denna maximala vikt. &#8211; Anv\u00e4nd inte dessa kl\u00e4dh\u00e4ngare i torktumlare eller tv\u00e4ttmaskin.<\/p>\n","protected":false},"excerpt":{"rendered":"<p>SONGMICS byxh\u00e4ngare i metall, kl\u00e4dh\u00e4ngare f\u00f6r byxor, kjolar, strumpor, 10-pack, 40 cm l\u00e5ng, halkfri, rostbest\u00e4ndig, med justerbara kl\u00e4mmor, f\u00f6rkromad krok som kan vridas 360\u00b0, ros\u00e9guld CRI47R10<\/p>\n","protected":false},"featured_media":39388,"comment_status":"open","ping_status":"closed","template":"","meta":[],"product_brand":[],"product_cat":[33],"product_tag":[],"class_list":{"0":"post-10848","1":"product","2":"type-product","3":"status-publish","4":"has-post-thumbnail","6":"product_cat-okategoriserad","8":"first","9":"instock","10":"shipping-taxable","11":"purchasable","12":"product-type-simple"},"_links":{"self":[{"href":"https:\/\/nordicmart.andreevmaster.com\/sv\/wp-json\/wp\/v2\/product\/10848","targetHints":{"allow":["GET"]}}],"collection":[{"href":"https:\/\/nordicmart.andreevmaster.com\/sv\/wp-json\/wp\/v2\/product"}],"about":[{"href":"https:\/\/nordicmart.andreevmaster.com\/sv\/wp-json\/wp\/v2\/types\/product"}],"replies":[{"embeddable":true,"href":"https:\/\/nordicmart.andreevmaster.com\/sv\/wp-json\/wp\/v2\/comments?post=10848"}],"wp:featuredmedia":[{"embeddable":true,"href":"https:\/\/nordicmart.andreevmaster.com\/sv\/wp-json\/wp\/v2\/media\/39388"}],"wp:attachment":[{"href":"https:\/\/nordicmart.andreevmaster.com\/sv\/wp-json\/wp\/v2\/media?parent=10848"}],"wp:term":[{"taxonomy":"product_brand","embeddable":true,"href":"https:\/\/nordicmart.andreevmaster.com\/sv\/wp-json\/wp\/v2\/product_brand?post=10848"},{"taxonomy":"product_cat","embeddable":true,"href":"https:\/\/nordicmart.andreevmaster.com\/sv\/wp-json\/wp\/v2\/product_cat?post=10848"},{"taxonomy":"product_tag","embeddable":true,"href":"https:\/\/nordicmart.andreevmaster.com\/sv\/wp-json\/wp\/v2\/product_tag?post=10848"}],"curies":[{"name":"wp","href":"https:\/\/api.w.org\/{rel}","templated":true}]}}