{"id":10847,"date":"2026-02-27T00:08:32","date_gmt":"2026-02-27T00:08:32","guid":{"rendered":"https:\/\/nordicmart.andreevmaster.com\/product\/songmics-klambygel-10-st-roseguld\/"},"modified":"2026-02-27T08:03:57","modified_gmt":"2026-02-27T08:03:57","slug":"songmics-klambygel-10-st-roseguld","status":"publish","type":"product","link":"https:\/\/nordicmart.andreevmaster.com\/sv\/produkt\/songmics-klambygel-10-st-roseguld\/","title":{"rendered":"SONGMICS kl\u00e4mbygel 10 st ros\u00e9guld"},"content":{"rendered":"<p>Varf\u00f6r ska du v\u00e4lja kl\u00e4dh\u00e4ngare fr\u00e5n SONGMICS? Den gl\u00e4nsande ytan i ros\u00e9guld och den enkla designen d\u00f6ljer en helt ny Utvalt material, robust och h\u00e5llbart; f\u00f6rkromad yta, motst\u00e5ndskraftig mot rost och blekning L\u00e4mplig f\u00f6r upph\u00e4ngning av b\u00e5de torra och fuktiga kl\u00e4der Produktdetaljer: F\u00e4rg: Ros\u00e9guld Material: J\u00e4rntr\u00e5d, krombel\u00e4ggning Storlek: 31 x 0,5 x 10,5 cm (L x B x H) Vikt per galge: 0,68 kg Max. b\u00e4rf\u00f6rm\u00e5ga per galge: 3 kg Leveransomfattning: 10 x byxgalgar i ros\u00e9guld SONGMICS Anm\u00e4rkningar: \u00d6verskrid inte den maximala b\u00e4rf\u00f6rm\u00e5gan p\u00e5 3 kg per galge.Ta bort galgarna innan du tv\u00e4ttar eller torkar dina kl\u00e4der.<\/p>\n","protected":false},"excerpt":{"rendered":"<p>SONGMICS byxh\u00e4ngare metallkl\u00e4dh\u00e4ngare ros\u00e9guld, 31 cm, 2 halkfria kl\u00e4mmor f\u00f6r kjolar, byxor, underkl\u00e4der, stabila h\u00e4ngare, platsbesparande, rostfria, 360\u00b0 vridbara, 10 stycken CRI46R-10<\/p>\n","protected":false},"featured_media":39387,"comment_status":"open","ping_status":"closed","template":"","meta":[],"product_brand":[],"product_cat":[33],"product_tag":[],"class_list":{"0":"post-10847","1":"product","2":"type-product","3":"status-publish","4":"has-post-thumbnail","6":"product_cat-okategoriserad","8":"first","9":"instock","10":"shipping-taxable","11":"purchasable","12":"product-type-simple"},"_links":{"self":[{"href":"https:\/\/nordicmart.andreevmaster.com\/sv\/wp-json\/wp\/v2\/product\/10847","targetHints":{"allow":["GET"]}}],"collection":[{"href":"https:\/\/nordicmart.andreevmaster.com\/sv\/wp-json\/wp\/v2\/product"}],"about":[{"href":"https:\/\/nordicmart.andreevmaster.com\/sv\/wp-json\/wp\/v2\/types\/product"}],"replies":[{"embeddable":true,"href":"https:\/\/nordicmart.andreevmaster.com\/sv\/wp-json\/wp\/v2\/comments?post=10847"}],"wp:featuredmedia":[{"embeddable":true,"href":"https:\/\/nordicmart.andreevmaster.com\/sv\/wp-json\/wp\/v2\/media\/39387"}],"wp:attachment":[{"href":"https:\/\/nordicmart.andreevmaster.com\/sv\/wp-json\/wp\/v2\/media?parent=10847"}],"wp:term":[{"taxonomy":"product_brand","embeddable":true,"href":"https:\/\/nordicmart.andreevmaster.com\/sv\/wp-json\/wp\/v2\/product_brand?post=10847"},{"taxonomy":"product_cat","embeddable":true,"href":"https:\/\/nordicmart.andreevmaster.com\/sv\/wp-json\/wp\/v2\/product_cat?post=10847"},{"taxonomy":"product_tag","embeddable":true,"href":"https:\/\/nordicmart.andreevmaster.com\/sv\/wp-json\/wp\/v2\/product_tag?post=10847"}],"curies":[{"name":"wp","href":"https:\/\/api.w.org\/{rel}","templated":true}]}}