{"id":10846,"date":"2026-02-27T00:08:32","date_gmt":"2026-02-27T00:08:32","guid":{"rendered":"https:\/\/nordicmart.andreevmaster.com\/product\/songmics-kladhangare-med-skara-20-pack\/"},"modified":"2026-02-27T08:03:57","modified_gmt":"2026-02-27T08:03:57","slug":"songmics-kladhangare-med-skara-20-pack","status":"publish","type":"product","link":"https:\/\/nordicmart.andreevmaster.com\/sv\/produkt\/songmics-kladhangare-med-skara-20-pack\/","title":{"rendered":"SONGMICS kl\u00e4dh\u00e4ngare med sk\u00e5ra, 20-pack"},"content":{"rendered":"<p>SONGMICS kl\u00e4dh\u00e4ngare f\u00f6r barn i ros\u00e9guld, stabila h\u00e4ngare av metalltr\u00e5d, f\u00f6r babykl\u00e4der, garderob Irriterar du dig ocks\u00e5 \u00f6ver kl\u00e4der som ligger utspridda \u00f6ver hela barnrummet? Vill du hitta r\u00e4tt kl\u00e4dh\u00e4ngare f\u00f6r dina barns kl\u00e4der? SONGMICS metallkl\u00e4dh\u00e4ngare i ros\u00e9guld \u2013 en idealisk l\u00f6sning! Med dessa s\u00f6ta kl\u00e4dh\u00e4ngare kan du ordna dina barns kl\u00e4der p\u00e5 nolltid. Den tilltalande f\u00e4rgen ros\u00e9guld ger dessutom din garderob en touch av elegans.Dessa metallgalgar \u00e4r l\u00e4mpliga f\u00f6r att h\u00e4nga upp olika kl\u00e4der, fr\u00e5n sm\u00e5 jackor och T-shirts till kjolar, byxor etc. Galgarna \u00e4r bara 0,5 cm tjocka och tar liten plats, vilket sparar mycket f\u00f6rvaringsutrymme i garderoben. SONGMICS galgar f\u00f6r barn i ros\u00e9guld Varf\u00f6r ska du v\u00e4lja galgar fr\u00e5n SONGMICS?Den gl\u00e4nsande ytan i ros\u00e9guld och den enkla designen erbjuder en helt ny, stilfull f\u00f6rvaringsm\u00f6jlighet f\u00f6r dina barns kl\u00e4der! Utvalt material, robust och h\u00e5llbart; f\u00f6rkromad yta, rost- och blekningsbest\u00e4ndig L\u00e4mplig f\u00f6r upph\u00e4ngning av b\u00e5de torra och fuktiga kl\u00e4desplagg Noggrant utformade krokar med rundade \u00e4ndar Produktdetaljer:F\u00e4rg: Ros\u00e9guld Material: J\u00e4rntr\u00e5d, krombel\u00e4ggning Storlek: 35 x 0,5 x 19 cm (L x B x H) Vikt per galge: 0,85 kg Max. b\u00e4rf\u00f6rm\u00e5ga per galge: 2,5 kg Leveransomfattning: 20 x galgar i ros\u00e9guld SONGMICS Anm\u00e4rkningar:\u00d6verskrid inte den maximala b\u00e4rf\u00f6rm\u00e5gan p\u00e5 2,5 kg per galge. Ta bort galgarna innan du tv\u00e4ttar eller torkar dina kl\u00e4der.<\/p>\n","protected":false},"excerpt":{"rendered":"<p>SONGMICS kl\u00e4dh\u00e4ngare barn\/baby ros\u00e9guld metall, 35 cm, stabila h\u00e4ngare av metalltr\u00e5d, f\u00f6r babykl\u00e4der, garderob, platsbesparande, med sk\u00e5ra mot, 20 stycken CRI45R-20<\/p>\n","protected":false},"featured_media":39386,"comment_status":"open","ping_status":"closed","template":"","meta":[],"product_brand":[],"product_cat":[33],"product_tag":[],"class_list":{"0":"post-10846","1":"product","2":"type-product","3":"status-publish","4":"has-post-thumbnail","6":"product_cat-okategoriserad","8":"first","9":"instock","10":"shipping-taxable","11":"purchasable","12":"product-type-simple"},"_links":{"self":[{"href":"https:\/\/nordicmart.andreevmaster.com\/sv\/wp-json\/wp\/v2\/product\/10846","targetHints":{"allow":["GET"]}}],"collection":[{"href":"https:\/\/nordicmart.andreevmaster.com\/sv\/wp-json\/wp\/v2\/product"}],"about":[{"href":"https:\/\/nordicmart.andreevmaster.com\/sv\/wp-json\/wp\/v2\/types\/product"}],"replies":[{"embeddable":true,"href":"https:\/\/nordicmart.andreevmaster.com\/sv\/wp-json\/wp\/v2\/comments?post=10846"}],"wp:featuredmedia":[{"embeddable":true,"href":"https:\/\/nordicmart.andreevmaster.com\/sv\/wp-json\/wp\/v2\/media\/39386"}],"wp:attachment":[{"href":"https:\/\/nordicmart.andreevmaster.com\/sv\/wp-json\/wp\/v2\/media?parent=10846"}],"wp:term":[{"taxonomy":"product_brand","embeddable":true,"href":"https:\/\/nordicmart.andreevmaster.com\/sv\/wp-json\/wp\/v2\/product_brand?post=10846"},{"taxonomy":"product_cat","embeddable":true,"href":"https:\/\/nordicmart.andreevmaster.com\/sv\/wp-json\/wp\/v2\/product_cat?post=10846"},{"taxonomy":"product_tag","embeddable":true,"href":"https:\/\/nordicmart.andreevmaster.com\/sv\/wp-json\/wp\/v2\/product_tag?post=10846"}],"curies":[{"name":"wp","href":"https:\/\/api.w.org\/{rel}","templated":true}]}}