{"id":10845,"date":"2026-02-27T00:08:32","date_gmt":"2026-02-27T00:08:32","guid":{"rendered":"https:\/\/nordicmart.andreevmaster.com\/product\/songmics-kladhangare-forkromade-20-pack\/"},"modified":"2026-02-27T08:03:57","modified_gmt":"2026-02-27T08:03:57","slug":"songmics-kladhangare-forkromade-20-pack","status":"publish","type":"product","link":"https:\/\/nordicmart.andreevmaster.com\/sv\/produkt\/songmics-kladhangare-forkromade-20-pack\/","title":{"rendered":"SONGMICS kl\u00e4dh\u00e4ngare, f\u00f6rkromade, 20-pack"},"content":{"rendered":"<p>Denna kl\u00e4dh\u00e4ngare i skandinavisk stil och romantisk ros\u00e9guldf\u00e4rg ger dig en utm\u00e4rkt f\u00f6rvaringsupplevelse. Produktdetaljer: &#8211; F\u00e4rg: ros\u00e9guld &#8211; Material: f\u00f6rkromad metall &#8211; M\u00e5tt: 42 x 0,3 x 21 cm (L x B x H) (varje stycke) &#8211; Vikt: 1,28 kg (20 stycken) &#8211; Anv\u00e4ndningsomr\u00e5de: inomhus och utomhus Leveransomfattning: &#8211; 20 x kl\u00e4dh\u00e4ngare i ros\u00e9guld SONGMICS Anm\u00e4rkningar: &#8211; Undvik att f\u00f6rvara kl\u00e4dh\u00e4ngarna under l\u00e5ng tid i rum med h\u00f6g temperatur. &#8211; Anv\u00e4nd en l\u00e4tt fuktad trasa vid reng\u00f6ring.<\/p>\n","protected":false},"excerpt":{"rendered":"<p>SONGMICS 10 x kl\u00e4dh\u00e4ngare i metall, ros\u00e9guld, elegant f\u00f6rkromad, rostbest\u00e4ndig, platsbesparande, 42 cm l\u00e5ng CRI44R-10, 10-pack<\/p>\n","protected":false},"featured_media":39385,"comment_status":"open","ping_status":"closed","template":"","meta":[],"product_brand":[],"product_cat":[33],"product_tag":[],"class_list":{"0":"post-10845","1":"product","2":"type-product","3":"status-publish","4":"has-post-thumbnail","6":"product_cat-okategoriserad","8":"first","9":"instock","10":"shipping-taxable","11":"purchasable","12":"product-type-simple"},"_links":{"self":[{"href":"https:\/\/nordicmart.andreevmaster.com\/sv\/wp-json\/wp\/v2\/product\/10845","targetHints":{"allow":["GET"]}}],"collection":[{"href":"https:\/\/nordicmart.andreevmaster.com\/sv\/wp-json\/wp\/v2\/product"}],"about":[{"href":"https:\/\/nordicmart.andreevmaster.com\/sv\/wp-json\/wp\/v2\/types\/product"}],"replies":[{"embeddable":true,"href":"https:\/\/nordicmart.andreevmaster.com\/sv\/wp-json\/wp\/v2\/comments?post=10845"}],"wp:featuredmedia":[{"embeddable":true,"href":"https:\/\/nordicmart.andreevmaster.com\/sv\/wp-json\/wp\/v2\/media\/39385"}],"wp:attachment":[{"href":"https:\/\/nordicmart.andreevmaster.com\/sv\/wp-json\/wp\/v2\/media?parent=10845"}],"wp:term":[{"taxonomy":"product_brand","embeddable":true,"href":"https:\/\/nordicmart.andreevmaster.com\/sv\/wp-json\/wp\/v2\/product_brand?post=10845"},{"taxonomy":"product_cat","embeddable":true,"href":"https:\/\/nordicmart.andreevmaster.com\/sv\/wp-json\/wp\/v2\/product_cat?post=10845"},{"taxonomy":"product_tag","embeddable":true,"href":"https:\/\/nordicmart.andreevmaster.com\/sv\/wp-json\/wp\/v2\/product_tag?post=10845"}],"curies":[{"name":"wp","href":"https:\/\/api.w.org\/{rel}","templated":true}]}}