{"id":10843,"date":"2026-02-27T00:08:32","date_gmt":"2026-02-27T00:08:32","guid":{"rendered":"https:\/\/nordicmart.andreevmaster.com\/product\/songmics-kladhangare-i-metall-20-pack\/"},"modified":"2026-02-27T08:03:57","modified_gmt":"2026-02-27T08:03:57","slug":"songmics-kladhangare-i-metall-20-pack","status":"publish","type":"product","link":"https:\/\/nordicmart.andreevmaster.com\/sv\/produkt\/songmics-kladhangare-i-metall-20-pack\/","title":{"rendered":"SONGMICS kl\u00e4dh\u00e4ngare i metall, 20-pack"},"content":{"rendered":"<p>Perfekt kombination av flexibilitet, stabilitet och multifunktionalitet<\/p>\n<p>Om du inte l\u00e4ngre vill anv\u00e4nda instabila kl\u00e4dh\u00e4ngare \u00e4r det dags f\u00f6r detta praktiska alternativ fr\u00e5n SONGMICS. Setet med 20 stycken \u00e4r tillverkat av robust j\u00e4rntr\u00e5d och varje h\u00e4ngare t\u00e5l en belastning p\u00e5 upp till 5 kg.<\/p>\n<p>Men det \u00e4r inte de enda f\u00f6rdelarna med dessa stilfulla kl\u00e4dh\u00e4ngare. H\u00e4r kommer \u00e4nnu fler:<\/p>\n<p>Den vita PVC-bel\u00e4ggningen p\u00e5 kl\u00e4dh\u00e4ngarna f\u00f6rhindrar att dina blusar hela tiden glider ner p\u00e5 golvet.<br \/>\nDe b\u00f6jda axlarna p\u00e5 galgarna f\u00f6rhindrar att dina kostymer, skjortor eller kavajer blir skrynkliga eller f\u00e5r bucklor.<br \/>\nDe praktiska sk\u00e5rorna h\u00e5ller kl\u00e4nningar eller toppar p\u00e5 plats.<br \/>\nTack vare de f\u00f6rkromade, 360\u00b0 vridbara krokarna kan du enkelt betrakta dina kl\u00e4der fr\u00e5n alla h\u00e5ll och h\u00e4nga dem p\u00e5 alla typer av kl\u00e4dst\u00e4nger.<br \/>\nTack vare den rostbest\u00e4ndiga bel\u00e4ggningen kan du h\u00e4nga b\u00e5de torra och v\u00e5ta kl\u00e4der p\u00e5 galgarna.<br \/>\nProduktdetaljer: F\u00e4rg: Vit<br \/>\nMaterial: J\u00e4rntr\u00e5d med PVC-bel\u00e4ggning, f\u00f6rkromad krok<br \/>\nStorlek per galge: 42,5 x 0,4 x 20,5 cm (L x B x H)<br \/>\nTotalvikt: 1,35 kg<br \/>\nMax. statisk belastningskapacitet per galge: 3 kg<\/p>\n<p>Leveransomfattning:<br \/>\n20 x kl\u00e4dh\u00e4ngare<\/p>\n<p>SONGMICS Anm\u00e4rkningar:<br \/>\nH\u00e5ll kl\u00e4dh\u00e4ngarna borta fr\u00e5n h\u00f6ga temperaturer.<br \/>\nAnv\u00e4nd inte dessa kl\u00e4dh\u00e4ngare i torktumlare eller tv\u00e4ttmaskin.<\/p>\n","protected":false},"excerpt":{"rendered":"<p>SONGMICS kl\u00e4dh\u00e4ngare, 20 stycken, jackh\u00e4ngare av metall, tunna och halkfria, \u00d8 4 mm Platssparande 360\u00b0 vridbar krok, svart CRI33B-20<\/p>\n","protected":false},"featured_media":39383,"comment_status":"open","ping_status":"closed","template":"","meta":[],"product_brand":[],"product_cat":[33],"product_tag":[],"class_list":{"0":"post-10843","1":"product","2":"type-product","3":"status-publish","4":"has-post-thumbnail","6":"product_cat-okategoriserad","8":"first","9":"instock","10":"shipping-taxable","11":"purchasable","12":"product-type-simple"},"_links":{"self":[{"href":"https:\/\/nordicmart.andreevmaster.com\/sv\/wp-json\/wp\/v2\/product\/10843","targetHints":{"allow":["GET"]}}],"collection":[{"href":"https:\/\/nordicmart.andreevmaster.com\/sv\/wp-json\/wp\/v2\/product"}],"about":[{"href":"https:\/\/nordicmart.andreevmaster.com\/sv\/wp-json\/wp\/v2\/types\/product"}],"replies":[{"embeddable":true,"href":"https:\/\/nordicmart.andreevmaster.com\/sv\/wp-json\/wp\/v2\/comments?post=10843"}],"wp:featuredmedia":[{"embeddable":true,"href":"https:\/\/nordicmart.andreevmaster.com\/sv\/wp-json\/wp\/v2\/media\/39383"}],"wp:attachment":[{"href":"https:\/\/nordicmart.andreevmaster.com\/sv\/wp-json\/wp\/v2\/media?parent=10843"}],"wp:term":[{"taxonomy":"product_brand","embeddable":true,"href":"https:\/\/nordicmart.andreevmaster.com\/sv\/wp-json\/wp\/v2\/product_brand?post=10843"},{"taxonomy":"product_cat","embeddable":true,"href":"https:\/\/nordicmart.andreevmaster.com\/sv\/wp-json\/wp\/v2\/product_cat?post=10843"},{"taxonomy":"product_tag","embeddable":true,"href":"https:\/\/nordicmart.andreevmaster.com\/sv\/wp-json\/wp\/v2\/product_tag?post=10843"}],"curies":[{"name":"wp","href":"https:\/\/api.w.org\/{rel}","templated":true}]}}