{"id":10842,"date":"2026-02-27T00:08:31","date_gmt":"2026-02-27T00:08:31","guid":{"rendered":"https:\/\/nordicmart.andreevmaster.com\/product\/songmics-kladhangare-av-metall-04-cm-tjocka\/"},"modified":"2026-02-27T08:03:56","modified_gmt":"2026-02-27T08:03:56","slug":"songmics-kladhangare-av-metall-04-cm-tjocka","status":"publish","type":"product","link":"https:\/\/nordicmart.andreevmaster.com\/sv\/produkt\/songmics-kladhangare-av-metall-04-cm-tjocka\/","title":{"rendered":"SONGMICS kl\u00e4dh\u00e4ngare av metall, 0,4 cm tjocka"},"content":{"rendered":"<p>Perfekt kombination av flexibilitet, stabilitet och multifunktionalitet Om du inte l\u00e4ngre vill anv\u00e4nda instabila kl\u00e4dh\u00e4ngare \u00e4r det dags f\u00f6r detta praktiska alternativ fr\u00e5n SONGMICS. Setet med 20 stycken \u00e4r tillverkat av robust j\u00e4rntr\u00e5d och varje h\u00e4ngare t\u00e5l en belastning p\u00e5 upp till 3 kg. Men det \u00e4r inte de enda f\u00f6rdelarna med dessa eleganta kl\u00e4dh\u00e4ngare. H\u00e4r kommer \u00e4nnu fler: &#8211; Kl\u00e4dh\u00e4ngarnas gr\u00e5 PVC-bel\u00e4ggning f\u00f6rhindrar att dina blusar hela tiden glider ner p\u00e5 golvet. &#8211; Kl\u00e4dh\u00e4ngarnas b\u00f6jda axlar f\u00f6rhindrar att dina kostymer, skjortor eller kavajer blir skrynkliga eller f\u00e5r bucklor. &#8211; De praktiska sk\u00e5rorna h\u00e5ller kl\u00e4der eller toppar p\u00e5 plats. &#8211; De f\u00f6rkromade, 360\u00b0 vridbara krokarna g\u00f6r att du enkelt kan se dina kl\u00e4der fr\u00e5n alla h\u00e5ll och h\u00e4nga dem p\u00e5 alla typer av kl\u00e4dst\u00e4nger. &#8211; Tack vare den rostbest\u00e4ndiga bel\u00e4ggningen kan du h\u00e4nga b\u00e5de torra och v\u00e5ta kl\u00e4der p\u00e5 galgarna. Produktdetaljer:- F\u00e4rg: Gr\u00e5 &#8211; Material: J\u00e4rntr\u00e5d med PVC-bel\u00e4ggning, f\u00f6rkromad krok &#8211; Storlek per galge: 42,5 x 0,4 x 20,5 cm (L x B x H) &#8211; Totalvikt: 1,35 kg &#8211; Max. statisk belastningskapacitet per galge: 3 kg Leveransomfattning: &#8211; 20 x kl\u00e4dh\u00e4ngare SONGMICS Anvisningar:- H\u00e5ll kl\u00e4dh\u00e4ngarna borta fr\u00e5n h\u00f6ga temperaturer. &#8211; Anv\u00e4nd inte dessa kl\u00e4dh\u00e4ngare i torktumlare eller tv\u00e4ttmaskin.<\/p>\n","protected":false},"excerpt":{"rendered":"<p>SONGMICS kl\u00e4dh\u00e4ngare, 20 stycken, jackh\u00e4ngare av metall, tunna och halkfria, \u00d8 4 mm Platssparande 360\u00b0 vridbar krok, svart CRI33B-20<\/p>\n","protected":false},"featured_media":39382,"comment_status":"open","ping_status":"closed","template":"","meta":[],"product_brand":[],"product_cat":[33],"product_tag":[],"class_list":{"0":"post-10842","1":"product","2":"type-product","3":"status-publish","4":"has-post-thumbnail","6":"product_cat-okategoriserad","8":"first","9":"instock","10":"shipping-taxable","11":"purchasable","12":"product-type-simple"},"_links":{"self":[{"href":"https:\/\/nordicmart.andreevmaster.com\/sv\/wp-json\/wp\/v2\/product\/10842","targetHints":{"allow":["GET"]}}],"collection":[{"href":"https:\/\/nordicmart.andreevmaster.com\/sv\/wp-json\/wp\/v2\/product"}],"about":[{"href":"https:\/\/nordicmart.andreevmaster.com\/sv\/wp-json\/wp\/v2\/types\/product"}],"replies":[{"embeddable":true,"href":"https:\/\/nordicmart.andreevmaster.com\/sv\/wp-json\/wp\/v2\/comments?post=10842"}],"wp:featuredmedia":[{"embeddable":true,"href":"https:\/\/nordicmart.andreevmaster.com\/sv\/wp-json\/wp\/v2\/media\/39382"}],"wp:attachment":[{"href":"https:\/\/nordicmart.andreevmaster.com\/sv\/wp-json\/wp\/v2\/media?parent=10842"}],"wp:term":[{"taxonomy":"product_brand","embeddable":true,"href":"https:\/\/nordicmart.andreevmaster.com\/sv\/wp-json\/wp\/v2\/product_brand?post=10842"},{"taxonomy":"product_cat","embeddable":true,"href":"https:\/\/nordicmart.andreevmaster.com\/sv\/wp-json\/wp\/v2\/product_cat?post=10842"},{"taxonomy":"product_tag","embeddable":true,"href":"https:\/\/nordicmart.andreevmaster.com\/sv\/wp-json\/wp\/v2\/product_tag?post=10842"}],"curies":[{"name":"wp","href":"https:\/\/api.w.org\/{rel}","templated":true}]}}