{"id":10841,"date":"2026-02-27T00:08:31","date_gmt":"2026-02-27T00:08:31","guid":{"rendered":"https:\/\/nordicmart.andreevmaster.com\/product\/songmics-tradhangare-20-stycken-svarta\/"},"modified":"2026-02-27T08:03:56","modified_gmt":"2026-02-27T08:03:56","slug":"songmics-tradhangare-20-stycken-svarta","status":"publish","type":"product","link":"https:\/\/nordicmart.andreevmaster.com\/sv\/produkt\/songmics-tradhangare-20-stycken-svarta\/","title":{"rendered":"SONGMICS tr\u00e5dh\u00e4ngare 20 stycken svarta"},"content":{"rendered":"<p>Skuldraformade h\u00e4ngare av metall med svart bel\u00e4ggning och elegant design, inkl. 2 sk\u00e5ror, ger dig tillr\u00e4ckligt med h\u00e4ngm\u00f6jligheter f\u00f6r skjortor, T-shirts, kl\u00e4nningar, linne eller byxor och uppfyller dina dagliga behov p\u00e5 b\u00e4sta s\u00e4tt. Songmics kl\u00e4dh\u00e4ngare \u00e4r tillverkade av \u00f8 3 mm tr\u00e5d med PVC-bel\u00e4ggning och har d\u00e4rf\u00f6r l\u00e4ngre livsl\u00e4ngd \u00e4n kl\u00e4dh\u00e4ngare av \u00f8 2 mm tr\u00e5d. Med dessa smala och elegant formade kl\u00e4dh\u00e4ngare fr\u00e5n Songmics f\u00e5r du \u00e4nnu mer plats i din garderob.Produktdetaljer: M\u00e5tt: 42,5 x 20,5 x 0,4 cm (B x H x D) F\u00e4rg: svart Material: f\u00f6rkromad metall + PVC-bel\u00e4ggning Belastningskapacitet per galge: 3 kg Vikt (20 x): 1,35 kg Bruttovikt: 1,7 kg Leveransomfattning: 20 x kl\u00e4dh\u00e4ngare Anvisningar:Undvik att h\u00e4ngarna ligger l\u00e4nge i rum med h\u00f6g temperatur. Anv\u00e4nd en l\u00e4tt fuktad trasa vid reng\u00f6ring.<\/p>\n","protected":false},"excerpt":{"rendered":"<p>SONGMICS kl\u00e4dh\u00e4ngare, 20 stycken, jackh\u00e4ngare av metall, tunna och halkfria, \u00d8 4 mm Platssparande 360\u00b0 vridbar krok, svart CRI33B-20<\/p>\n","protected":false},"featured_media":39381,"comment_status":"open","ping_status":"closed","template":"","meta":[],"product_brand":[],"product_cat":[33],"product_tag":[],"class_list":{"0":"post-10841","1":"product","2":"type-product","3":"status-publish","4":"has-post-thumbnail","6":"product_cat-okategoriserad","8":"first","9":"instock","10":"shipping-taxable","11":"purchasable","12":"product-type-simple"},"_links":{"self":[{"href":"https:\/\/nordicmart.andreevmaster.com\/sv\/wp-json\/wp\/v2\/product\/10841","targetHints":{"allow":["GET"]}}],"collection":[{"href":"https:\/\/nordicmart.andreevmaster.com\/sv\/wp-json\/wp\/v2\/product"}],"about":[{"href":"https:\/\/nordicmart.andreevmaster.com\/sv\/wp-json\/wp\/v2\/types\/product"}],"replies":[{"embeddable":true,"href":"https:\/\/nordicmart.andreevmaster.com\/sv\/wp-json\/wp\/v2\/comments?post=10841"}],"wp:featuredmedia":[{"embeddable":true,"href":"https:\/\/nordicmart.andreevmaster.com\/sv\/wp-json\/wp\/v2\/media\/39381"}],"wp:attachment":[{"href":"https:\/\/nordicmart.andreevmaster.com\/sv\/wp-json\/wp\/v2\/media?parent=10841"}],"wp:term":[{"taxonomy":"product_brand","embeddable":true,"href":"https:\/\/nordicmart.andreevmaster.com\/sv\/wp-json\/wp\/v2\/product_brand?post=10841"},{"taxonomy":"product_cat","embeddable":true,"href":"https:\/\/nordicmart.andreevmaster.com\/sv\/wp-json\/wp\/v2\/product_cat?post=10841"},{"taxonomy":"product_tag","embeddable":true,"href":"https:\/\/nordicmart.andreevmaster.com\/sv\/wp-json\/wp\/v2\/product_tag?post=10841"}],"curies":[{"name":"wp","href":"https:\/\/api.w.org\/{rel}","templated":true}]}}