{"id":10840,"date":"2026-02-27T00:08:31","date_gmt":"2026-02-27T00:08:31","guid":{"rendered":"https:\/\/nordicmart.andreevmaster.com\/product\/songmics-hangare-for-scarves-och-sjalar-svart\/"},"modified":"2026-02-27T08:03:56","modified_gmt":"2026-02-27T08:03:56","slug":"songmics-hangare-for-scarves-och-sjalar-svart","status":"publish","type":"product","link":"https:\/\/nordicmart.andreevmaster.com\/sv\/produkt\/songmics-hangare-for-scarves-och-sjalar-svart\/","title":{"rendered":"SONGMICS h\u00e4ngare f\u00f6r scarves och sjalar Svart"},"content":{"rendered":"<p>SONGMICS Scarfh\u00e4ngare Scarfh\u00e4ngare i metall med halkfri yta 12 \u00f6glor Kl\u00e4dh\u00e4ngare f\u00f6r scarves, sjalar, b\u00e4lten, slipsar F\u00f6rkromad krok Gl\u00e4nsande, rostfri och robust. Platssparande Tack vare h\u00e4ngarens kompakta m\u00e5tt kan du utnyttja utrymmet i din garderob fullt ut.Halkfri design H\u00e4ngaren \u00e4r belagd med PVC-plast, vilket f\u00f6rhindrar att sjalarna faller ner och inte l\u00e4mnar n\u00e5gra m\u00e4rken. Skick: Ny och originalf\u00f6rpackad Beskrivning:Praktisk halsduks- och scarfh\u00e5llare f\u00f6r ordning och \u00f6versikt i garderoben. Med 12 h\u00e5l f\u00f6r scarves, halsdukar, slipsar, b\u00e4lten, strumpor och mycket mer. Tillverkad av st\u00e5l med plastbel\u00e4ggning, halkfri och deformeras inte. Tack vare den avgradade och sl\u00e4ta ytan fastnar inte tyget. Leveransomfattning: 1 x halsduks- och scarfh\u00e5llare<\/p>\n","protected":false},"excerpt":{"rendered":"<p>SONGMICS Scarf Hanger Scarf Holder Metal Scarf and Shawl Holder with Non-Slip Surface 12 Loops, Dimensions: 42 x 25 cm Rings \u00f8 7.5 cm Hanger for Scarves, Ties, Black CRI22B<\/p>\n","protected":false},"featured_media":39380,"comment_status":"open","ping_status":"closed","template":"","meta":[],"product_brand":[],"product_cat":[33],"product_tag":[],"class_list":{"0":"post-10840","1":"product","2":"type-product","3":"status-publish","4":"has-post-thumbnail","6":"product_cat-okategoriserad","8":"first","9":"instock","10":"shipping-taxable","11":"purchasable","12":"product-type-simple"},"_links":{"self":[{"href":"https:\/\/nordicmart.andreevmaster.com\/sv\/wp-json\/wp\/v2\/product\/10840","targetHints":{"allow":["GET"]}}],"collection":[{"href":"https:\/\/nordicmart.andreevmaster.com\/sv\/wp-json\/wp\/v2\/product"}],"about":[{"href":"https:\/\/nordicmart.andreevmaster.com\/sv\/wp-json\/wp\/v2\/types\/product"}],"replies":[{"embeddable":true,"href":"https:\/\/nordicmart.andreevmaster.com\/sv\/wp-json\/wp\/v2\/comments?post=10840"}],"wp:featuredmedia":[{"embeddable":true,"href":"https:\/\/nordicmart.andreevmaster.com\/sv\/wp-json\/wp\/v2\/media\/39380"}],"wp:attachment":[{"href":"https:\/\/nordicmart.andreevmaster.com\/sv\/wp-json\/wp\/v2\/media?parent=10840"}],"wp:term":[{"taxonomy":"product_brand","embeddable":true,"href":"https:\/\/nordicmart.andreevmaster.com\/sv\/wp-json\/wp\/v2\/product_brand?post=10840"},{"taxonomy":"product_cat","embeddable":true,"href":"https:\/\/nordicmart.andreevmaster.com\/sv\/wp-json\/wp\/v2\/product_cat?post=10840"},{"taxonomy":"product_tag","embeddable":true,"href":"https:\/\/nordicmart.andreevmaster.com\/sv\/wp-json\/wp\/v2\/product_tag?post=10840"}],"curies":[{"name":"wp","href":"https:\/\/api.w.org\/{rel}","templated":true}]}}