{"id":10838,"date":"2026-02-27T00:08:31","date_gmt":"2026-02-27T00:08:31","guid":{"rendered":"https:\/\/nordicmart.andreevmaster.com\/product\/songmics-byxhangare-i-metall-20-st-gra\/"},"modified":"2026-02-27T08:03:56","modified_gmt":"2026-02-27T08:03:56","slug":"songmics-byxhangare-i-metall-20-st-gra","status":"publish","type":"product","link":"https:\/\/nordicmart.andreevmaster.com\/sv\/produkt\/songmics-byxhangare-i-metall-20-st-gra\/","title":{"rendered":"SONGMICS byxh\u00e4ngare i metall 20 st gr\u00e5"},"content":{"rendered":"<p>Vilka praktiska f\u00f6rdelar har dessa byxh\u00e4ngare? Dessa h\u00e4ngare \u00e4r tillverkade av 3,4 mm metalltr\u00e5d och \u00e4r tunna och utrymmesbesparande. H\u00e4ngarna \u00e4r t\u00e5liga och klarar vikter upp till 3 kg. Du kan h\u00e4nga olika kl\u00e4desplagg som byxor, kjolar och babykl\u00e4der p\u00e5 dessa h\u00e4ngare.Kl\u00e4mmorna kan flyttas upp till ett maximalt avst\u00e5nd p\u00e5 40 cm och passar kl\u00e4der i olika storlekar. De PVC-belagda kl\u00e4mmorna f\u00f6rhindrar att dina kl\u00e4der glider ner. Den f\u00f6rkromade ytan \u00e4r stilren och rostfri. Kroken kan vridas 360\u00b0. Produktdetaljer:F\u00e4rg: Silvergr\u00e5 Material: F\u00f6rkromat j\u00e4rn, PVC-bel\u00e4ggning Storlek per galge: 40 x 2,4 x 10,5 cm (L x B x H) Vikt per galge: 60 g Max. statisk belastningskapacitet per galge: 3 kg Leveransomfattning: 20 x byxgalgar SONGMICS Anm\u00e4rkningar: Den maximala belastningskapaciteten per galge \u00e4r 3 kg. \u00d6verskrid inte denna maximala vikt. Anv\u00e4nd inte dessa kl\u00e4dh\u00e4ngare i torktumlare eller tv\u00e4ttmaskin.<\/p>\n","protected":false},"excerpt":{"rendered":"<p>SONGMICS 20 x metallbyxh\u00e4ngare kl\u00e4dh\u00e4ngare f\u00f6r byxor strumpor kjolar 40 x 10,5 cm (extra bred) halkskydd \u2013 f\u00f6rkromad CRI006-20<\/p>\n","protected":false},"featured_media":39378,"comment_status":"open","ping_status":"closed","template":"","meta":[],"product_brand":[],"product_cat":[33],"product_tag":[],"class_list":{"0":"post-10838","1":"product","2":"type-product","3":"status-publish","4":"has-post-thumbnail","6":"product_cat-okategoriserad","8":"first","9":"instock","10":"shipping-taxable","11":"purchasable","12":"product-type-simple"},"_links":{"self":[{"href":"https:\/\/nordicmart.andreevmaster.com\/sv\/wp-json\/wp\/v2\/product\/10838","targetHints":{"allow":["GET"]}}],"collection":[{"href":"https:\/\/nordicmart.andreevmaster.com\/sv\/wp-json\/wp\/v2\/product"}],"about":[{"href":"https:\/\/nordicmart.andreevmaster.com\/sv\/wp-json\/wp\/v2\/types\/product"}],"replies":[{"embeddable":true,"href":"https:\/\/nordicmart.andreevmaster.com\/sv\/wp-json\/wp\/v2\/comments?post=10838"}],"wp:featuredmedia":[{"embeddable":true,"href":"https:\/\/nordicmart.andreevmaster.com\/sv\/wp-json\/wp\/v2\/media\/39378"}],"wp:attachment":[{"href":"https:\/\/nordicmart.andreevmaster.com\/sv\/wp-json\/wp\/v2\/media?parent=10838"}],"wp:term":[{"taxonomy":"product_brand","embeddable":true,"href":"https:\/\/nordicmart.andreevmaster.com\/sv\/wp-json\/wp\/v2\/product_brand?post=10838"},{"taxonomy":"product_cat","embeddable":true,"href":"https:\/\/nordicmart.andreevmaster.com\/sv\/wp-json\/wp\/v2\/product_cat?post=10838"},{"taxonomy":"product_tag","embeddable":true,"href":"https:\/\/nordicmart.andreevmaster.com\/sv\/wp-json\/wp\/v2\/product_tag?post=10838"}],"curies":[{"name":"wp","href":"https:\/\/api.w.org\/{rel}","templated":true}]}}