{"id":10837,"date":"2026-02-27T00:08:31","date_gmt":"2026-02-27T00:08:31","guid":{"rendered":"https:\/\/nordicmart.andreevmaster.com\/product\/songmics-oppna-byxhangare-20-stycken-gra\/"},"modified":"2026-02-27T08:03:56","modified_gmt":"2026-02-27T08:03:56","slug":"songmics-oppna-byxhangare-20-stycken-gra","status":"publish","type":"product","link":"https:\/\/nordicmart.andreevmaster.com\/sv\/produkt\/songmics-oppna-byxhangare-20-stycken-gra\/","title":{"rendered":"SONGMICS \u00d6ppna byxh\u00e4ngare 20 stycken Gr\u00e5"},"content":{"rendered":"<p>\u00d6ppen design Den str\u00f6mlinjeformade galgen i ett stycke g\u00f6r att du enkelt kan ta av dig kl\u00e4derna utan att beh\u00f6va ta bort galgen fr\u00e5n st\u00e5ngen.Halkfri och h\u00e5llbar Den belagda byxh\u00e4ngaren \u00e4r upp\u00e5tb\u00f6jd i \u00e4nden f\u00f6r att f\u00f6rhindra att kl\u00e4derna faller ner; f\u00f6rkromad metall och PVC-harts \u00e4r rost- och oxidationsbest\u00e4ndiga. Utrymmesbesparande Med h\u00e4ngarna kan du enkelt organisera dina kl\u00e4der och h\u00e5lla din garderob snygg och ordnad.Produktdetaljer: F\u00e4rg: gr\u00e5 Material: f\u00f6rkromad metall, bel\u00e4ggning av PVC-plast M\u00e5tt: 38 x 14,5 x 0,5 cm (B x H x D) Vikt: 2,25 g Max. belastningskapacitet per kl\u00e4dh\u00e4ngare: 3 kg Leveransomfattning: 20 x metallkl\u00e4dh\u00e4ngare SONGMICS Anm\u00e4rkningar:Anv\u00e4nd inte kl\u00e4dh\u00e4ngarna under l\u00e4ngre tid vid h\u00f6ga temperaturer eller i fuktiga milj\u00f6er.<\/p>\n","protected":false},"excerpt":{"rendered":"<p>SONGMICS byxh\u00e4ngare i metall, 20 stycken, kl\u00e4dh\u00e4ngare f\u00f6r byxor med \u00f6ppen \u00e4nde och halkfri bel\u00e4ggning, platsbesparande, 38 cm bred, gr\u00e5 CRI04G-20<\/p>\n","protected":false},"featured_media":39377,"comment_status":"open","ping_status":"closed","template":"","meta":[],"product_brand":[],"product_cat":[33],"product_tag":[],"class_list":{"0":"post-10837","1":"product","2":"type-product","3":"status-publish","4":"has-post-thumbnail","6":"product_cat-okategoriserad","8":"first","9":"instock","10":"shipping-taxable","11":"purchasable","12":"product-type-simple"},"_links":{"self":[{"href":"https:\/\/nordicmart.andreevmaster.com\/sv\/wp-json\/wp\/v2\/product\/10837","targetHints":{"allow":["GET"]}}],"collection":[{"href":"https:\/\/nordicmart.andreevmaster.com\/sv\/wp-json\/wp\/v2\/product"}],"about":[{"href":"https:\/\/nordicmart.andreevmaster.com\/sv\/wp-json\/wp\/v2\/types\/product"}],"replies":[{"embeddable":true,"href":"https:\/\/nordicmart.andreevmaster.com\/sv\/wp-json\/wp\/v2\/comments?post=10837"}],"wp:featuredmedia":[{"embeddable":true,"href":"https:\/\/nordicmart.andreevmaster.com\/sv\/wp-json\/wp\/v2\/media\/39377"}],"wp:attachment":[{"href":"https:\/\/nordicmart.andreevmaster.com\/sv\/wp-json\/wp\/v2\/media?parent=10837"}],"wp:term":[{"taxonomy":"product_brand","embeddable":true,"href":"https:\/\/nordicmart.andreevmaster.com\/sv\/wp-json\/wp\/v2\/product_brand?post=10837"},{"taxonomy":"product_cat","embeddable":true,"href":"https:\/\/nordicmart.andreevmaster.com\/sv\/wp-json\/wp\/v2\/product_cat?post=10837"},{"taxonomy":"product_tag","embeddable":true,"href":"https:\/\/nordicmart.andreevmaster.com\/sv\/wp-json\/wp\/v2\/product_tag?post=10837"}],"curies":[{"name":"wp","href":"https:\/\/api.w.org\/{rel}","templated":true}]}}