{"id":10836,"date":"2026-02-27T00:08:30","date_gmt":"2026-02-27T00:08:30","guid":{"rendered":"https:\/\/nordicmart.andreevmaster.com\/product\/songmics-kladhangare-i-metall-20-pack-guld\/"},"modified":"2026-02-27T08:03:55","modified_gmt":"2026-02-27T08:03:55","slug":"songmics-kladhangare-i-metall-20-pack-guld","status":"publish","type":"product","link":"https:\/\/nordicmart.andreevmaster.com\/sv\/produkt\/songmics-kladhangare-i-metall-20-pack-guld\/","title":{"rendered":"SONGMICS kl\u00e4dh\u00e4ngare i metall, 20-pack, guld"},"content":{"rendered":"<p>Produktdetaljer: F\u00e4rg: Guld Material: F\u00f6rkromat metall Storlek per galge: 42 x 0,3 x 21 cm (L x B x H) Totalvikt: 1,3 kg Leveransomfattning: 20 x kl\u00e4dh\u00e4ngare SONGMICS Anvisningar: Anv\u00e4nd inte produkten i milj\u00f6er med h\u00f6ga temperaturer. Torka av produkten med en mjuk trasa f\u00f6r reng\u00f6ring.<\/p>\n","protected":false},"excerpt":{"rendered":"<p>SONGMICS kl\u00e4dh\u00e4ngare i metall, 20 stycken, elegant f\u00f6rkromade, rostbest\u00e4ndiga, platsbesparande, 42 cm l\u00e5nga, guld CRI044G01<\/p>\n","protected":false},"featured_media":39376,"comment_status":"open","ping_status":"closed","template":"","meta":[],"product_brand":[],"product_cat":[33],"product_tag":[],"class_list":{"0":"post-10836","1":"product","2":"type-product","3":"status-publish","4":"has-post-thumbnail","6":"product_cat-okategoriserad","8":"first","9":"instock","10":"shipping-taxable","11":"purchasable","12":"product-type-simple"},"_links":{"self":[{"href":"https:\/\/nordicmart.andreevmaster.com\/sv\/wp-json\/wp\/v2\/product\/10836","targetHints":{"allow":["GET"]}}],"collection":[{"href":"https:\/\/nordicmart.andreevmaster.com\/sv\/wp-json\/wp\/v2\/product"}],"about":[{"href":"https:\/\/nordicmart.andreevmaster.com\/sv\/wp-json\/wp\/v2\/types\/product"}],"replies":[{"embeddable":true,"href":"https:\/\/nordicmart.andreevmaster.com\/sv\/wp-json\/wp\/v2\/comments?post=10836"}],"wp:featuredmedia":[{"embeddable":true,"href":"https:\/\/nordicmart.andreevmaster.com\/sv\/wp-json\/wp\/v2\/media\/39376"}],"wp:attachment":[{"href":"https:\/\/nordicmart.andreevmaster.com\/sv\/wp-json\/wp\/v2\/media?parent=10836"}],"wp:term":[{"taxonomy":"product_brand","embeddable":true,"href":"https:\/\/nordicmart.andreevmaster.com\/sv\/wp-json\/wp\/v2\/product_brand?post=10836"},{"taxonomy":"product_cat","embeddable":true,"href":"https:\/\/nordicmart.andreevmaster.com\/sv\/wp-json\/wp\/v2\/product_cat?post=10836"},{"taxonomy":"product_tag","embeddable":true,"href":"https:\/\/nordicmart.andreevmaster.com\/sv\/wp-json\/wp\/v2\/product_tag?post=10836"}],"curies":[{"name":"wp","href":"https:\/\/api.w.org\/{rel}","templated":true}]}}