{"id":10835,"date":"2026-02-27T00:08:30","date_gmt":"2026-02-27T00:08:30","guid":{"rendered":"https:\/\/nordicmart.andreevmaster.com\/product\/songmics-byxhangare-i-s-form\/"},"modified":"2026-02-27T08:03:55","modified_gmt":"2026-02-27T08:03:55","slug":"songmics-byxhangare-i-s-form","status":"publish","type":"product","link":"https:\/\/nordicmart.andreevmaster.com\/sv\/produkt\/songmics-byxhangare-i-s-form\/","title":{"rendered":"SONGMICS byxh\u00e4ngare i S-form"},"content":{"rendered":"<p>H\u00f6jdpunkterna med dessa multifunktionella byxh\u00e4ngare i S-form:<\/p>\n<p>Varje h\u00e4ngare rymmer upp till 5 byxor.<br \/>\nDessa galgar \u00e4r tillverkade av robust rostfritt st\u00e5l och har en h\u00f6g belastningskapacitet (upp till 5 kg per multipelgalge).<br \/>\nDen svarta halkskyddsbel\u00e4ggningen p\u00e5 byxh\u00e4ngarna och den lilla gummik\u00e5pan i \u00e4nden f\u00f6rhindrar att dina kl\u00e4der faller ner.<br \/>\nMed dessa galgar kan du h\u00e4nga upp dina byxor, halsdukar och slipsar p\u00e5 ett \u00f6versk\u00e5dligt s\u00e4tt. Produktdetaljer:<br \/>\nF\u00e4rg: silver-svart<br \/>\nMaterial: Rostfritt st\u00e5l, PVC<br \/>\nStorlek: 39 x 0,8 x 32 cm (L x B x H)<br \/>\nVikt: 0,94 kg<br \/>\nMax. statisk belastningskapacitet per multipelh\u00e4ngare: 5 kg<\/p>\n<p>Leveransomfattning:<br \/>\n4 x multipelbygel f\u00f6r byxor<\/p>\n<p>SONGMICS Anm\u00e4rkningar:<br \/>\nDen maximala belastningen per multipelbygel \u00e4r 5 kg. \u00d6verskrid inte denna maximala vikt.<br \/>\nAnv\u00e4nd inte dessa kl\u00e4dh\u00e4ngare i torktumlare eller tv\u00e4ttmaskin.<\/p>\n","protected":false},"excerpt":{"rendered":"<p>SONGMICS platsbesparande byxh\u00e4ngare, 4-pack, multifunktionella kl\u00e4dh\u00e4ngare i metall, f\u00f6r 5 byxor vardera, S-formade, halkfria, garderob, f\u00f6r byxor, jeans, halsdukar, handdukar, silver-svarta CRI043BK<\/p>\n","protected":false},"featured_media":39375,"comment_status":"open","ping_status":"closed","template":"","meta":[],"product_brand":[],"product_cat":[33],"product_tag":[],"class_list":{"0":"post-10835","1":"product","2":"type-product","3":"status-publish","4":"has-post-thumbnail","6":"product_cat-okategoriserad","8":"first","9":"instock","10":"shipping-taxable","11":"purchasable","12":"product-type-simple"},"_links":{"self":[{"href":"https:\/\/nordicmart.andreevmaster.com\/sv\/wp-json\/wp\/v2\/product\/10835","targetHints":{"allow":["GET"]}}],"collection":[{"href":"https:\/\/nordicmart.andreevmaster.com\/sv\/wp-json\/wp\/v2\/product"}],"about":[{"href":"https:\/\/nordicmart.andreevmaster.com\/sv\/wp-json\/wp\/v2\/types\/product"}],"replies":[{"embeddable":true,"href":"https:\/\/nordicmart.andreevmaster.com\/sv\/wp-json\/wp\/v2\/comments?post=10835"}],"wp:featuredmedia":[{"embeddable":true,"href":"https:\/\/nordicmart.andreevmaster.com\/sv\/wp-json\/wp\/v2\/media\/39375"}],"wp:attachment":[{"href":"https:\/\/nordicmart.andreevmaster.com\/sv\/wp-json\/wp\/v2\/media?parent=10835"}],"wp:term":[{"taxonomy":"product_brand","embeddable":true,"href":"https:\/\/nordicmart.andreevmaster.com\/sv\/wp-json\/wp\/v2\/product_brand?post=10835"},{"taxonomy":"product_cat","embeddable":true,"href":"https:\/\/nordicmart.andreevmaster.com\/sv\/wp-json\/wp\/v2\/product_cat?post=10835"},{"taxonomy":"product_tag","embeddable":true,"href":"https:\/\/nordicmart.andreevmaster.com\/sv\/wp-json\/wp\/v2\/product_tag?post=10835"}],"curies":[{"name":"wp","href":"https:\/\/api.w.org\/{rel}","templated":true}]}}