{"id":10834,"date":"2026-02-27T00:08:30","date_gmt":"2026-02-27T00:08:30","guid":{"rendered":"https:\/\/nordicmart.andreevmaster.com\/product\/songmics-multipelklamhangare-3-stycken\/"},"modified":"2026-02-27T08:03:55","modified_gmt":"2026-02-27T08:03:55","slug":"songmics-multipelklamhangare-3-stycken","status":"publish","type":"product","link":"https:\/\/nordicmart.andreevmaster.com\/sv\/produkt\/songmics-multipelklamhangare-3-stycken\/","title":{"rendered":"SONGMICS multipelkl\u00e4mh\u00e4ngare 3 stycken"},"content":{"rendered":"<p>Vill du alltid ha dina byxor eller kjolar i toppform och slippa stryka dem inf\u00f6r en dejt eller ett m\u00f6te? D\u00e5 \u00e4r detta set med 3 multifunktionella kl\u00e4dh\u00e4ngare precis r\u00e4tt f\u00f6r dig. Dina kl\u00e4der kan h\u00e4ngas upp p\u00e5 dessa kl\u00e4dh\u00e4ngare utan att bli skrynkliga och \u00e4r alltid redo att anv\u00e4ndas. \u00d6versikt \u00f6ver h\u00f6jdpunkterna hos dessa kjolh\u00e4ngare:- De PVC-belagda kl\u00e4mmorna f\u00f6rhindrar att dina kl\u00e4der hamnar p\u00e5 golvet om och om igen. &#8211; Tack vare de justerbara kl\u00e4mmorna kan du h\u00e4nga byxor och kjolar i olika storlekar p\u00e5 dessa galgar. &#8211; Dessa platsbesparande flerfaldiga kl\u00e4dh\u00e4ngare (f\u00f6r 4 byxor vardera) hj\u00e4lper dig att maximera utrymmet i din garderob.- Multih\u00e4ngarna \u00e4r s\u00e5 starka att du kan h\u00e4nga flera byxor p\u00e5 dem samtidigt. &#8211; Den f\u00f6rkromade ytan \u00e4r rostfri och ger din garderob lite glans. Produktdetaljer:- F\u00e4rg: silver &#8211; Material: j\u00e4rntr\u00e5d, PVC-bel\u00e4ggning &#8211; Storlek per galge: 32 x 0,4 x 35 cm (L x B x H) &#8211; Vikt per galge: 250 g &#8211; Max. statisk belastningskapacitet per galge: 3 kg Leveransomfattning: &#8211; 3 x flerfaldiga byxgalgar SONGMICS Anm\u00e4rkningar:- Den maximala belastningskapaciteten per h\u00e4ngare \u00e4r 3 kg. \u00d6verskrid inte denna maximala vikt. &#8211; Anv\u00e4nd inte dessa kl\u00e4dh\u00e4ngare i torktumlare eller tv\u00e4ttmaskin.<\/p>\n","protected":false},"excerpt":{"rendered":"<p>SONGMICS platsbesparande byxh\u00e4ngare, multipel kjolh\u00e4ngare med kl\u00e4mmor, 3-pack, kl\u00e4dh\u00e4ngare i metall, f\u00f6r 4 byxor vardera, med 8 justerbara kl\u00e4mmor, halkfri, f\u00f6r byxor, jeans, 32 cm, silverf\u00e4rgad CRI042BK<\/p>\n","protected":false},"featured_media":39374,"comment_status":"open","ping_status":"closed","template":"","meta":[],"product_brand":[],"product_cat":[33],"product_tag":[],"class_list":{"0":"post-10834","1":"product","2":"type-product","3":"status-publish","4":"has-post-thumbnail","6":"product_cat-okategoriserad","8":"first","9":"instock","10":"shipping-taxable","11":"purchasable","12":"product-type-simple"},"_links":{"self":[{"href":"https:\/\/nordicmart.andreevmaster.com\/sv\/wp-json\/wp\/v2\/product\/10834","targetHints":{"allow":["GET"]}}],"collection":[{"href":"https:\/\/nordicmart.andreevmaster.com\/sv\/wp-json\/wp\/v2\/product"}],"about":[{"href":"https:\/\/nordicmart.andreevmaster.com\/sv\/wp-json\/wp\/v2\/types\/product"}],"replies":[{"embeddable":true,"href":"https:\/\/nordicmart.andreevmaster.com\/sv\/wp-json\/wp\/v2\/comments?post=10834"}],"wp:featuredmedia":[{"embeddable":true,"href":"https:\/\/nordicmart.andreevmaster.com\/sv\/wp-json\/wp\/v2\/media\/39374"}],"wp:attachment":[{"href":"https:\/\/nordicmart.andreevmaster.com\/sv\/wp-json\/wp\/v2\/media?parent=10834"}],"wp:term":[{"taxonomy":"product_brand","embeddable":true,"href":"https:\/\/nordicmart.andreevmaster.com\/sv\/wp-json\/wp\/v2\/product_brand?post=10834"},{"taxonomy":"product_cat","embeddable":true,"href":"https:\/\/nordicmart.andreevmaster.com\/sv\/wp-json\/wp\/v2\/product_cat?post=10834"},{"taxonomy":"product_tag","embeddable":true,"href":"https:\/\/nordicmart.andreevmaster.com\/sv\/wp-json\/wp\/v2\/product_tag?post=10834"}],"curies":[{"name":"wp","href":"https:\/\/api.w.org\/{rel}","templated":true}]}}