{"id":10833,"date":"2026-02-27T00:08:30","date_gmt":"2026-02-27T00:08:30","guid":{"rendered":"https:\/\/nordicmart.andreevmaster.com\/product\/songmics-multifunktionell-byxhangare\/"},"modified":"2026-02-27T08:03:55","modified_gmt":"2026-02-27T08:03:55","slug":"songmics-multifunktionell-byxhangare","status":"publish","type":"product","link":"https:\/\/nordicmart.andreevmaster.com\/sv\/produkt\/songmics-multifunktionell-byxhangare\/","title":{"rendered":"SONGMICS Multifunktionell byxh\u00e4ngare"},"content":{"rendered":"<p>Vik, vik, vik \u2013 Om du \u00e4r tr\u00f6tt p\u00e5 att alltid beh\u00f6va vika dina byxor och jeans snyggt och utan veck och om bergen av byxor tar f\u00f6r mycket plats i din garderob, \u00e4r det dags f\u00f6r dessa praktiska byxh\u00e4ngare. Setet med 3 stycken best\u00e5r av 5 mm tjock j\u00e4rntr\u00e5d och varje h\u00e4ngare t\u00e5l en belastning p\u00e5 upp till 5 kg. Skumplastbel\u00e4ggningen p\u00e5 st\u00e4ngerna skyddar dessutom dina kl\u00e4der fr\u00e5n att glida ner och fr\u00e5n att bli skrynkliga. P\u00e5 3 x 5 st\u00e4nger kan du h\u00e4nga byxor, slipsar, jeans, halsdukar, b\u00e4lten och andra kl\u00e4desplagg och spara upp till 75 % utrymme i din garderob! Byxh\u00e4ngarnas f\u00f6rdelar i korthet: &#8211; 3-pack med 5 byxh\u00e4ngare vardera (totalt 15) f\u00f6r platsbesparande f\u00f6rvaring av dina kl\u00e4der &#8211; Max. statisk belastningskapacitet per h\u00e4ngare: 5 kg &#8211; Tillverkade av robust, 5 mm tjock j\u00e4rntr\u00e5d &#8211; Sv\u00e4ngbara byxh\u00e4ngare f\u00f6r enkel upph\u00e4ngning och nedtagning av dina kl\u00e4der &#8211; Halkfri, f\u00e4rgbest\u00e4ndig och fl\u00e4ckresistent EVAC-skumplastbel\u00e4ggning &#8211; L\u00e4mplig f\u00f6r kostymbyxor, jeans, slipsar, halsdukar, b\u00e4lten, handdukar etc. &#8211; 360\u00b0 vridbara krokar Produktdetaljer: &#8211; F\u00e4rg: silvergr\u00e5 &#8211; Material: j\u00e4rntr\u00e5d, EVAC-skumplast &#8211; Storlek: 38 x 0,5 x 37 cm (L x B x H) &#8211; Vikt per h\u00e4ngare: 413 g &#8211; Max. statisk belastningskapacitet per h\u00e4ngare: 5 kg Leveransomfattning:- 3 x byxh\u00e4ngare SONGMICS Anm\u00e4rkningar: &#8211; Den maximala statiska belastningskapaciteten f\u00f6r en h\u00e4ngare \u00e4r 5 kg. H\u00e4ng inte tyngre f\u00f6rem\u00e5l p\u00e5 den. &#8211; Ej l\u00e4mplig f\u00f6r tv\u00e4ttmaskin eller torktumlare. &#8211; Det kan h\u00e4nda att det finns bucklor p\u00e5 plastbel\u00e4ggningen p\u00e5 den \u00f6vre byxbygeln n\u00e4r du packar upp den. Dessa bucklor f\u00f6rsvinner efter en kort stund.<\/p>\n","protected":false},"excerpt":{"rendered":"<p>SONGMICS platsbesparande byxh\u00e4ngare, 3-pack multifunktionella kl\u00e4dh\u00e4ngare i metall, stabila, halkfria dynor, sv\u00e4ngbara byxst\u00e4nger, f\u00f6r 5 jeans, kostymbyxor, halsdukar, slipsar vardera CRI041BK<\/p>\n","protected":false},"featured_media":39373,"comment_status":"open","ping_status":"closed","template":"","meta":[],"product_brand":[],"product_cat":[33],"product_tag":[],"class_list":{"0":"post-10833","1":"product","2":"type-product","3":"status-publish","4":"has-post-thumbnail","6":"product_cat-okategoriserad","8":"first","9":"instock","10":"shipping-taxable","11":"purchasable","12":"product-type-simple"},"_links":{"self":[{"href":"https:\/\/nordicmart.andreevmaster.com\/sv\/wp-json\/wp\/v2\/product\/10833","targetHints":{"allow":["GET"]}}],"collection":[{"href":"https:\/\/nordicmart.andreevmaster.com\/sv\/wp-json\/wp\/v2\/product"}],"about":[{"href":"https:\/\/nordicmart.andreevmaster.com\/sv\/wp-json\/wp\/v2\/types\/product"}],"replies":[{"embeddable":true,"href":"https:\/\/nordicmart.andreevmaster.com\/sv\/wp-json\/wp\/v2\/comments?post=10833"}],"wp:featuredmedia":[{"embeddable":true,"href":"https:\/\/nordicmart.andreevmaster.com\/sv\/wp-json\/wp\/v2\/media\/39373"}],"wp:attachment":[{"href":"https:\/\/nordicmart.andreevmaster.com\/sv\/wp-json\/wp\/v2\/media?parent=10833"}],"wp:term":[{"taxonomy":"product_brand","embeddable":true,"href":"https:\/\/nordicmart.andreevmaster.com\/sv\/wp-json\/wp\/v2\/product_brand?post=10833"},{"taxonomy":"product_cat","embeddable":true,"href":"https:\/\/nordicmart.andreevmaster.com\/sv\/wp-json\/wp\/v2\/product_cat?post=10833"},{"taxonomy":"product_tag","embeddable":true,"href":"https:\/\/nordicmart.andreevmaster.com\/sv\/wp-json\/wp\/v2\/product_tag?post=10833"}],"curies":[{"name":"wp","href":"https:\/\/api.w.org\/{rel}","templated":true}]}}