{"id":10831,"date":"2026-02-27T00:08:29","date_gmt":"2026-02-27T00:08:29","guid":{"rendered":"https:\/\/nordicmart.andreevmaster.com\/product\/songmics-flerfaldiga-byxhangare-4-pack\/"},"modified":"2026-02-27T08:03:55","modified_gmt":"2026-02-27T08:03:55","slug":"songmics-flerfaldiga-byxhangare-4-pack","status":"publish","type":"product","link":"https:\/\/nordicmart.andreevmaster.com\/sv\/produkt\/songmics-flerfaldiga-byxhangare-4-pack\/","title":{"rendered":"SONGMICS flerfaldiga byxh\u00e4ngare, 4-pack"},"content":{"rendered":"<p>H\u00f6jdpunkterna med dessa flerfaldiga byxh\u00e4ngare: &#8211; Smart design: En h\u00e4ngare rymmer 5 byxor &#8211; God stabilitet; tillverkade av metall, varje h\u00e4ngare t\u00e5l vikter upp till 4 kg &#8211; Halkskyddsdesign: Den halkskyddade bel\u00e4ggningen f\u00f6rhindrar att dina byxor glider ner &#8211; L\u00e4mpliga f\u00f6r byxor, slipsar, halsdukar och andra accessoarer Produktdetaljer:- F\u00e4rg: Vit &#8211; Material: Metall med PVC-bel\u00e4ggning &#8211; Storlek per h\u00e4ngare: 32 x 0,5 x 35 cm (L x B x H) &#8211; Vikt per h\u00e4ngare: 350 g &#8211; Max. statisk belastningskapacitet per h\u00e4ngare: 4 kg Leveransomfattning: &#8211; 4 x flerfaldiga byxh\u00e4ngare SONGMICS Anm\u00e4rkningar:- Den maximala statiska belastningskapaciteten per multipelbyxh\u00e4ngare \u00e4r 4 kg. \u00d6verskrid inte denna maximala vikt. &#8211; Ej l\u00e4mplig f\u00f6r tv\u00e4ttmaskin eller torktumlare.<\/p>\n","protected":false},"excerpt":{"rendered":"<p>SONGMICS byxh\u00e4ngare, platsbesparande, 4-pack, multifunktionella kl\u00e4dh\u00e4ngare, \u00f6ppen \u00e4nde, halkfria, f\u00f6r 5 byxor vardera, f\u00f6r jeans, handdukar, halsdukar, svarta CRI034B02<\/p>\n","protected":false},"featured_media":39371,"comment_status":"open","ping_status":"closed","template":"","meta":[],"product_brand":[],"product_cat":[33],"product_tag":[],"class_list":{"0":"post-10831","1":"product","2":"type-product","3":"status-publish","4":"has-post-thumbnail","6":"product_cat-okategoriserad","8":"first","9":"instock","10":"shipping-taxable","11":"purchasable","12":"product-type-simple"},"_links":{"self":[{"href":"https:\/\/nordicmart.andreevmaster.com\/sv\/wp-json\/wp\/v2\/product\/10831","targetHints":{"allow":["GET"]}}],"collection":[{"href":"https:\/\/nordicmart.andreevmaster.com\/sv\/wp-json\/wp\/v2\/product"}],"about":[{"href":"https:\/\/nordicmart.andreevmaster.com\/sv\/wp-json\/wp\/v2\/types\/product"}],"replies":[{"embeddable":true,"href":"https:\/\/nordicmart.andreevmaster.com\/sv\/wp-json\/wp\/v2\/comments?post=10831"}],"wp:featuredmedia":[{"embeddable":true,"href":"https:\/\/nordicmart.andreevmaster.com\/sv\/wp-json\/wp\/v2\/media\/39371"}],"wp:attachment":[{"href":"https:\/\/nordicmart.andreevmaster.com\/sv\/wp-json\/wp\/v2\/media?parent=10831"}],"wp:term":[{"taxonomy":"product_brand","embeddable":true,"href":"https:\/\/nordicmart.andreevmaster.com\/sv\/wp-json\/wp\/v2\/product_brand?post=10831"},{"taxonomy":"product_cat","embeddable":true,"href":"https:\/\/nordicmart.andreevmaster.com\/sv\/wp-json\/wp\/v2\/product_cat?post=10831"},{"taxonomy":"product_tag","embeddable":true,"href":"https:\/\/nordicmart.andreevmaster.com\/sv\/wp-json\/wp\/v2\/product_tag?post=10831"}],"curies":[{"name":"wp","href":"https:\/\/api.w.org\/{rel}","templated":true}]}}