{"id":10829,"date":"2026-02-27T00:08:29","date_gmt":"2026-02-27T00:08:29","guid":{"rendered":"https:\/\/nordicmart.andreevmaster.com\/product\/byxhangare-med-oppen-design-set-med-20-st\/"},"modified":"2026-02-27T08:03:54","modified_gmt":"2026-02-27T08:03:54","slug":"byxhangare-med-oppen-design-set-med-20-st","status":"publish","type":"product","link":"https:\/\/nordicmart.andreevmaster.com\/sv\/produkt\/byxhangare-med-oppen-design-set-med-20-st\/","title":{"rendered":"Byxh\u00e4ngare med \u00f6ppen design, set med 20 st."},"content":{"rendered":"<p>Specifikationer:- F\u00e4rg: Svart- Material: Metall, PVC-plast- Produktstorlek: 38 x 0,5 x 14,5 cm (L\u00e4nge x Bredd x H\u00f6jd)- Totalvikt (20 galgar): 2,25 kg- Maximal belastningskapacitet per galge: 3 kg F\u00f6rpackningens inneh\u00e5ll:- 20 x metallgalgar Anm\u00e4rkningar fr\u00e5n SONGMICS:- Anv\u00e4nd inte galgarna i fuktiga milj\u00f6er eller vid h\u00f6ga temperaturer under l\u00e4ngre perioder.<\/p>\n","protected":false},"excerpt":{"rendered":"<p>Specifikationer:- F\u00e4rg: Svart- Material: Metall, PVC-plast- Produktstorlek: 38 x 0,5 x 14,5 cm (L\u00e4nge x Bredd x H\u00f6jd)- Totalvikt (20 galgar): 2,25 kg- Maximal belastningskapacitet per galge: 3 kg F\u00f6rpackningens inneh\u00e5ll:- 20 x metallgalgar Anm\u00e4rkningar fr\u00e5n SONGMICS:- Anv\u00e4nd inte galgarna i fuktiga milj\u00f6er eller vid h\u00f6ga temperaturer under l\u00e4ngre perioder.<\/p>\n","protected":false},"featured_media":0,"comment_status":"open","ping_status":"closed","template":"","meta":[],"product_brand":[],"product_cat":[33],"product_tag":[],"class_list":{"0":"post-10829","1":"product","2":"type-product","3":"status-publish","5":"product_cat-okategoriserad","7":"first","8":"instock","9":"shipping-taxable","10":"purchasable","11":"product-type-simple"},"_links":{"self":[{"href":"https:\/\/nordicmart.andreevmaster.com\/sv\/wp-json\/wp\/v2\/product\/10829","targetHints":{"allow":["GET"]}}],"collection":[{"href":"https:\/\/nordicmart.andreevmaster.com\/sv\/wp-json\/wp\/v2\/product"}],"about":[{"href":"https:\/\/nordicmart.andreevmaster.com\/sv\/wp-json\/wp\/v2\/types\/product"}],"replies":[{"embeddable":true,"href":"https:\/\/nordicmart.andreevmaster.com\/sv\/wp-json\/wp\/v2\/comments?post=10829"}],"wp:attachment":[{"href":"https:\/\/nordicmart.andreevmaster.com\/sv\/wp-json\/wp\/v2\/media?parent=10829"}],"wp:term":[{"taxonomy":"product_brand","embeddable":true,"href":"https:\/\/nordicmart.andreevmaster.com\/sv\/wp-json\/wp\/v2\/product_brand?post=10829"},{"taxonomy":"product_cat","embeddable":true,"href":"https:\/\/nordicmart.andreevmaster.com\/sv\/wp-json\/wp\/v2\/product_cat?post=10829"},{"taxonomy":"product_tag","embeddable":true,"href":"https:\/\/nordicmart.andreevmaster.com\/sv\/wp-json\/wp\/v2\/product_tag?post=10829"}],"curies":[{"name":"wp","href":"https:\/\/api.w.org\/{rel}","templated":true}]}}