{"id":10828,"date":"2026-02-27T00:08:29","date_gmt":"2026-02-27T00:08:29","guid":{"rendered":"https:\/\/nordicmart.andreevmaster.com\/product\/songmics-byxhangare-i-metall-20-stycken-langa\/"},"modified":"2026-02-27T08:03:54","modified_gmt":"2026-02-27T08:03:54","slug":"songmics-byxhangare-i-metall-20-stycken-langa","status":"publish","type":"product","link":"https:\/\/nordicmart.andreevmaster.com\/sv\/produkt\/songmics-byxhangare-i-metall-20-stycken-langa\/","title":{"rendered":"SONGMICS byxh\u00e4ngare i metall, 20 stycken, l\u00e5nga"},"content":{"rendered":"<p>Irriterar det dig att byxor och kjolar ligger och flyger omkring \u00f6verallt? Med Songmics kl\u00e4mh\u00e4ngare h\u00e4ngs de upp utan veck och i r\u00e4tt form. P\u00e5 s\u00e5 s\u00e4tt blir det ordning och reda i garderoben. De flyttbara kl\u00e4mmorna h\u00e5ller bra och kan d\u00e4rf\u00f6r f\u00e4stas var som helst p\u00e5 linningen. Tack vare gummibel\u00e4ggningen p\u00e5 kl\u00e4mmorna faller kl\u00e4derna inte ner och det bildas inga m\u00e4rken p\u00e5 tyget, vilket inneb\u00e4r att tyget inte skadas. P\u00e5 sidorna finns ocks\u00e5 skyddsk\u00e5por, s\u00e5 det finns inga vassa kanter och allt \u00e4r &#8221;s\u00e4kert&#8221;. Songmics kl\u00e4dh\u00e4ngare med kl\u00e4mh\u00e5llare kommer s\u00e4kert att bli din familjs &#8221;duktiga assistent&#8221;. Produktdetaljer: &#8211; Material: f\u00f6rkromad metall med PVC-bel\u00e4ggning &#8211; F\u00e4rg: silverf\u00e4rgad &#8211; M\u00e5tt: 40 x 10,5 cm (H x B) &#8211; Bruttovikt: 1,25 kg Leveransomfattning: &#8211; 20 x kl\u00e4mh\u00e4ngare Obs: &#8211; Undvik att f\u00f6rvara kl\u00e4mh\u00e4ngarna i rum med h\u00f6g luftfuktighet och temperatur. Reng\u00f6r genom att torka av ytan med en l\u00e4tt fuktig trasa.<\/p>\n","protected":false},"excerpt":{"rendered":"<p>SONGMICS 20 x metallbyxh\u00e4ngare kl\u00e4dh\u00e4ngare f\u00f6r byxor strumpor kjolar 40 x 10,5 cm (extra bred) halkskydd \u2013 f\u00f6rkromad CRI006-20<\/p>\n","protected":false},"featured_media":39369,"comment_status":"open","ping_status":"closed","template":"","meta":[],"product_brand":[],"product_cat":[33],"product_tag":[],"class_list":{"0":"post-10828","1":"product","2":"type-product","3":"status-publish","4":"has-post-thumbnail","6":"product_cat-okategoriserad","8":"first","9":"instock","10":"shipping-taxable","11":"purchasable","12":"product-type-simple"},"_links":{"self":[{"href":"https:\/\/nordicmart.andreevmaster.com\/sv\/wp-json\/wp\/v2\/product\/10828","targetHints":{"allow":["GET"]}}],"collection":[{"href":"https:\/\/nordicmart.andreevmaster.com\/sv\/wp-json\/wp\/v2\/product"}],"about":[{"href":"https:\/\/nordicmart.andreevmaster.com\/sv\/wp-json\/wp\/v2\/types\/product"}],"replies":[{"embeddable":true,"href":"https:\/\/nordicmart.andreevmaster.com\/sv\/wp-json\/wp\/v2\/comments?post=10828"}],"wp:featuredmedia":[{"embeddable":true,"href":"https:\/\/nordicmart.andreevmaster.com\/sv\/wp-json\/wp\/v2\/media\/39369"}],"wp:attachment":[{"href":"https:\/\/nordicmart.andreevmaster.com\/sv\/wp-json\/wp\/v2\/media?parent=10828"}],"wp:term":[{"taxonomy":"product_brand","embeddable":true,"href":"https:\/\/nordicmart.andreevmaster.com\/sv\/wp-json\/wp\/v2\/product_brand?post=10828"},{"taxonomy":"product_cat","embeddable":true,"href":"https:\/\/nordicmart.andreevmaster.com\/sv\/wp-json\/wp\/v2\/product_cat?post=10828"},{"taxonomy":"product_tag","embeddable":true,"href":"https:\/\/nordicmart.andreevmaster.com\/sv\/wp-json\/wp\/v2\/product_tag?post=10828"}],"curies":[{"name":"wp","href":"https:\/\/api.w.org\/{rel}","templated":true}]}}