{"id":10827,"date":"2026-02-27T00:08:29","date_gmt":"2026-02-27T00:08:29","guid":{"rendered":"https:\/\/nordicmart.andreevmaster.com\/product\/songmics-oppna-byxhangare-20-stycken-vita\/"},"modified":"2026-02-27T08:03:54","modified_gmt":"2026-02-27T08:03:54","slug":"songmics-oppna-byxhangare-20-stycken-vita","status":"publish","type":"product","link":"https:\/\/nordicmart.andreevmaster.com\/sv\/produkt\/songmics-oppna-byxhangare-20-stycken-vita\/","title":{"rendered":"SONGMICS \u00d6ppna byxh\u00e4ngare 20 stycken Vita"},"content":{"rendered":"<p>\u00d6ppen design Den smarta designen g\u00f6r det enkelt att h\u00e4nga upp och ta ner dina kl\u00e4der. Dessutom bildar kl\u00e4dh\u00e4ngarnas kropp en enhet och \u00e4r str\u00f6mlinjeformad. Halkskydd Den belagda st\u00e5ngen \u00e4r l\u00e4tt upp\u00e5tb\u00f6jd i \u00e4nden f\u00f6r att f\u00f6rhindra att dina kl\u00e4der glider av.F\u00f6rkromat materialDet f\u00f6rkromade materialet med gl\u00e4nsande yta \u00e4r robust, rost- och oxidationsbest\u00e4ndigt.Plastbel\u00e4ggningTack vare den h\u00f6gkvalitativa PVC-bel\u00e4ggningen kan du h\u00e4nga upp dina kl\u00e4der utan att de skrynklas och utan att de glider.Smal &#038; platsbesparandeH\u00e4ng upp en m\u00e4ngd olika kl\u00e4desplagg p\u00e5 ett \u00f6versk\u00e5dligt s\u00e4tt och skapa ordning i din garderob.F\u00f6rst\u00e4rkt tr\u00e5d Metalltr\u00e5den har en diameter p\u00e5 5 mm och \u00e4r mycket t\u00e5lig. Du beh\u00f6ver allts\u00e5 inte oroa dig f\u00f6r att galgen ska deformeras. Produktdetaljer: Material: f\u00f6rkromad metall + PVC-bel\u00e4ggning F\u00e4rg p\u00e5 kroken: Vit M\u00e5tt: 38 x 13 cm (B x H) Vikt: 2,15 kg Leveransomfattning: 20 x byxh\u00e4ngare Obs: Undvik att f\u00f6rvara h\u00e4ngarna under l\u00e5ng tid i rum med h\u00f6g luftfuktighet och temperatur. Anv\u00e4nd en l\u00e4tt fuktad trasa vid reng\u00f6ring.<\/p>\n","protected":false},"excerpt":{"rendered":"<p>SONGMICS Songmics 20 st metallkl\u00e4dh\u00e4ngare byxh\u00e4ngare \u00d8 5 mm, svart, 38 cm<\/p>\n","protected":false},"featured_media":39368,"comment_status":"open","ping_status":"closed","template":"","meta":[],"product_brand":[],"product_cat":[33],"product_tag":[],"class_list":{"0":"post-10827","1":"product","2":"type-product","3":"status-publish","4":"has-post-thumbnail","6":"product_cat-okategoriserad","8":"first","9":"instock","10":"shipping-taxable","11":"purchasable","12":"product-type-simple"},"_links":{"self":[{"href":"https:\/\/nordicmart.andreevmaster.com\/sv\/wp-json\/wp\/v2\/product\/10827","targetHints":{"allow":["GET"]}}],"collection":[{"href":"https:\/\/nordicmart.andreevmaster.com\/sv\/wp-json\/wp\/v2\/product"}],"about":[{"href":"https:\/\/nordicmart.andreevmaster.com\/sv\/wp-json\/wp\/v2\/types\/product"}],"replies":[{"embeddable":true,"href":"https:\/\/nordicmart.andreevmaster.com\/sv\/wp-json\/wp\/v2\/comments?post=10827"}],"wp:featuredmedia":[{"embeddable":true,"href":"https:\/\/nordicmart.andreevmaster.com\/sv\/wp-json\/wp\/v2\/media\/39368"}],"wp:attachment":[{"href":"https:\/\/nordicmart.andreevmaster.com\/sv\/wp-json\/wp\/v2\/media?parent=10827"}],"wp:term":[{"taxonomy":"product_brand","embeddable":true,"href":"https:\/\/nordicmart.andreevmaster.com\/sv\/wp-json\/wp\/v2\/product_brand?post=10827"},{"taxonomy":"product_cat","embeddable":true,"href":"https:\/\/nordicmart.andreevmaster.com\/sv\/wp-json\/wp\/v2\/product_cat?post=10827"},{"taxonomy":"product_tag","embeddable":true,"href":"https:\/\/nordicmart.andreevmaster.com\/sv\/wp-json\/wp\/v2\/product_tag?post=10827"}],"curies":[{"name":"wp","href":"https:\/\/api.w.org\/{rel}","templated":true}]}}