{"id":10826,"date":"2026-02-27T00:08:28","date_gmt":"2026-02-27T00:08:28","guid":{"rendered":"https:\/\/nordicmart.andreevmaster.com\/product\/songmics-gummerade-byxhangare-50-pack-svarta\/"},"modified":"2026-02-27T08:03:54","modified_gmt":"2026-02-27T08:03:54","slug":"songmics-gummerade-byxhangare-50-pack-svarta","status":"publish","type":"product","link":"https:\/\/nordicmart.andreevmaster.com\/sv\/produkt\/songmics-gummerade-byxhangare-50-pack-svarta\/","title":{"rendered":"SONGMICS gummerade byxh\u00e4ngare, 50-pack, svarta"},"content":{"rendered":"<p>Njut av en behaglig ordning i garderoben med hj\u00e4lp av byxh\u00e4ngare fr\u00e5n SONGMICS, s\u00e5 kommer du att bli f\u00f6rv\u00e5nad \u00f6ver hur praktiska och utrymmesbesparande de \u00e4r. Tack vare den \u00f6ppna designen kan du snabbt ta ut byxorna ur garderoben och d\u00e4rmed spara tid.Halkfri och h\u00e5llbar Den belagda byxh\u00e4ngaren \u00e4r upp\u00e5tb\u00f6jd i \u00e4nden f\u00f6r att f\u00f6rhindra att kl\u00e4derna faller ner; f\u00f6rkromad metall och PVC-bel\u00e4ggning \u00e4r rostbest\u00e4ndiga. Platssparande Med h\u00e4ngarna kan du enkelt organisera dina kl\u00e4der och h\u00e5lla din garderob snygg och ordnad. Produktdetaljer: F\u00e4rg: Svart-silver Material: F\u00f6rkromad metall, PVC-bel\u00e4ggning Storlek: 38 x 0,5 x 13 cm (L x B x H) Vikt: 5,4 kg Leveransomfattning 50 x byxh\u00e4ngare SONGMICS Anm\u00e4rkningar: Undvik att f\u00f6rvara h\u00e4ngarna under l\u00e5ng tid i rum med h\u00f6g luftfuktighet och temperatur. Anv\u00e4nd en l\u00e4tt fuktad trasa vid reng\u00f6ring.<\/p>\n","protected":false},"excerpt":{"rendered":"<p>SONGMICS kl\u00e4dh\u00e4ngare i metall, 50 st, byxh\u00e4ngare, \u00d8 5 mm, tr\u00e5d, gummerad och f\u00f6rkromad, halkfri, 38 cm, svart CRI00450, silver<\/p>\n","protected":false},"featured_media":39367,"comment_status":"open","ping_status":"closed","template":"","meta":[],"product_brand":[],"product_cat":[33],"product_tag":[],"class_list":{"0":"post-10826","1":"product","2":"type-product","3":"status-publish","4":"has-post-thumbnail","6":"product_cat-okategoriserad","8":"first","9":"instock","10":"shipping-taxable","11":"purchasable","12":"product-type-simple"},"_links":{"self":[{"href":"https:\/\/nordicmart.andreevmaster.com\/sv\/wp-json\/wp\/v2\/product\/10826","targetHints":{"allow":["GET"]}}],"collection":[{"href":"https:\/\/nordicmart.andreevmaster.com\/sv\/wp-json\/wp\/v2\/product"}],"about":[{"href":"https:\/\/nordicmart.andreevmaster.com\/sv\/wp-json\/wp\/v2\/types\/product"}],"replies":[{"embeddable":true,"href":"https:\/\/nordicmart.andreevmaster.com\/sv\/wp-json\/wp\/v2\/comments?post=10826"}],"wp:featuredmedia":[{"embeddable":true,"href":"https:\/\/nordicmart.andreevmaster.com\/sv\/wp-json\/wp\/v2\/media\/39367"}],"wp:attachment":[{"href":"https:\/\/nordicmart.andreevmaster.com\/sv\/wp-json\/wp\/v2\/media?parent=10826"}],"wp:term":[{"taxonomy":"product_brand","embeddable":true,"href":"https:\/\/nordicmart.andreevmaster.com\/sv\/wp-json\/wp\/v2\/product_brand?post=10826"},{"taxonomy":"product_cat","embeddable":true,"href":"https:\/\/nordicmart.andreevmaster.com\/sv\/wp-json\/wp\/v2\/product_cat?post=10826"},{"taxonomy":"product_tag","embeddable":true,"href":"https:\/\/nordicmart.andreevmaster.com\/sv\/wp-json\/wp\/v2\/product_tag?post=10826"}],"curies":[{"name":"wp","href":"https:\/\/api.w.org\/{rel}","templated":true}]}}