{"id":10825,"date":"2026-02-27T00:08:28","date_gmt":"2026-02-27T00:08:28","guid":{"rendered":"https:\/\/nordicmart.andreevmaster.com\/product\/songmics-oppna-metallhangare-20-stycken\/"},"modified":"2026-02-27T08:03:54","modified_gmt":"2026-02-27T08:03:54","slug":"songmics-oppna-metallhangare-20-stycken","status":"publish","type":"product","link":"https:\/\/nordicmart.andreevmaster.com\/sv\/produkt\/songmics-oppna-metallhangare-20-stycken\/","title":{"rendered":"SONGMICS \u00d6ppna metallh\u00e4ngare, 20 stycken"},"content":{"rendered":"<p>Njut av den behagliga ordningen i garderoben med hj\u00e4lp av byxh\u00e4ngaren fr\u00e5n Songmics, s\u00e5 kommer du att bli f\u00f6rv\u00e5nad \u00f6ver hur praktisk och utrymmesbesparande den \u00e4r. Tack vare den \u00f6ppna designen kan du snabbt ta ut byxorna ur garderoben och d\u00e4rmed spara tid.   Produktdetaljer: &#8211; Material:  f\u00f6rkromad metall + PVC-bel\u00e4ggning &#8211; F\u00e4rg p\u00e5 kroken: silver &#8211; M\u00e5tt: 38 x 13 cm (B x H) &#8211; Vikt: 2,15 kg Leveransomfattning &#8211; 20&nbsp;x&nbsp;byxh\u00e4ngare  Observera:att h\u00e4ngarna f\u00f6rvaras under l\u00e5ng tid i utrymmen med h\u00f6g luftfuktighetfuktighet och temperatur.- Anv\u00e4nd en l\u00e4tt fuktad trasa vid reng\u00f6ring.<\/p>\n","protected":false},"excerpt":{"rendered":"<p>SONGMICS Songmics 20 st metallkl\u00e4dh\u00e4ngare byxh\u00e4ngare \u00d8 5 mm, svart, 38 cm<\/p>\n","protected":false},"featured_media":39366,"comment_status":"open","ping_status":"closed","template":"","meta":[],"product_brand":[],"product_cat":[33],"product_tag":[],"class_list":{"0":"post-10825","1":"product","2":"type-product","3":"status-publish","4":"has-post-thumbnail","6":"product_cat-okategoriserad","8":"first","9":"instock","10":"shipping-taxable","11":"purchasable","12":"product-type-simple"},"_links":{"self":[{"href":"https:\/\/nordicmart.andreevmaster.com\/sv\/wp-json\/wp\/v2\/product\/10825","targetHints":{"allow":["GET"]}}],"collection":[{"href":"https:\/\/nordicmart.andreevmaster.com\/sv\/wp-json\/wp\/v2\/product"}],"about":[{"href":"https:\/\/nordicmart.andreevmaster.com\/sv\/wp-json\/wp\/v2\/types\/product"}],"replies":[{"embeddable":true,"href":"https:\/\/nordicmart.andreevmaster.com\/sv\/wp-json\/wp\/v2\/comments?post=10825"}],"wp:featuredmedia":[{"embeddable":true,"href":"https:\/\/nordicmart.andreevmaster.com\/sv\/wp-json\/wp\/v2\/media\/39366"}],"wp:attachment":[{"href":"https:\/\/nordicmart.andreevmaster.com\/sv\/wp-json\/wp\/v2\/media?parent=10825"}],"wp:term":[{"taxonomy":"product_brand","embeddable":true,"href":"https:\/\/nordicmart.andreevmaster.com\/sv\/wp-json\/wp\/v2\/product_brand?post=10825"},{"taxonomy":"product_cat","embeddable":true,"href":"https:\/\/nordicmart.andreevmaster.com\/sv\/wp-json\/wp\/v2\/product_cat?post=10825"},{"taxonomy":"product_tag","embeddable":true,"href":"https:\/\/nordicmart.andreevmaster.com\/sv\/wp-json\/wp\/v2\/product_tag?post=10825"}],"curies":[{"name":"wp","href":"https:\/\/api.w.org\/{rel}","templated":true}]}}