{"id":10823,"date":"2026-02-27T00:08:28","date_gmt":"2026-02-27T00:08:28","guid":{"rendered":"https:\/\/nordicmart.andreevmaster.com\/product\/songmics-byxhangare-i-metall-10-stycken\/"},"modified":"2026-02-27T08:03:53","modified_gmt":"2026-02-27T08:03:53","slug":"songmics-byxhangare-i-metall-10-stycken","status":"publish","type":"product","link":"https:\/\/nordicmart.andreevmaster.com\/sv\/produkt\/songmics-byxhangare-i-metall-10-stycken\/","title":{"rendered":"SONGMICS byxh\u00e4ngare i metall, 10 stycken"},"content":{"rendered":"<p>Irriterar du dig alltid \u00f6ver byxor och kjolar som ligger och flyger omkring \u00f6verallt? Med Songmics kl\u00e4mh\u00e4ngare h\u00e4ngs de upp utan veck och i r\u00e4tt form. P\u00e5 s\u00e5 s\u00e4tt r\u00e5der det ordning och reda i garderoben. De flyttbara kl\u00e4mmorna h\u00e5ller bra och kan d\u00e4rf\u00f6r f\u00e4stas var som helst p\u00e5 linningen. Tack vare gummibel\u00e4ggningen p\u00e5 kl\u00e4mmorna faller kl\u00e4derna inte ner och det bildas inga m\u00e4rken p\u00e5 tyget, vilket inneb\u00e4r att tyget inte skadas. Det finns \u00e4ven skyddsk\u00e5por p\u00e5 sidorna, s\u00e5 det finns inga vassa kanter och allt \u00e4r &#8221;s\u00e4kert&#8221;.SONGMICS kl\u00e4dh\u00e4ngare med kl\u00e4mh\u00e5llare kommer s\u00e4kert att bli din familjs &#8221;duktiga assistent&#8221;. Produktdetaljer: Material: f\u00f6rkromat metall med PVC-bel\u00e4ggning F\u00e4rg: silverf\u00e4rgad M\u00e5tt: 31 x 10,5 cm (H x B) Bruttovikt: 1,25 kg Leveransomfattning: 10 x kl\u00e4mh\u00e4ngare Obs!Undvik att placera kl\u00e4mh\u00e4ngarna i rum med h\u00f6g luftfuktighet och temperatur. F\u00f6r reng\u00f6ring, torka av ytan med en l\u00e4tt fuktig trasa.<\/p>\n","protected":false},"excerpt":{"rendered":"<p>SONGMICS byxh\u00e4ngare Metallkl\u00e4dh\u00e4ngare f\u00f6r byxor, 20 stycken, 31 cm, halkskyddade kl\u00e4dh\u00e4ngare f\u00f6r kjolar, strumpor, kjolh\u00e4ngare med kl\u00e4mmor, f\u00f6rkromade CRI003-20<\/p>\n","protected":false},"featured_media":39364,"comment_status":"open","ping_status":"closed","template":"","meta":[],"product_brand":[],"product_cat":[33],"product_tag":[],"class_list":{"0":"post-10823","1":"product","2":"type-product","3":"status-publish","4":"has-post-thumbnail","6":"product_cat-okategoriserad","8":"first","9":"instock","10":"shipping-taxable","11":"purchasable","12":"product-type-simple"},"_links":{"self":[{"href":"https:\/\/nordicmart.andreevmaster.com\/sv\/wp-json\/wp\/v2\/product\/10823","targetHints":{"allow":["GET"]}}],"collection":[{"href":"https:\/\/nordicmart.andreevmaster.com\/sv\/wp-json\/wp\/v2\/product"}],"about":[{"href":"https:\/\/nordicmart.andreevmaster.com\/sv\/wp-json\/wp\/v2\/types\/product"}],"replies":[{"embeddable":true,"href":"https:\/\/nordicmart.andreevmaster.com\/sv\/wp-json\/wp\/v2\/comments?post=10823"}],"wp:featuredmedia":[{"embeddable":true,"href":"https:\/\/nordicmart.andreevmaster.com\/sv\/wp-json\/wp\/v2\/media\/39364"}],"wp:attachment":[{"href":"https:\/\/nordicmart.andreevmaster.com\/sv\/wp-json\/wp\/v2\/media?parent=10823"}],"wp:term":[{"taxonomy":"product_brand","embeddable":true,"href":"https:\/\/nordicmart.andreevmaster.com\/sv\/wp-json\/wp\/v2\/product_brand?post=10823"},{"taxonomy":"product_cat","embeddable":true,"href":"https:\/\/nordicmart.andreevmaster.com\/sv\/wp-json\/wp\/v2\/product_cat?post=10823"},{"taxonomy":"product_tag","embeddable":true,"href":"https:\/\/nordicmart.andreevmaster.com\/sv\/wp-json\/wp\/v2\/product_tag?post=10823"}],"curies":[{"name":"wp","href":"https:\/\/api.w.org\/{rel}","templated":true}]}}