{"id":10821,"date":"2026-02-27T00:08:28","date_gmt":"2026-02-27T00:08:28","guid":{"rendered":"https:\/\/nordicmart.andreevmaster.com\/product\/songmics-klamkrokar-50-stycken\/"},"modified":"2026-02-27T08:03:53","modified_gmt":"2026-02-27T08:03:53","slug":"songmics-klamkrokar-50-stycken","status":"publish","type":"product","link":"https:\/\/nordicmart.andreevmaster.com\/sv\/produkt\/songmics-klamkrokar-50-stycken\/","title":{"rendered":"SONGMICS kl\u00e4mkrokar 50 stycken"},"content":{"rendered":"<p>Det \u00e4r inte bara kl\u00e4nningar, kjolar, blusar, skjortor, jackor och kostymer som kan h\u00e4ngas upp. Songmics kl\u00e4mkrokar \u00e4r ocks\u00e5 perfekta f\u00f6r sm\u00e5 vardagsf\u00f6rem\u00e5l som halsdukar, strumpor och liknande, oavsett om det \u00e4r f\u00f6r f\u00f6rvaring eller torkning av tv\u00e4tt, s\u00e4kert och snyggt! Dessutom kan man anv\u00e4nda dessa kl\u00e4mmor f\u00f6r att h\u00e4nga upp st\u00f6vlar och frig\u00f6ra golvutrymmet. Allt h\u00e4nger i raka rader och st\u00f6vlarnas skaft blir inte l\u00e4ngre skrynkliga. Kl\u00e4mmorna \u00e4r gummerade och skadar inte l\u00e4dret. Tack vare den kompakta designen passar de i varje hall\/d\u00f6rr eller garderob! Songmics kl\u00e4dh\u00e4ngare med kl\u00e4mma kommer garanterat att bli din familjs &#8221;flitiga assistent&#8221;. Produktdetaljer:- Material: f\u00f6rkromat metall med PVC-bel\u00e4ggning &#8211; F\u00e4rg: silverf\u00e4rgad &#8211; M\u00e5tt: 10,5 x 4,5 cm (H x B) &#8211; Bruttovikt: 0,445 kg Leveransomfattning: &#8211; 50 x kl\u00e4mkrokar Obs: &#8211; Undvik att f\u00f6rvara kl\u00e4mkrokarna i rum med h\u00f6g luftfuktighet och temperatur. F\u00f6r reng\u00f6ring, torka helt enkelt av ytan med en l\u00e4tt fuktig trasa.<\/p>\n","protected":false},"excerpt":{"rendered":"<p>SONGMICS kl\u00e4mkrokar f\u00f6r st\u00f6vlar, 20 stycken, kl\u00e4dh\u00e4ngare av metall, st\u00f6vkl\u00e4mmor, halkskydd, 4,5 x 10,5 cm, f\u00f6rkromade CRI001-20<\/p>\n","protected":false},"featured_media":39362,"comment_status":"open","ping_status":"closed","template":"","meta":[],"product_brand":[],"product_cat":[33],"product_tag":[],"class_list":{"0":"post-10821","1":"product","2":"type-product","3":"status-publish","4":"has-post-thumbnail","6":"product_cat-okategoriserad","8":"first","9":"instock","10":"shipping-taxable","11":"purchasable","12":"product-type-simple"},"_links":{"self":[{"href":"https:\/\/nordicmart.andreevmaster.com\/sv\/wp-json\/wp\/v2\/product\/10821","targetHints":{"allow":["GET"]}}],"collection":[{"href":"https:\/\/nordicmart.andreevmaster.com\/sv\/wp-json\/wp\/v2\/product"}],"about":[{"href":"https:\/\/nordicmart.andreevmaster.com\/sv\/wp-json\/wp\/v2\/types\/product"}],"replies":[{"embeddable":true,"href":"https:\/\/nordicmart.andreevmaster.com\/sv\/wp-json\/wp\/v2\/comments?post=10821"}],"wp:featuredmedia":[{"embeddable":true,"href":"https:\/\/nordicmart.andreevmaster.com\/sv\/wp-json\/wp\/v2\/media\/39362"}],"wp:attachment":[{"href":"https:\/\/nordicmart.andreevmaster.com\/sv\/wp-json\/wp\/v2\/media?parent=10821"}],"wp:term":[{"taxonomy":"product_brand","embeddable":true,"href":"https:\/\/nordicmart.andreevmaster.com\/sv\/wp-json\/wp\/v2\/product_brand?post=10821"},{"taxonomy":"product_cat","embeddable":true,"href":"https:\/\/nordicmart.andreevmaster.com\/sv\/wp-json\/wp\/v2\/product_cat?post=10821"},{"taxonomy":"product_tag","embeddable":true,"href":"https:\/\/nordicmart.andreevmaster.com\/sv\/wp-json\/wp\/v2\/product_tag?post=10821"}],"curies":[{"name":"wp","href":"https:\/\/api.w.org\/{rel}","templated":true}]}}