{"id":10820,"date":"2026-02-27T00:08:27","date_gmt":"2026-02-27T00:08:27","guid":{"rendered":"https:\/\/nordicmart.andreevmaster.com\/product\/songmics-klamkrokar-20-stycken\/"},"modified":"2026-02-27T08:03:53","modified_gmt":"2026-02-27T08:03:53","slug":"songmics-klamkrokar-20-stycken","status":"publish","type":"product","link":"https:\/\/nordicmart.andreevmaster.com\/sv\/produkt\/songmics-klamkrokar-20-stycken\/","title":{"rendered":"SONGMICS kl\u00e4mkrokar 20 stycken"},"content":{"rendered":"<p>SONGMICS f\u00f6rkromade metallkl\u00e4mkrokar \u2013 praktiska och robusta, underl\u00e4ttar din vardag F\u00f6rvara dina strumpor, hattar, underkl\u00e4der, slipsar, handskar, st\u00f6vlar, handdukar etc. p\u00e5 ett snyggt s\u00e4tt. Det \u00e4r inte bara kl\u00e4der, kjolar, blusar, skjortor, jackor och kostymer som kan h\u00e4ngas upp. P\u00e5 SONGMICS kl\u00e4mkrokarna finns \u00e4ven plats f\u00f6r sm\u00e5 vardagsf\u00f6rem\u00e5l som halsdukar, strumpor och liknande, oavsett om det \u00e4r f\u00f6r f\u00f6rvaring eller torkning av tv\u00e4tt, s\u00e4kert och snyggt! Dessutom kan man h\u00e4nga upp st\u00f6vlarna med dessa kl\u00e4mmor f\u00f6r att frig\u00f6ra golvet. Allt h\u00e4nger i raka led och st\u00f6vlarnas skaft blir inte l\u00e4ngre skrynkliga. Kl\u00e4mmorna \u00e4r gummerade och skadar inte l\u00e4dret. Tack vare den kompakta designen passar de i varje hall\/d\u00f6rr eller garderob! Songmics kl\u00e4dh\u00e4ngare med kl\u00e4mma kommer garanterat att bli din familjs &#8221;flitiga assistent&#8221;.Produktdetaljer: Material: f\u00f6rkromat metall med PVC-bel\u00e4ggning F\u00e4rg: silverf\u00e4rgad M\u00e5tt: 10,5 x 4,5 cm (H x B) Bruttovikt: 0,445 kg Leveransomfattning: 20 x kl\u00e4mkrokar Obs: Undvik att placera kl\u00e4mkrokarna i rum med h\u00f6g luftfuktighet och temperatur. F\u00f6r reng\u00f6ring, torka bara av ytan med en l\u00e4tt fuktig trasa.<\/p>\n","protected":false},"excerpt":{"rendered":"<p>SONGMICS kl\u00e4mkrokar f\u00f6r st\u00f6vlar, 20 stycken, kl\u00e4dh\u00e4ngare av metall, st\u00f6vkl\u00e4mmor, halkskydd, 4,5 x 10,5 cm, f\u00f6rkromade CRI001-20<\/p>\n","protected":false},"featured_media":39361,"comment_status":"open","ping_status":"closed","template":"","meta":[],"product_brand":[],"product_cat":[33],"product_tag":[],"class_list":{"0":"post-10820","1":"product","2":"type-product","3":"status-publish","4":"has-post-thumbnail","6":"product_cat-okategoriserad","8":"first","9":"instock","10":"shipping-taxable","11":"purchasable","12":"product-type-simple"},"_links":{"self":[{"href":"https:\/\/nordicmart.andreevmaster.com\/sv\/wp-json\/wp\/v2\/product\/10820","targetHints":{"allow":["GET"]}}],"collection":[{"href":"https:\/\/nordicmart.andreevmaster.com\/sv\/wp-json\/wp\/v2\/product"}],"about":[{"href":"https:\/\/nordicmart.andreevmaster.com\/sv\/wp-json\/wp\/v2\/types\/product"}],"replies":[{"embeddable":true,"href":"https:\/\/nordicmart.andreevmaster.com\/sv\/wp-json\/wp\/v2\/comments?post=10820"}],"wp:featuredmedia":[{"embeddable":true,"href":"https:\/\/nordicmart.andreevmaster.com\/sv\/wp-json\/wp\/v2\/media\/39361"}],"wp:attachment":[{"href":"https:\/\/nordicmart.andreevmaster.com\/sv\/wp-json\/wp\/v2\/media?parent=10820"}],"wp:term":[{"taxonomy":"product_brand","embeddable":true,"href":"https:\/\/nordicmart.andreevmaster.com\/sv\/wp-json\/wp\/v2\/product_brand?post=10820"},{"taxonomy":"product_cat","embeddable":true,"href":"https:\/\/nordicmart.andreevmaster.com\/sv\/wp-json\/wp\/v2\/product_cat?post=10820"},{"taxonomy":"product_tag","embeddable":true,"href":"https:\/\/nordicmart.andreevmaster.com\/sv\/wp-json\/wp\/v2\/product_tag?post=10820"}],"curies":[{"name":"wp","href":"https:\/\/api.w.org\/{rel}","templated":true}]}}