{"id":10807,"date":"2026-02-27T00:08:25","date_gmt":"2026-02-27T00:08:25","guid":{"rendered":"https:\/\/nordicmart.andreevmaster.com\/product\/songmics-barnkladhangare-30-pack-med-360-vridbara-krokar-duvgra\/"},"modified":"2026-02-27T08:03:51","modified_gmt":"2026-02-27T08:03:51","slug":"songmics-barnkladhangare-30-pack-med-360-vridbara-krokar-duvgra","status":"publish","type":"product","link":"https:\/\/nordicmart.andreevmaster.com\/sv\/produkt\/songmics-barnkladhangare-30-pack-med-360-vridbara-krokar-duvgra\/","title":{"rendered":"SONGMICS barnkl\u00e4dh\u00e4ngare 30-pack med 360\u00b0 vridbara krokar duvgr\u00e5"},"content":{"rendered":"<p>SONGMICS barnkl\u00e4dh\u00e4ngare, 50-pack, samth\u00e4ngare med krokar i ros\u00e9guld, halkfria, f\u00f6r garderob, f\u00f6r barnkl\u00e4der, babykl\u00e4der, kjolar och byxor f\u00f6r barn, ljusrosa CRF027P01<br \/>\nF\u00e4rg: duvgr\u00e5<br \/>\nMaterial: ABS-plast, sammet, metallkrok<br \/>\nStorlek per galge: 30 x 20,5 cm (B x H)<br \/>\nVikt f\u00f6r 30 galgar: 1,4 kg<br \/>\nMax. statisk belastningskapacitet per galge: 3 kg<\/p>\n","protected":false},"excerpt":{"rendered":"<p>SONGMICS barnkl\u00e4dh\u00e4ngare, 50-pack, samth\u00e4ngare med krokar i ros\u00e9guld, halkfria, f\u00f6r garderob, f\u00f6r barnkl\u00e4der, babykl\u00e4der, kjolar och byxor f\u00f6r barn, ljusrosa CRF027P01<\/p>\n","protected":false},"featured_media":39348,"comment_status":"open","ping_status":"closed","template":"","meta":[],"product_brand":[],"product_cat":[33],"product_tag":[],"class_list":{"0":"post-10807","1":"product","2":"type-product","3":"status-publish","4":"has-post-thumbnail","6":"product_cat-okategoriserad","8":"first","9":"instock","10":"shipping-taxable","11":"purchasable","12":"product-type-simple"},"_links":{"self":[{"href":"https:\/\/nordicmart.andreevmaster.com\/sv\/wp-json\/wp\/v2\/product\/10807","targetHints":{"allow":["GET"]}}],"collection":[{"href":"https:\/\/nordicmart.andreevmaster.com\/sv\/wp-json\/wp\/v2\/product"}],"about":[{"href":"https:\/\/nordicmart.andreevmaster.com\/sv\/wp-json\/wp\/v2\/types\/product"}],"replies":[{"embeddable":true,"href":"https:\/\/nordicmart.andreevmaster.com\/sv\/wp-json\/wp\/v2\/comments?post=10807"}],"wp:featuredmedia":[{"embeddable":true,"href":"https:\/\/nordicmart.andreevmaster.com\/sv\/wp-json\/wp\/v2\/media\/39348"}],"wp:attachment":[{"href":"https:\/\/nordicmart.andreevmaster.com\/sv\/wp-json\/wp\/v2\/media?parent=10807"}],"wp:term":[{"taxonomy":"product_brand","embeddable":true,"href":"https:\/\/nordicmart.andreevmaster.com\/sv\/wp-json\/wp\/v2\/product_brand?post=10807"},{"taxonomy":"product_cat","embeddable":true,"href":"https:\/\/nordicmart.andreevmaster.com\/sv\/wp-json\/wp\/v2\/product_cat?post=10807"},{"taxonomy":"product_tag","embeddable":true,"href":"https:\/\/nordicmart.andreevmaster.com\/sv\/wp-json\/wp\/v2\/product_tag?post=10807"}],"curies":[{"name":"wp","href":"https:\/\/api.w.org\/{rel}","templated":true}]}}