{"id":10806,"date":"2026-02-27T00:08:25","date_gmt":"2026-02-27T00:08:25","guid":{"rendered":"https:\/\/nordicmart.andreevmaster.com\/product\/songmics-kladhangare-i-sammet-20-pack-sammetskladhangare\/"},"modified":"2026-02-27T08:03:50","modified_gmt":"2026-02-27T08:03:50","slug":"songmics-kladhangare-i-sammet-20-pack-sammetskladhangare","status":"publish","type":"product","link":"https:\/\/nordicmart.andreevmaster.com\/sv\/produkt\/songmics-kladhangare-i-sammet-20-pack-sammetskladhangare\/","title":{"rendered":"SONGMICS kl\u00e4dh\u00e4ngare i sammet, 20-pack, sammetskl\u00e4dh\u00e4ngare"},"content":{"rendered":"<p>SONGMICS kl\u00e4dh\u00e4ngare i sammet, 20-pack, jackh\u00e4ngare, halkfri yta, 42 cm l\u00e5ng, kostymh\u00e4ngare, tunn, h\u00f6g belastningskapacitet, 360\u00b0 vridbar krok i ros\u00e9guld, f\u00f6r rockar, svart CRF026B01<br \/>\nSpecifikationer:<br \/>\n&#8211; M\u00e5tt per galge: 41,5 x 21,5 cm (B x H)<br \/>\n&#8211; Vikt per galge: 68 g<br \/>\n&#8211; Max. statisk b\u00e4rf\u00f6rm\u00e5ga per h\u00e4ngare: 5 kg<br \/>\n&#8211; Material: ABS-plast, sammet, metallkrok<br \/>\n&#8211; F\u00e4rg: Rosa-ros\u00e9guldf\u00e4rgad<\/p>\n","protected":false},"excerpt":{"rendered":"<p>SONGMICS kl\u00e4dh\u00e4ngare i sammet, 20-pack, jackh\u00e4ngare, halkfri yta, 42 cm l\u00e5ng, kostymh\u00e4ngare, tunn, h\u00f6g belastningskapacitet, 360\u00b0 vridbar krok i ros\u00e9guld, f\u00f6r rockar, svart CRF026B01<\/p>\n","protected":false},"featured_media":39347,"comment_status":"open","ping_status":"closed","template":"","meta":[],"product_brand":[],"product_cat":[33],"product_tag":[],"class_list":{"0":"post-10806","1":"product","2":"type-product","3":"status-publish","4":"has-post-thumbnail","6":"product_cat-okategoriserad","8":"first","9":"instock","10":"shipping-taxable","11":"purchasable","12":"product-type-simple"},"_links":{"self":[{"href":"https:\/\/nordicmart.andreevmaster.com\/sv\/wp-json\/wp\/v2\/product\/10806","targetHints":{"allow":["GET"]}}],"collection":[{"href":"https:\/\/nordicmart.andreevmaster.com\/sv\/wp-json\/wp\/v2\/product"}],"about":[{"href":"https:\/\/nordicmart.andreevmaster.com\/sv\/wp-json\/wp\/v2\/types\/product"}],"replies":[{"embeddable":true,"href":"https:\/\/nordicmart.andreevmaster.com\/sv\/wp-json\/wp\/v2\/comments?post=10806"}],"wp:featuredmedia":[{"embeddable":true,"href":"https:\/\/nordicmart.andreevmaster.com\/sv\/wp-json\/wp\/v2\/media\/39347"}],"wp:attachment":[{"href":"https:\/\/nordicmart.andreevmaster.com\/sv\/wp-json\/wp\/v2\/media?parent=10806"}],"wp:term":[{"taxonomy":"product_brand","embeddable":true,"href":"https:\/\/nordicmart.andreevmaster.com\/sv\/wp-json\/wp\/v2\/product_brand?post=10806"},{"taxonomy":"product_cat","embeddable":true,"href":"https:\/\/nordicmart.andreevmaster.com\/sv\/wp-json\/wp\/v2\/product_cat?post=10806"},{"taxonomy":"product_tag","embeddable":true,"href":"https:\/\/nordicmart.andreevmaster.com\/sv\/wp-json\/wp\/v2\/product_tag?post=10806"}],"curies":[{"name":"wp","href":"https:\/\/api.w.org\/{rel}","templated":true}]}}