{"id":10802,"date":"2026-02-27T00:08:24","date_gmt":"2026-02-27T00:08:24","guid":{"rendered":"https:\/\/nordicmart.andreevmaster.com\/product\/songmics-50-pack-kladhangare-i-sammet-ljusgron\/"},"modified":"2026-02-27T08:03:50","modified_gmt":"2026-02-27T08:03:50","slug":"songmics-50-pack-kladhangare-i-sammet-ljusgron","status":"publish","type":"product","link":"https:\/\/nordicmart.andreevmaster.com\/sv\/produkt\/songmics-50-pack-kladhangare-i-sammet-ljusgron\/","title":{"rendered":"SONGMICS 50-pack kl\u00e4dh\u00e4ngare i sammet, ljusgr\u00f6n"},"content":{"rendered":"<p>Produktdetaljer:F\u00e4rg: Ljusgr\u00f6n Material: Sammet, ABS-plast, metallkrok Storlek per galge: 43,5 x 0,6 x 22,5 cm (L x B x H) Vikt f\u00f6r 50 galgar: 3,9 kg Max. statisk belastningskapacitet per galge: 5 kg Leveransomfattning: 50 x galgar SONGMICS Anm\u00e4rkningar:H\u00e4ng inte v\u00e5ta kl\u00e4der p\u00e5 kl\u00e4dh\u00e4ngarna. H\u00e4ng inte f\u00f6r tunga kl\u00e4der p\u00e5 kl\u00e4dh\u00e4ngarna. Anv\u00e4nd inte dessa kl\u00e4dh\u00e4ngare i en torktumlare.<\/p>\n","protected":false},"excerpt":{"rendered":"<p>Kl\u00e4dh\u00e4ngare i sammet, 50-pack, h\u00e4ngare, halkfria, liten st\u00e5ng f\u00f6r slipsar, 360\u00b0 vridbar krok, platsbesparande, 43,5 cm, ros\u00e9guld-molnvit<\/p>\n","protected":false},"featured_media":39343,"comment_status":"open","ping_status":"closed","template":"","meta":[],"product_brand":[],"product_cat":[33],"product_tag":[],"class_list":{"0":"post-10802","1":"product","2":"type-product","3":"status-publish","4":"has-post-thumbnail","6":"product_cat-okategoriserad","8":"first","9":"instock","10":"shipping-taxable","11":"purchasable","12":"product-type-simple"},"_links":{"self":[{"href":"https:\/\/nordicmart.andreevmaster.com\/sv\/wp-json\/wp\/v2\/product\/10802","targetHints":{"allow":["GET"]}}],"collection":[{"href":"https:\/\/nordicmart.andreevmaster.com\/sv\/wp-json\/wp\/v2\/product"}],"about":[{"href":"https:\/\/nordicmart.andreevmaster.com\/sv\/wp-json\/wp\/v2\/types\/product"}],"replies":[{"embeddable":true,"href":"https:\/\/nordicmart.andreevmaster.com\/sv\/wp-json\/wp\/v2\/comments?post=10802"}],"wp:featuredmedia":[{"embeddable":true,"href":"https:\/\/nordicmart.andreevmaster.com\/sv\/wp-json\/wp\/v2\/media\/39343"}],"wp:attachment":[{"href":"https:\/\/nordicmart.andreevmaster.com\/sv\/wp-json\/wp\/v2\/media?parent=10802"}],"wp:term":[{"taxonomy":"product_brand","embeddable":true,"href":"https:\/\/nordicmart.andreevmaster.com\/sv\/wp-json\/wp\/v2\/product_brand?post=10802"},{"taxonomy":"product_cat","embeddable":true,"href":"https:\/\/nordicmart.andreevmaster.com\/sv\/wp-json\/wp\/v2\/product_cat?post=10802"},{"taxonomy":"product_tag","embeddable":true,"href":"https:\/\/nordicmart.andreevmaster.com\/sv\/wp-json\/wp\/v2\/product_tag?post=10802"}],"curies":[{"name":"wp","href":"https:\/\/api.w.org\/{rel}","templated":true}]}}