{"id":10798,"date":"2026-02-27T00:08:23","date_gmt":"2026-02-27T00:08:23","guid":{"rendered":"https:\/\/nordicmart.andreevmaster.com\/product\/songmics-kladhangare-i-sammet-20-pack-kladhangare\/"},"modified":"2026-02-27T08:03:49","modified_gmt":"2026-02-27T08:03:49","slug":"songmics-kladhangare-i-sammet-20-pack-kladhangare","status":"publish","type":"product","link":"https:\/\/nordicmart.andreevmaster.com\/sv\/produkt\/songmics-kladhangare-i-sammet-20-pack-kladhangare\/","title":{"rendered":"SONGMICS kl\u00e4dh\u00e4ngare i sammet, 20-pack, kl\u00e4dh\u00e4ngare"},"content":{"rendered":"<p>F\u00f6rdubbla utrymmet i din garderob J\u00e4mf\u00f6rt med r\u00f6rh\u00e4ngare tar dessa 0,6 cm tunna samth\u00e4ngare mindre plats, s\u00e5 att du kan f\u00e5 plats med dubbelt s\u00e5 m\u00e5nga kl\u00e4der i din garderob. En perfekt l\u00f6sning f\u00f6r begr\u00e4nsade garderober! S\u00e5 starka, men ocks\u00e5 s\u00e5 mjuka Dessa jackh\u00e4ngare \u00e4r tillr\u00e4ckligt starka f\u00f6r att klara \u00e4ven vikten av dina tunga vinterkl\u00e4der. Men de har ocks\u00e5 mjuka sidor \u2013 tack vare sin behagligt mjuka yta kan \u00e4ven dina finaste kl\u00e4der h\u00e4ngas upp utan att skadas eller skrynklas. Dessa f\u00e4rgglada h\u00e4ngare ser inte bara bra ut, utan fungerar ocks\u00e5 som en praktisk vardagshj\u00e4lpare. H\u00e4r finns plats f\u00f6r hela outfiten P\u00e5 dessa galgar kan du inte bara h\u00e4nga jackor, skjortor eller tr\u00f6jor, utan tack vare den lilla mittst\u00e5ngen \u00e4ven slipsar, b\u00e4lten och halsdukar. L\u00e4gg bara byxorna \u00f6ver den stabila tv\u00e4rst\u00e5ngen. Produktdetaljer: &#8211; F\u00e4rg: Vit &#8211; Material: Sammet, ABS-plast, metallkrok &#8211; Storlek per galge: 45 x 0,6 x 23,5 cm (L x B x H) &#8211; Vikt per galge: 78 g &#8211; Max. statisk belastningskapacitet per galge: 5 kg Leveransomfattning: &#8211; 20 x sammetgalgar SONGMICS Anvisningar:- H\u00e4ng inte v\u00e5ta kl\u00e4der p\u00e5 kl\u00e4dh\u00e4ngarna. &#8211; H\u00e5ll kl\u00e4dh\u00e4ngarna borta fr\u00e5n v\u00e4rme- och ant\u00e4ndningsk\u00e4llor. &#8211; Anv\u00e4nd inte kl\u00e4dh\u00e4ngarna i milj\u00f6er med h\u00f6g temperatur eller h\u00f6g luftfuktighet.<\/p>\n","protected":false},"excerpt":{"rendered":"<p>SONGMICS sammetskl\u00e4dh\u00e4ngare, 20 stycken, halkskydd, jackh\u00e4ngare, 0,6 cm tjocklek, kostymh\u00e4ngare, platsbesparande, 360\u00b0 vridbar krok, 45 cm bred, f\u00f6r jackor, rockar, kjolar, skjortor, byxor, vit CRF020W01<\/p>\n","protected":false},"featured_media":39340,"comment_status":"open","ping_status":"closed","template":"","meta":[],"product_brand":[],"product_cat":[33],"product_tag":[],"class_list":{"0":"post-10798","1":"product","2":"type-product","3":"status-publish","4":"has-post-thumbnail","6":"product_cat-okategoriserad","8":"first","9":"instock","10":"shipping-taxable","11":"purchasable","12":"product-type-simple"},"_links":{"self":[{"href":"https:\/\/nordicmart.andreevmaster.com\/sv\/wp-json\/wp\/v2\/product\/10798","targetHints":{"allow":["GET"]}}],"collection":[{"href":"https:\/\/nordicmart.andreevmaster.com\/sv\/wp-json\/wp\/v2\/product"}],"about":[{"href":"https:\/\/nordicmart.andreevmaster.com\/sv\/wp-json\/wp\/v2\/types\/product"}],"replies":[{"embeddable":true,"href":"https:\/\/nordicmart.andreevmaster.com\/sv\/wp-json\/wp\/v2\/comments?post=10798"}],"wp:featuredmedia":[{"embeddable":true,"href":"https:\/\/nordicmart.andreevmaster.com\/sv\/wp-json\/wp\/v2\/media\/39340"}],"wp:attachment":[{"href":"https:\/\/nordicmart.andreevmaster.com\/sv\/wp-json\/wp\/v2\/media?parent=10798"}],"wp:term":[{"taxonomy":"product_brand","embeddable":true,"href":"https:\/\/nordicmart.andreevmaster.com\/sv\/wp-json\/wp\/v2\/product_brand?post=10798"},{"taxonomy":"product_cat","embeddable":true,"href":"https:\/\/nordicmart.andreevmaster.com\/sv\/wp-json\/wp\/v2\/product_cat?post=10798"},{"taxonomy":"product_tag","embeddable":true,"href":"https:\/\/nordicmart.andreevmaster.com\/sv\/wp-json\/wp\/v2\/product_tag?post=10798"}],"curies":[{"name":"wp","href":"https:\/\/api.w.org\/{rel}","templated":true}]}}