{"id":10796,"date":"2026-02-27T00:08:23","date_gmt":"2026-02-27T00:08:23","guid":{"rendered":"https:\/\/nordicmart.andreevmaster.com\/product\/songmics-kladhangare-i-sammet-50-stycken-gra\/"},"modified":"2026-02-27T08:03:49","modified_gmt":"2026-02-27T08:03:49","slug":"songmics-kladhangare-i-sammet-50-stycken-gra","status":"publish","type":"product","link":"https:\/\/nordicmart.andreevmaster.com\/sv\/produkt\/songmics-kladhangare-i-sammet-50-stycken-gra\/","title":{"rendered":"SONGMICS kl\u00e4dh\u00e4ngare i sammet 50 stycken gr\u00e5"},"content":{"rendered":"<p>Songmics kl\u00e4dh\u00e4ngare med flockad yta \u00e4r halkfri, platsbesparande och h\u00e5llbar n\u00e4r du h\u00e4nger upp kl\u00e4der. F\u00f6r att tillgodose olika behov \u00e4r denna kl\u00e4dh\u00e4ngare multifunktionell, s\u00e5 att du inte bara kan h\u00e4nga upp rockar eller toppar p\u00e5 ett s\u00e4kert s\u00e4tt, utan ocks\u00e5 hitta plats f\u00f6r dina byxor och slipsar.Anvisningar: Anv\u00e4nd en h\u00e5rtork f\u00f6r att bl\u00e5sa bort luddet p\u00e5 produkternas yta innan du anv\u00e4nder galgarna. (Luddet p\u00e5 galgarna eller i f\u00f6rpackningsp\u00e5sarna \u00e4r ett typiskt fenomen. Det finns ingen anledning till oro.) Undvik att f\u00f6rvara galgarna under l\u00e5ng tid i rum med h\u00f6g luftfuktighet eller h\u00f6ga temperaturer.H\u00e4ng inte v\u00e5t tv\u00e4tt p\u00e5 galgarna. Produktdetaljer: Material: ABS (plast) + sammet F\u00e4rg: gr\u00e5 M\u00e5tt: 45 x 24 x 0,6 cm (B x H x D) H\u00f6gsta h\u00f6jd p\u00e5 kroken: 8 cm \u00d6ppning p\u00e5 kroken: 5,4 cm Leveransomfattning: 50 x kl\u00e4dh\u00e4ngare med byxst\u00e5ng<\/p>\n","protected":false},"excerpt":{"rendered":"<p>SONGMICS kl\u00e4dh\u00e4ngare, 50 stycken, 0,6 cm tjocka, kostymh\u00e4ngare med halkfri yta, sammet, med tv\u00e5 sk\u00e5ror, 360\u00b0 vridbar krok, tunna och platsbesparande, svarta CRF50B<\/p>\n","protected":false},"featured_media":39338,"comment_status":"open","ping_status":"closed","template":"","meta":[],"product_brand":[],"product_cat":[33],"product_tag":[],"class_list":{"0":"post-10796","1":"product","2":"type-product","3":"status-publish","4":"has-post-thumbnail","6":"product_cat-okategoriserad","8":"first","9":"instock","10":"shipping-taxable","11":"purchasable","12":"product-type-simple"},"_links":{"self":[{"href":"https:\/\/nordicmart.andreevmaster.com\/sv\/wp-json\/wp\/v2\/product\/10796","targetHints":{"allow":["GET"]}}],"collection":[{"href":"https:\/\/nordicmart.andreevmaster.com\/sv\/wp-json\/wp\/v2\/product"}],"about":[{"href":"https:\/\/nordicmart.andreevmaster.com\/sv\/wp-json\/wp\/v2\/types\/product"}],"replies":[{"embeddable":true,"href":"https:\/\/nordicmart.andreevmaster.com\/sv\/wp-json\/wp\/v2\/comments?post=10796"}],"wp:featuredmedia":[{"embeddable":true,"href":"https:\/\/nordicmart.andreevmaster.com\/sv\/wp-json\/wp\/v2\/media\/39338"}],"wp:attachment":[{"href":"https:\/\/nordicmart.andreevmaster.com\/sv\/wp-json\/wp\/v2\/media?parent=10796"}],"wp:term":[{"taxonomy":"product_brand","embeddable":true,"href":"https:\/\/nordicmart.andreevmaster.com\/sv\/wp-json\/wp\/v2\/product_brand?post=10796"},{"taxonomy":"product_cat","embeddable":true,"href":"https:\/\/nordicmart.andreevmaster.com\/sv\/wp-json\/wp\/v2\/product_cat?post=10796"},{"taxonomy":"product_tag","embeddable":true,"href":"https:\/\/nordicmart.andreevmaster.com\/sv\/wp-json\/wp\/v2\/product_tag?post=10796"}],"curies":[{"name":"wp","href":"https:\/\/api.w.org\/{rel}","templated":true}]}}