{"id":10795,"date":"2026-02-27T00:08:23","date_gmt":"2026-02-27T00:08:23","guid":{"rendered":"https:\/\/nordicmart.andreevmaster.com\/product\/songmics-kladhangare-ljusrosa\/"},"modified":"2026-02-27T08:03:49","modified_gmt":"2026-02-27T08:03:49","slug":"songmics-kladhangare-ljusrosa","status":"publish","type":"product","link":"https:\/\/nordicmart.andreevmaster.com\/sv\/produkt\/songmics-kladhangare-ljusrosa\/","title":{"rendered":"SONGMICS kl\u00e4dh\u00e4ngare ljusrosa"},"content":{"rendered":"<p>Har du sv\u00e5rt att \u00f6verblicka det stora utbudet av olika typer av kl\u00e4dh\u00e4ngare? Varf\u00f6r inte prova dessa klassiska kl\u00e4dh\u00e4ngare fr\u00e5n SONGMICS f\u00f6r att ge din garderob en touch av klass? Ibland \u00e4r en enkel design allt du beh\u00f6ver.Oavsett om det g\u00e4ller dunjackor, ullrockar, vindjackor, skjortor, kl\u00e4nningar, byxor, kjolar, halsdukar eller handdukar \u2013 alla kl\u00e4desplagg kan enkelt h\u00e4ngas upp p\u00e5 galgarna och tas ner igen. Dessa galgar fr\u00e5n SONGMICS erbjuder alla funktioner du beh\u00f6ver f\u00f6r att f\u00f6rvara dina kl\u00e4der snyggt och utan veck.Produktdetaljer: F\u00e4rg: Ljusrosa Material: Sammet, ABS-plast, metallkrok Storlek per galge: 45 x 0,6 x 23,5 cm (L x B x H) Vikt per galge: 78 g Max. statisk belastningskapacitet per galge: 5 kg Leveransomfattning: 50 x sammetgalgar SONGMICS Anvisningar:H\u00e4ng inte v\u00e5ta kl\u00e4der p\u00e5 kl\u00e4dh\u00e4ngarna. H\u00e5ll kl\u00e4dh\u00e4ngarna borta fr\u00e5n v\u00e4rme- och ant\u00e4ndningsk\u00e4llor. Anv\u00e4nd inte kl\u00e4dh\u00e4ngarna i milj\u00f6er med h\u00f6g temperatur eller h\u00f6g luftfuktighet. H\u00e4ng inte f\u00f6r tunga f\u00f6rem\u00e5l och kl\u00e4der p\u00e5 kl\u00e4dh\u00e4ngarna. Anv\u00e4nd inte dessa kl\u00e4dh\u00e4ngare i en b\u00e4rbar torktumlare.<\/p>\n","protected":false},"excerpt":{"rendered":"<p>SONGMICS kl\u00e4dh\u00e4ngare, 50 stycken, 0,6 cm tjocka, kostymh\u00e4ngare med halkfri yta, sammet, med tv\u00e5 sk\u00e5ror, 360\u00b0 vridbar krok, tunna och platsbesparande, svarta CRF50B<\/p>\n","protected":false},"featured_media":39337,"comment_status":"open","ping_status":"closed","template":"","meta":[],"product_brand":[],"product_cat":[33],"product_tag":[],"class_list":{"0":"post-10795","1":"product","2":"type-product","3":"status-publish","4":"has-post-thumbnail","6":"product_cat-okategoriserad","8":"first","9":"instock","10":"shipping-taxable","11":"purchasable","12":"product-type-simple"},"_links":{"self":[{"href":"https:\/\/nordicmart.andreevmaster.com\/sv\/wp-json\/wp\/v2\/product\/10795","targetHints":{"allow":["GET"]}}],"collection":[{"href":"https:\/\/nordicmart.andreevmaster.com\/sv\/wp-json\/wp\/v2\/product"}],"about":[{"href":"https:\/\/nordicmart.andreevmaster.com\/sv\/wp-json\/wp\/v2\/types\/product"}],"replies":[{"embeddable":true,"href":"https:\/\/nordicmart.andreevmaster.com\/sv\/wp-json\/wp\/v2\/comments?post=10795"}],"wp:featuredmedia":[{"embeddable":true,"href":"https:\/\/nordicmart.andreevmaster.com\/sv\/wp-json\/wp\/v2\/media\/39337"}],"wp:attachment":[{"href":"https:\/\/nordicmart.andreevmaster.com\/sv\/wp-json\/wp\/v2\/media?parent=10795"}],"wp:term":[{"taxonomy":"product_brand","embeddable":true,"href":"https:\/\/nordicmart.andreevmaster.com\/sv\/wp-json\/wp\/v2\/product_brand?post=10795"},{"taxonomy":"product_cat","embeddable":true,"href":"https:\/\/nordicmart.andreevmaster.com\/sv\/wp-json\/wp\/v2\/product_cat?post=10795"},{"taxonomy":"product_tag","embeddable":true,"href":"https:\/\/nordicmart.andreevmaster.com\/sv\/wp-json\/wp\/v2\/product_tag?post=10795"}],"curies":[{"name":"wp","href":"https:\/\/api.w.org\/{rel}","templated":true}]}}