{"id":10792,"date":"2026-02-27T00:08:22","date_gmt":"2026-02-27T00:08:22","guid":{"rendered":"https:\/\/nordicmart.andreevmaster.com\/product\/songmics-kladhangare-42-cm\/"},"modified":"2026-02-27T08:03:48","modified_gmt":"2026-02-27T08:03:48","slug":"songmics-kladhangare-42-cm","status":"publish","type":"product","link":"https:\/\/nordicmart.andreevmaster.com\/sv\/produkt\/songmics-kladhangare-42-cm\/","title":{"rendered":"SONGMICS kl\u00e4dh\u00e4ngare 42 cm"},"content":{"rendered":"<p>Har du sv\u00e5rt att v\u00e4lja mellan tusentals kl\u00e4desplagg? Ser din garderob alltid kaotisk ut? Glider dina favoritkl\u00e4der alltid av galgen? Ingen panik, dessa sammetgalgar fr\u00e5n SONGMICS kommer till din unds\u00e4ttning! Tack vare den eleganta designen och de robusta materialen kan dina kl\u00e4der alltid h\u00e4ngas snyggt och prydligt i garderoben, d\u00e4r de v\u00e4ntar p\u00e5 att anv\u00e4ndas.<\/p>\n<p>Garderobens filosofi \u2013 \u201dmindre \u00e4r mer\u201d: Vill du h\u00e4nga upp fler kl\u00e4der i garderoben? D\u00e5 \u00e4r tunna galgar ett mycket enkelt s\u00e4tt att uppn\u00e5 detta m\u00e5l. Men de m\u00e5ste naturligtvis ocks\u00e5 vara mycket t\u00e5liga \u2013 som dessa sammetgalgar fr\u00e5n SONGMICS. Varje galge \u00e4r bara 0,5 cm tjock, men t\u00e5l upp till 5 kg. P\u00e5 s\u00e5 s\u00e4tt kan du utnyttja utrymmet i garderoben optimalt, eftersom galgarna sj\u00e4lva tar liten plats.<\/p>\n<p>Genomt\u00e4nkt design: \u00c4ven de mest \u00f6mt\u00e5liga sidenkl\u00e4nningarna glider inte av dessa halkskyddade sammetskl\u00e4dh\u00e4ngare; skjortor blir inte skrynkliga tack vare kl\u00e4dh\u00e4ngarnas ergonomiska rundningar vid axlarna; tack vare ursk\u00e4rningarna i axelpartiet passar \u00e4ven linnekl\u00e4nningar p\u00e5 dessa kl\u00e4dh\u00e4ngare. Kroken kan vridas 360\u00b0, s\u00e5 att du enkelt kan v\u00e4nda dina kl\u00e4der om du r\u00e5kar ha h\u00e4ngt dem i fel riktning. Kort sagt, dessa galgar \u00e4r utformade f\u00f6r m\u00e5nga olika typer av kl\u00e4der! Produktdetaljer:<br \/>\nF\u00e4rg: Rosa<br \/>\nMaterial: ABS-plast, sammet, metallkrok<br \/>\nStorlek: 42 x 0,5 x 21,5 cm (L x B x H)<br \/>\nVikt per galge: 68 g<br \/>\nMax. statisk belastningskapacitet per galge: 5 kg<\/p>\n<p>Leveransomfattning:<br \/>\n30 x kl\u00e4dh\u00e4ngare<\/p>\n<p>SONGMICS Anm\u00e4rkningar:<br \/>\nAnv\u00e4nd inte dessa kl\u00e4dh\u00e4ngare i torktumlare eller tv\u00e4ttmaskin.<br \/>\nDen maximala belastningen per galge \u00e4r 5 kg. \u00d6verskrid inte denna maximala vikt.<\/p>\n","protected":false},"excerpt":{"rendered":"<p>SONGMICS kl\u00e4dh\u00e4ngare i sammet, 30-pack, jackh\u00e4ngare med halkfri yta, 42 cm l\u00e5ng, kostymh\u00e4ngare, tunn, robust, h\u00f6g belastningskapacitet, 360\u00b0 vridbar krok, f\u00f6r rockar, skjortor, gr\u00e5 CRF26V<\/p>\n","protected":false},"featured_media":39334,"comment_status":"open","ping_status":"closed","template":"","meta":[],"product_brand":[],"product_cat":[33],"product_tag":[],"class_list":{"0":"post-10792","1":"product","2":"type-product","3":"status-publish","4":"has-post-thumbnail","6":"product_cat-okategoriserad","8":"first","9":"instock","10":"shipping-taxable","11":"purchasable","12":"product-type-simple"},"_links":{"self":[{"href":"https:\/\/nordicmart.andreevmaster.com\/sv\/wp-json\/wp\/v2\/product\/10792","targetHints":{"allow":["GET"]}}],"collection":[{"href":"https:\/\/nordicmart.andreevmaster.com\/sv\/wp-json\/wp\/v2\/product"}],"about":[{"href":"https:\/\/nordicmart.andreevmaster.com\/sv\/wp-json\/wp\/v2\/types\/product"}],"replies":[{"embeddable":true,"href":"https:\/\/nordicmart.andreevmaster.com\/sv\/wp-json\/wp\/v2\/comments?post=10792"}],"wp:featuredmedia":[{"embeddable":true,"href":"https:\/\/nordicmart.andreevmaster.com\/sv\/wp-json\/wp\/v2\/media\/39334"}],"wp:attachment":[{"href":"https:\/\/nordicmart.andreevmaster.com\/sv\/wp-json\/wp\/v2\/media?parent=10792"}],"wp:term":[{"taxonomy":"product_brand","embeddable":true,"href":"https:\/\/nordicmart.andreevmaster.com\/sv\/wp-json\/wp\/v2\/product_brand?post=10792"},{"taxonomy":"product_cat","embeddable":true,"href":"https:\/\/nordicmart.andreevmaster.com\/sv\/wp-json\/wp\/v2\/product_cat?post=10792"},{"taxonomy":"product_tag","embeddable":true,"href":"https:\/\/nordicmart.andreevmaster.com\/sv\/wp-json\/wp\/v2\/product_tag?post=10792"}],"curies":[{"name":"wp","href":"https:\/\/api.w.org\/{rel}","templated":true}]}}