{"id":10788,"date":"2026-02-27T00:08:21","date_gmt":"2026-02-27T00:08:21","guid":{"rendered":"https:\/\/nordicmart.andreevmaster.com\/product\/songmics-kladhangare-i-sammet-30-st-ljusrosa\/"},"modified":"2026-02-27T08:03:48","modified_gmt":"2026-02-27T08:03:48","slug":"songmics-kladhangare-i-sammet-30-st-ljusrosa","status":"publish","type":"product","link":"https:\/\/nordicmart.andreevmaster.com\/sv\/produkt\/songmics-kladhangare-i-sammet-30-st-ljusrosa\/","title":{"rendered":"SONGMICS kl\u00e4dh\u00e4ngare i sammet 30 st ljusrosa"},"content":{"rendered":"<p>Produktdetaljer: F\u00e4rg: Krokar i ros\u00e9guld Material: Sammet, ABS-plast, metallkrokar Storlek per galge: 45 x 0,6 x 23,5 cm (L x B x H) Vikt per galge: 78 g Max. statisk belastningskapacitet per galge: 5 kg Leveransomf\u00e5ng: 30 x sammetgalgar SONGMICS Anvisningar:H\u00e4ng inte v\u00e5ta kl\u00e4der p\u00e5 kl\u00e4dh\u00e4ngarna. H\u00e5ll kl\u00e4dh\u00e4ngarna borta fr\u00e5n v\u00e4rme- och ant\u00e4ndningsk\u00e4llor. Anv\u00e4nd inte kl\u00e4dh\u00e4ngarna i milj\u00f6er med h\u00f6g temperatur eller h\u00f6g luftfuktighet. H\u00e4ng inte f\u00f6r tunga f\u00f6rem\u00e5l och kl\u00e4der p\u00e5 kl\u00e4dh\u00e4ngarna. Anv\u00e4nd inte dessa kl\u00e4dh\u00e4ngare i en b\u00e4rbar torktumlare.<\/p>\n","protected":false},"excerpt":{"rendered":"<p>SONGMICS sammetskl\u00e4dh\u00e4ngare, 50 stycken, halkskydd, jackh\u00e4ngare, vridbar krok i ros\u00e9guld, tjocklek 0,6 cm, platsbesparande, 45 cm bred, f\u00f6r jackor, skjortor, kjolar, byxor, slipsar, svart CRF21BK50<\/p>\n","protected":false},"featured_media":39330,"comment_status":"open","ping_status":"closed","template":"","meta":[],"product_brand":[],"product_cat":[33],"product_tag":[],"class_list":{"0":"post-10788","1":"product","2":"type-product","3":"status-publish","4":"has-post-thumbnail","6":"product_cat-okategoriserad","8":"first","9":"instock","10":"shipping-taxable","11":"purchasable","12":"product-type-simple"},"_links":{"self":[{"href":"https:\/\/nordicmart.andreevmaster.com\/sv\/wp-json\/wp\/v2\/product\/10788","targetHints":{"allow":["GET"]}}],"collection":[{"href":"https:\/\/nordicmart.andreevmaster.com\/sv\/wp-json\/wp\/v2\/product"}],"about":[{"href":"https:\/\/nordicmart.andreevmaster.com\/sv\/wp-json\/wp\/v2\/types\/product"}],"replies":[{"embeddable":true,"href":"https:\/\/nordicmart.andreevmaster.com\/sv\/wp-json\/wp\/v2\/comments?post=10788"}],"wp:featuredmedia":[{"embeddable":true,"href":"https:\/\/nordicmart.andreevmaster.com\/sv\/wp-json\/wp\/v2\/media\/39330"}],"wp:attachment":[{"href":"https:\/\/nordicmart.andreevmaster.com\/sv\/wp-json\/wp\/v2\/media?parent=10788"}],"wp:term":[{"taxonomy":"product_brand","embeddable":true,"href":"https:\/\/nordicmart.andreevmaster.com\/sv\/wp-json\/wp\/v2\/product_brand?post=10788"},{"taxonomy":"product_cat","embeddable":true,"href":"https:\/\/nordicmart.andreevmaster.com\/sv\/wp-json\/wp\/v2\/product_cat?post=10788"},{"taxonomy":"product_tag","embeddable":true,"href":"https:\/\/nordicmart.andreevmaster.com\/sv\/wp-json\/wp\/v2\/product_tag?post=10788"}],"curies":[{"name":"wp","href":"https:\/\/api.w.org\/{rel}","templated":true}]}}