{"id":10778,"date":"2026-02-27T00:08:19","date_gmt":"2026-02-27T00:08:19","guid":{"rendered":"https:\/\/nordicmart.andreevmaster.com\/product\/songmics-barnkladhangare-20-st-sammet-rosa\/"},"modified":"2026-02-27T08:03:46","modified_gmt":"2026-02-27T08:03:46","slug":"songmics-barnkladhangare-20-st-sammet-rosa","status":"publish","type":"product","link":"https:\/\/nordicmart.andreevmaster.com\/sv\/produkt\/songmics-barnkladhangare-20-st-sammet-rosa\/","title":{"rendered":"SONGMICS barnkl\u00e4dh\u00e4ngare 20 st sammet rosa"},"content":{"rendered":"<p>Irriterar det dig att dina barns kl\u00e4der ligger och flyger omkring \u00f6verallt? Letar du efter passande kl\u00e4dh\u00e4ngare f\u00f6r dina barn? Songmics barnkl\u00e4dh\u00e4ngare med sammetsoverflate \u00e4r ditt b\u00e4sta val. Den \u00e4r speciellt utformad f\u00f6r barnkl\u00e4der. Den starka f\u00e4rgen \u00e4r ocks\u00e5 mycket attraktiv f\u00f6r barn. Dessutom \u00e4r den bara 0,5 cm tjock. N\u00e4r du har satt in dem kommer du att bli f\u00f6rv\u00e5nad \u00f6ver hur mycket utrymme du kan vinna. Tack vare de ergonomiskt utformade rundningarna p\u00e5 b\u00e5da sidorna kommer axlarna inte att skrynklas och deformeras n\u00e4r du h\u00e4nger upp dem. Den har ocks\u00e5 tv\u00e5 sk\u00e5ror s\u00e5 att \u00e4ven kjolar eller \u00f6verdelar med \u00f6glor h\u00e5lls s\u00e4kert p\u00e5 plats. Och metallkroken \u00e4r blank, rostfri och kan vridas 360\u00b0.  Songmics barnkl\u00e4dh\u00e4ngare kommer definitivt att bli din familjs &#8221;duktiga assistent&#8221;. Produktdetaljer: &#8211; Material: ABS + sammet &#8211; F\u00e4rg: rosa &#8211; M\u00e5tt: 30 x 20,5 x 0,5 cm (B x H x D) &#8211; Kroksh\u00f6jd: 7,8 cm &#8211; Krokbredd: 5,1 cm &#8211; Bruttovikt: 1,4 kg Leveransomfattning: &#8211; 20 x barnkl\u00e4dh\u00e4ngare Anm\u00e4rkningar:  &#8211; Anv\u00e4nd en h\u00e5rtork f\u00f6r att bl\u00e5sa bort ytlig ludd innan anv\u00e4ndning (ytlig ludd kan f\u00f6rekomma i f\u00f6rpackningsp\u00e5sarna eller p\u00e5 galgarna, detta \u00e4r normalt, var inte orolig). &#8211; Undvik att h\u00e4ngarna ligger l\u00e4nge i rum med h\u00f6g luftfuktighet och temperatur. &#8211; Undvik att h\u00e4ngarna b\u00e4r v\u00e5t tv\u00e4tt.<\/p>\n","protected":false},"excerpt":{"rendered":"<p>SONGMICS kl\u00e4dh\u00e4ngare, sammet, 20 st, 0,6 cm tjocka, kostymh\u00e4ngare, jackh\u00e4ngare med halkfri yta, med tv\u00e5 sk\u00e5ror, 360\u00b0 vridbar krok, halkskydd, svart CRF20B<\/p>\n","protected":false},"featured_media":39320,"comment_status":"open","ping_status":"closed","template":"","meta":[],"product_brand":[],"product_cat":[33],"product_tag":[],"class_list":{"0":"post-10778","1":"product","2":"type-product","3":"status-publish","4":"has-post-thumbnail","6":"product_cat-okategoriserad","8":"first","9":"instock","10":"shipping-taxable","11":"purchasable","12":"product-type-simple"},"_links":{"self":[{"href":"https:\/\/nordicmart.andreevmaster.com\/sv\/wp-json\/wp\/v2\/product\/10778","targetHints":{"allow":["GET"]}}],"collection":[{"href":"https:\/\/nordicmart.andreevmaster.com\/sv\/wp-json\/wp\/v2\/product"}],"about":[{"href":"https:\/\/nordicmart.andreevmaster.com\/sv\/wp-json\/wp\/v2\/types\/product"}],"replies":[{"embeddable":true,"href":"https:\/\/nordicmart.andreevmaster.com\/sv\/wp-json\/wp\/v2\/comments?post=10778"}],"wp:featuredmedia":[{"embeddable":true,"href":"https:\/\/nordicmart.andreevmaster.com\/sv\/wp-json\/wp\/v2\/media\/39320"}],"wp:attachment":[{"href":"https:\/\/nordicmart.andreevmaster.com\/sv\/wp-json\/wp\/v2\/media?parent=10778"}],"wp:term":[{"taxonomy":"product_brand","embeddable":true,"href":"https:\/\/nordicmart.andreevmaster.com\/sv\/wp-json\/wp\/v2\/product_brand?post=10778"},{"taxonomy":"product_cat","embeddable":true,"href":"https:\/\/nordicmart.andreevmaster.com\/sv\/wp-json\/wp\/v2\/product_cat?post=10778"},{"taxonomy":"product_tag","embeddable":true,"href":"https:\/\/nordicmart.andreevmaster.com\/sv\/wp-json\/wp\/v2\/product_tag?post=10778"}],"curies":[{"name":"wp","href":"https:\/\/api.w.org\/{rel}","templated":true}]}}