{"id":10775,"date":"2026-02-27T00:08:19","date_gmt":"2026-02-27T00:08:19","guid":{"rendered":"https:\/\/nordicmart.andreevmaster.com\/product\/songmics-kladhangare-med-360-vridbara-krokar\/"},"modified":"2026-02-27T08:03:46","modified_gmt":"2026-02-27T08:03:46","slug":"songmics-kladhangare-med-360-vridbara-krokar","status":"publish","type":"product","link":"https:\/\/nordicmart.andreevmaster.com\/sv\/produkt\/songmics-kladhangare-med-360-vridbara-krokar\/","title":{"rendered":"SONGMICS kl\u00e4dh\u00e4ngare med 360\u00b0 vridbara krokar"},"content":{"rendered":"<p>SONGMICS str\u00e4var efter att erbjuda b\u00e4ttre kl\u00e4dh\u00e4ngare av h\u00f6gre kvalitet. Vi str\u00e4var alltid efter att l\u00f6sa f\u00f6rvaringsproblemet f\u00f6r alla typer av kl\u00e4der. Vi str\u00e4var alltid efter att f\u00f6rb\u00e4ttra produkten utifr\u00e5n era f\u00f6rslag. Vi str\u00e4var alltid efter att anv\u00e4nda h\u00f6gkvalitativa material f\u00f6r att garantera b\u00e4sta kvalitet. Vi str\u00e4var alltid efter att alla ska kunna hitta r\u00e4tt kl\u00e4dh\u00e4ngare hos Songmics. SONGMICS kl\u00e4dh\u00e4ngare f\u00f6ljer med dig i varje h\u00f6rn av ditt hem. Produktdetaljer: M\u00e5tt f\u00f6r varje kl\u00e4dh\u00e4ngare: 42,5 x 0,5 x 23,5 cm (L x B x H) F\u00e4rg: Ljusgr\u00e5 Material: ABS-plast + sammet Belastningskapacitet f\u00f6r varje kl\u00e4dh\u00e4ngare: 2,5 kg Nettovikt: 1 kg Bruttovikt: 1,6 kg Leveransomfattning: 12 x kl\u00e4dh\u00e4ngare med kl\u00e4mmor SONGMICS Anvisningar: Undvik att h\u00e4nga v\u00e5ta kl\u00e4der direkt p\u00e5 kl\u00e4dh\u00e4ngarna.H\u00e5ll kl\u00e4dh\u00e4ngarna borta fr\u00e5n ant\u00e4ndningsk\u00e4llor och uts\u00e4tt dem inte f\u00f6r direkt intensivt solljus.<\/p>\n","protected":false},"excerpt":{"rendered":"<p>SONGMICS 30 st byxh\u00e4ngare kl\u00e4dh\u00e4ngare sammet med brygga och clips kostymh\u00e4ngare tunn, halkfri, platsbesparande 360\u00b0 vridbar krok f\u00f6r kostymer skjortor jackor rockar 42,5 cm gr\u00e5 CRF12V-30<\/p>\n","protected":false},"featured_media":39317,"comment_status":"open","ping_status":"closed","template":"","meta":[],"product_brand":[],"product_cat":[33],"product_tag":[],"class_list":{"0":"post-10775","1":"product","2":"type-product","3":"status-publish","4":"has-post-thumbnail","6":"product_cat-okategoriserad","8":"first","9":"instock","10":"shipping-taxable","11":"purchasable","12":"product-type-simple"},"_links":{"self":[{"href":"https:\/\/nordicmart.andreevmaster.com\/sv\/wp-json\/wp\/v2\/product\/10775","targetHints":{"allow":["GET"]}}],"collection":[{"href":"https:\/\/nordicmart.andreevmaster.com\/sv\/wp-json\/wp\/v2\/product"}],"about":[{"href":"https:\/\/nordicmart.andreevmaster.com\/sv\/wp-json\/wp\/v2\/types\/product"}],"replies":[{"embeddable":true,"href":"https:\/\/nordicmart.andreevmaster.com\/sv\/wp-json\/wp\/v2\/comments?post=10775"}],"wp:featuredmedia":[{"embeddable":true,"href":"https:\/\/nordicmart.andreevmaster.com\/sv\/wp-json\/wp\/v2\/media\/39317"}],"wp:attachment":[{"href":"https:\/\/nordicmart.andreevmaster.com\/sv\/wp-json\/wp\/v2\/media?parent=10775"}],"wp:term":[{"taxonomy":"product_brand","embeddable":true,"href":"https:\/\/nordicmart.andreevmaster.com\/sv\/wp-json\/wp\/v2\/product_brand?post=10775"},{"taxonomy":"product_cat","embeddable":true,"href":"https:\/\/nordicmart.andreevmaster.com\/sv\/wp-json\/wp\/v2\/product_cat?post=10775"},{"taxonomy":"product_tag","embeddable":true,"href":"https:\/\/nordicmart.andreevmaster.com\/sv\/wp-json\/wp\/v2\/product_tag?post=10775"}],"curies":[{"name":"wp","href":"https:\/\/api.w.org\/{rel}","templated":true}]}}