{"id":10774,"date":"2026-02-27T00:08:18","date_gmt":"2026-02-27T00:08:18","guid":{"rendered":"https:\/\/nordicmart.andreevmaster.com\/product\/songmics-byxhangare-30-st-gra\/"},"modified":"2026-02-27T08:03:46","modified_gmt":"2026-02-27T08:03:46","slug":"songmics-byxhangare-30-st-gra","status":"publish","type":"product","link":"https:\/\/nordicmart.andreevmaster.com\/sv\/produkt\/songmics-byxhangare-30-st-gra\/","title":{"rendered":"SONGMICS byxh\u00e4ngare 30 st gr\u00e5"},"content":{"rendered":"<p>Flexibla kl\u00e4mmor Kl\u00e4mmorna kan flyttas \u00e5t v\u00e4nster och h\u00f6ger s\u00e5 att de kan anpassas till b\u00e5de barn- och vuxenkl\u00e4der. Halkskydd &#038; skrynkelfri Kl\u00e4mmorna \u00e4r f\u00f6rsedda med plast\u00f6verdrag. P\u00e5 s\u00e5 s\u00e4tt l\u00e4mnar kl\u00e4mmorna inga m\u00e4rken p\u00e5 dina kl\u00e4der och ger dem samtidigt ett fast grepp.F\u00f6r olika kl\u00e4desplagg Varje h\u00e4ngare t\u00e5l en belastning p\u00e5 upp till 2,5 kg. Vill du h\u00e4nga upp kl\u00e4nningar, byxor eller handskar? Inga problem! Produktdetaljer: M\u00e5tt f\u00f6r varje kl\u00e4dh\u00e4ngare: 42,5 x 23,5 x 0,5 cm (B x H x D) F\u00e4rg: gr\u00e5 Material: ABS-plast + sammet Belastningskapacitet f\u00f6r varje kl\u00e4dh\u00e4ngare: 5 kg Kl\u00e4mkraft: 2,5 kg Nettovikt: 1 kg Bruttovikt: 1,6 kg Leveransomfattning: 30 x kl\u00e4dh\u00e4ngare med kl\u00e4mmor Anm\u00e4rkningar: Undvik att h\u00e4nga v\u00e5ta kl\u00e4der direkt p\u00e5 kl\u00e4dh\u00e4ngarna.H\u00e5ll kl\u00e4dh\u00e4ngarna borta fr\u00e5n ant\u00e4ndningsk\u00e4llor och uts\u00e4tt dem inte f\u00f6r direkt intensivt solljus.<\/p>\n","protected":false},"excerpt":{"rendered":"<p>SONGMICS 30 st byxh\u00e4ngare kl\u00e4dh\u00e4ngare sammet med brygga och clips kostymh\u00e4ngare tunn, halkfri, platsbesparande 360\u00b0 vridbar krok f\u00f6r kostymer skjortor jackor rockar 42,5 cm gr\u00e5 CRF12V-30<\/p>\n","protected":false},"featured_media":39316,"comment_status":"open","ping_status":"closed","template":"","meta":[],"product_brand":[],"product_cat":[33],"product_tag":[],"class_list":{"0":"post-10774","1":"product","2":"type-product","3":"status-publish","4":"has-post-thumbnail","6":"product_cat-okategoriserad","8":"first","9":"instock","10":"shipping-taxable","11":"purchasable","12":"product-type-simple"},"_links":{"self":[{"href":"https:\/\/nordicmart.andreevmaster.com\/sv\/wp-json\/wp\/v2\/product\/10774","targetHints":{"allow":["GET"]}}],"collection":[{"href":"https:\/\/nordicmart.andreevmaster.com\/sv\/wp-json\/wp\/v2\/product"}],"about":[{"href":"https:\/\/nordicmart.andreevmaster.com\/sv\/wp-json\/wp\/v2\/types\/product"}],"replies":[{"embeddable":true,"href":"https:\/\/nordicmart.andreevmaster.com\/sv\/wp-json\/wp\/v2\/comments?post=10774"}],"wp:featuredmedia":[{"embeddable":true,"href":"https:\/\/nordicmart.andreevmaster.com\/sv\/wp-json\/wp\/v2\/media\/39316"}],"wp:attachment":[{"href":"https:\/\/nordicmart.andreevmaster.com\/sv\/wp-json\/wp\/v2\/media?parent=10774"}],"wp:term":[{"taxonomy":"product_brand","embeddable":true,"href":"https:\/\/nordicmart.andreevmaster.com\/sv\/wp-json\/wp\/v2\/product_brand?post=10774"},{"taxonomy":"product_cat","embeddable":true,"href":"https:\/\/nordicmart.andreevmaster.com\/sv\/wp-json\/wp\/v2\/product_cat?post=10774"},{"taxonomy":"product_tag","embeddable":true,"href":"https:\/\/nordicmart.andreevmaster.com\/sv\/wp-json\/wp\/v2\/product_tag?post=10774"}],"curies":[{"name":"wp","href":"https:\/\/api.w.org\/{rel}","templated":true}]}}