{"id":10771,"date":"2026-02-27T00:08:18","date_gmt":"2026-02-27T00:08:18","guid":{"rendered":"https:\/\/nordicmart.andreevmaster.com\/product\/songmics-byxhangare-med-sammetskladsel-12-pack\/"},"modified":"2026-02-27T08:03:45","modified_gmt":"2026-02-27T08:03:45","slug":"songmics-byxhangare-med-sammetskladsel-12-pack","status":"publish","type":"product","link":"https:\/\/nordicmart.andreevmaster.com\/sv\/produkt\/songmics-byxhangare-med-sammetskladsel-12-pack\/","title":{"rendered":"SONGMICS byxh\u00e4ngare med sammetskl\u00e4dsel, 12-pack"},"content":{"rendered":"<p>SONGMICS str\u00e4var efter att erbjuda dig h\u00f6gkvalitativa och praktiska kl\u00e4dh\u00e4ngare. Vi str\u00e4var alltid efter att g\u00f6ra det s\u00e5 enkelt som m\u00f6jligt f\u00f6r dig att f\u00f6rvara dina kl\u00e4der. Vi str\u00e4var alltid efter att f\u00f6rb\u00e4ttra v\u00e5ra produkter enligt dina f\u00f6rslag.Vi anv\u00e4nder alltid h\u00f6gkvalitativa material f\u00f6r att garantera en god produktkvalitet. Vi l\u00e4gger stor vikt vid att alla kunder ska kunna hitta l\u00e4mpliga galgar hos SONGMICS. Kl\u00e4dh\u00e4ngare fr\u00e5n SONGMICS \u2013 vardagliga f\u00f6ljeslagare i varje garderob Produktdetaljer:F\u00e4rg: Ljusrosa Material: ABS-plast, nylon, sammet Storlek per galge: 42,5 x 0,5 x 23,5 cm (L x B x H) Vikt: 1 kg Max. statisk belastningskapacitet per galge: 2,5 kg Leveransomfattning: 12 x kl\u00e4dh\u00e4ngare SONGMICS Anvisningar: H\u00e4ng inte v\u00e5ta kl\u00e4der p\u00e5 kl\u00e4dh\u00e4ngarna.H\u00e5ll produkten borta fr\u00e5n v\u00e4rme- och ant\u00e4ndningsk\u00e4llor. Uts\u00e4tt den inte heller f\u00f6r direkt solljus under l\u00e4ngre tid.<\/p>\n","protected":false},"excerpt":{"rendered":"<p>SONGMICS 30 st byxh\u00e4ngare kl\u00e4dh\u00e4ngare sammet med brygga och clips kostymh\u00e4ngare tunn, halkfri, platsbesparande 360\u00b0 vridbar krok f\u00f6r kostymer skjortor jackor rockar 42,5 cm gr\u00e5 CRF12V-30<\/p>\n","protected":false},"featured_media":39314,"comment_status":"open","ping_status":"closed","template":"","meta":[],"product_brand":[],"product_cat":[33],"product_tag":[],"class_list":{"0":"post-10771","1":"product","2":"type-product","3":"status-publish","4":"has-post-thumbnail","6":"product_cat-okategoriserad","8":"first","9":"instock","10":"shipping-taxable","11":"purchasable","12":"product-type-simple"},"_links":{"self":[{"href":"https:\/\/nordicmart.andreevmaster.com\/sv\/wp-json\/wp\/v2\/product\/10771","targetHints":{"allow":["GET"]}}],"collection":[{"href":"https:\/\/nordicmart.andreevmaster.com\/sv\/wp-json\/wp\/v2\/product"}],"about":[{"href":"https:\/\/nordicmart.andreevmaster.com\/sv\/wp-json\/wp\/v2\/types\/product"}],"replies":[{"embeddable":true,"href":"https:\/\/nordicmart.andreevmaster.com\/sv\/wp-json\/wp\/v2\/comments?post=10771"}],"wp:featuredmedia":[{"embeddable":true,"href":"https:\/\/nordicmart.andreevmaster.com\/sv\/wp-json\/wp\/v2\/media\/39314"}],"wp:attachment":[{"href":"https:\/\/nordicmart.andreevmaster.com\/sv\/wp-json\/wp\/v2\/media?parent=10771"}],"wp:term":[{"taxonomy":"product_brand","embeddable":true,"href":"https:\/\/nordicmart.andreevmaster.com\/sv\/wp-json\/wp\/v2\/product_brand?post=10771"},{"taxonomy":"product_cat","embeddable":true,"href":"https:\/\/nordicmart.andreevmaster.com\/sv\/wp-json\/wp\/v2\/product_cat?post=10771"},{"taxonomy":"product_tag","embeddable":true,"href":"https:\/\/nordicmart.andreevmaster.com\/sv\/wp-json\/wp\/v2\/product_tag?post=10771"}],"curies":[{"name":"wp","href":"https:\/\/api.w.org\/{rel}","templated":true}]}}