{"id":10769,"date":"2026-02-27T00:08:17","date_gmt":"2026-02-27T00:08:17","guid":{"rendered":"https:\/\/nordicmart.andreevmaster.com\/product\/songmics-byxhangare-i-sammet-12-stycken-svarta\/"},"modified":"2026-02-27T08:03:45","modified_gmt":"2026-02-27T08:03:45","slug":"songmics-byxhangare-i-sammet-12-stycken-svarta","status":"publish","type":"product","link":"https:\/\/nordicmart.andreevmaster.com\/sv\/produkt\/songmics-byxhangare-i-sammet-12-stycken-svarta\/","title":{"rendered":"SONGMICS byxh\u00e4ngare i sammet, 12 stycken, svarta"},"content":{"rendered":"<p>Med SONGMICS kl\u00e4dh\u00e4ngare kan du s\u00e4ga adj\u00f6 till den kaotiska garderoben. Den svarta kl\u00e4dh\u00e4ngaren f\u00f6r vuxna med flockad yta har flexibla kl\u00e4mmor f\u00f6r att h\u00e4nga upp olika kl\u00e4desplagg, s\u00e5som jackor, kjolar, byxor, jeans, T-shirts, halsdukar och slipsar. Det svarta sammet\u00f6verdraget ger inte bara en halkfri yta, utan s\u00e4tter ocks\u00e5 dekorativa accenter. Metallkl\u00e4mmorna \u00e4r robusta och h\u00e5llbara, och kl\u00e4mmorna med PVC-plast f\u00f6rhindrar att kl\u00e4derna glider eller f\u00e5r m\u00e4rken. Den f\u00f6rkromade och 360\u00b0 vridbara galgen g\u00f6r det l\u00e4ttare att h\u00e4nga upp och ta ner kl\u00e4derna. Den tunna kl\u00e4dh\u00e4ngaren med en tjocklek p\u00e5 0,5 cm sparar dessutom mycket plats i din garderob. Produktdetaljer: &#8211; M\u00e5tt f\u00f6r varje kl\u00e4dh\u00e4ngare: 42,5 x 23,5 x 0,5 cm (B x H x D) &#8211; F\u00e4rg: svart &#8211; Material: ABS-plast + sammet &#8211; Belastningskapacitet f\u00f6r varje kl\u00e4dh\u00e4ngare: 5 kg &#8211; Kl\u00e4mkraft: 2,5 kg &#8211; Nettovikt: 1 kg &#8211; Bruttovikt: 1,6 kg Leveransomfattning: &#8211; 12 x kl\u00e4dh\u00e4ngare  Anvisningar: &#8211; 1. Undvik att h\u00e4nga v\u00e5ta kl\u00e4der direkt p\u00e5 kl\u00e4dh\u00e4ngarna. &#8211; 2. H\u00e5ll kl\u00e4dh\u00e4ngarna borta fr\u00e5n ant\u00e4ndningsk\u00e4llor och uts\u00e4tt dem inte f\u00f6r direkt intensivt solljus.<\/p>\n","protected":false},"excerpt":{"rendered":"<p>SONGMICS 30 st byxh\u00e4ngare kl\u00e4dh\u00e4ngare sammet med brygga och clips kostymh\u00e4ngare tunn, halkfri, platsbesparande 360\u00b0 vridbar krok f\u00f6r kostymer skjortor jackor rockar 42,5 cm gr\u00e5 CRF12V-30<\/p>\n","protected":false},"featured_media":39312,"comment_status":"open","ping_status":"closed","template":"","meta":[],"product_brand":[],"product_cat":[33],"product_tag":[],"class_list":{"0":"post-10769","1":"product","2":"type-product","3":"status-publish","4":"has-post-thumbnail","6":"product_cat-okategoriserad","8":"first","9":"instock","10":"shipping-taxable","11":"purchasable","12":"product-type-simple"},"_links":{"self":[{"href":"https:\/\/nordicmart.andreevmaster.com\/sv\/wp-json\/wp\/v2\/product\/10769","targetHints":{"allow":["GET"]}}],"collection":[{"href":"https:\/\/nordicmart.andreevmaster.com\/sv\/wp-json\/wp\/v2\/product"}],"about":[{"href":"https:\/\/nordicmart.andreevmaster.com\/sv\/wp-json\/wp\/v2\/types\/product"}],"replies":[{"embeddable":true,"href":"https:\/\/nordicmart.andreevmaster.com\/sv\/wp-json\/wp\/v2\/comments?post=10769"}],"wp:featuredmedia":[{"embeddable":true,"href":"https:\/\/nordicmart.andreevmaster.com\/sv\/wp-json\/wp\/v2\/media\/39312"}],"wp:attachment":[{"href":"https:\/\/nordicmart.andreevmaster.com\/sv\/wp-json\/wp\/v2\/media?parent=10769"}],"wp:term":[{"taxonomy":"product_brand","embeddable":true,"href":"https:\/\/nordicmart.andreevmaster.com\/sv\/wp-json\/wp\/v2\/product_brand?post=10769"},{"taxonomy":"product_cat","embeddable":true,"href":"https:\/\/nordicmart.andreevmaster.com\/sv\/wp-json\/wp\/v2\/product_cat?post=10769"},{"taxonomy":"product_tag","embeddable":true,"href":"https:\/\/nordicmart.andreevmaster.com\/sv\/wp-json\/wp\/v2\/product_tag?post=10769"}],"curies":[{"name":"wp","href":"https:\/\/api.w.org\/{rel}","templated":true}]}}