{"id":10768,"date":"2026-02-27T00:08:17","date_gmt":"2026-02-27T00:08:17","guid":{"rendered":"https:\/\/nordicmart.andreevmaster.com\/product\/songmics-sammetskladhangare-100-stycken-ljusgra\/"},"modified":"2026-02-27T08:03:45","modified_gmt":"2026-02-27T08:03:45","slug":"songmics-sammetskladhangare-100-stycken-ljusgra","status":"publish","type":"product","link":"https:\/\/nordicmart.andreevmaster.com\/sv\/produkt\/songmics-sammetskladhangare-100-stycken-ljusgra\/","title":{"rendered":"SONGMICS sammetskl\u00e4dh\u00e4ngare 100 stycken ljusgr\u00e5"},"content":{"rendered":"<p>Superplatt design, platsbesparande \u2013 Fr\u00e5n och med idag beh\u00f6ver du inte l\u00e4ngre kasta dina gamla kl\u00e4der f\u00f6r att g\u00f6ra plats f\u00f6r nya. Med SONGMICS kl\u00e4dh\u00e4ngare med sammet\u00f6verdrag utnyttjar du utrymmet i garderoben optimalt.Universellt anv\u00e4ndbar, mycket praktisk \u2013 Kl\u00e4dh\u00e4ngaren uppfyller m\u00e5nga av dina behov, s\u00e5 att du kan h\u00e4nga upp skjortor, byxor, linne, beh\u00e5ar, slipsar, halsdukar etc. Den klarar \u00e4ven tunga vinterjackor utan problem. Songmics kl\u00e4dh\u00e4ngare med flockad yta ger dig en halkfri, platsbesparande och h\u00e5llbar l\u00f6sning f\u00f6r att h\u00e4nga upp kl\u00e4der. F\u00f6r att tillgodose olika behov \u00e4r denna galge multifunktionell, s\u00e5 att du inte bara kan h\u00e4nga upp rockar eller toppar s\u00e4kert, utan ocks\u00e5 hitta plats f\u00f6r dina byxor och slipsar.Anvisningar: Anv\u00e4nd en h\u00e5rtork f\u00f6r att bl\u00e5sa bort ytlig ludd innan anv\u00e4ndning (ytlig ludd kan f\u00f6rekomma i f\u00f6rpackningsp\u00e5sarna eller p\u00e5 galgarna, detta \u00e4r normalt, var inte orolig).Undvik att h\u00e4nga galgarna i rum med h\u00f6g luftfuktighet och h\u00f6ga temperaturer under l\u00e4ngre tid. Undvik att h\u00e4nga v\u00e5t tv\u00e4tt p\u00e5 galgarna.Produktdetaljer: Material: ABS (plast) + sammet F\u00e4rg: ljusgr\u00e5 M\u00e5tt: 45 x 23,5 x 0,6 cm (B x H x D) H\u00f6gsta h\u00f6jd p\u00e5 kroken: 8 cm \u00d6ppning p\u00e5 kroken: 5,4 cm Leveransomfattning: 100 x kl\u00e4dh\u00e4ngare med byxst\u00e5ng<\/p>\n","protected":false},"excerpt":{"rendered":"<p>SONGMICS 100 st kl\u00e4dh\u00e4ngare i sammet, kl\u00e4dh\u00e4ngarset med halkfri yta, platsbesparande kostymh\u00e4ngare, med 360\u00b0 vridbar metallkrok, ljusgr\u00e5 CRF100VX<\/p>\n","protected":false},"featured_media":39311,"comment_status":"open","ping_status":"closed","template":"","meta":[],"product_brand":[],"product_cat":[33],"product_tag":[],"class_list":{"0":"post-10768","1":"product","2":"type-product","3":"status-publish","4":"has-post-thumbnail","6":"product_cat-okategoriserad","8":"first","9":"instock","10":"shipping-taxable","11":"purchasable","12":"product-type-simple"},"_links":{"self":[{"href":"https:\/\/nordicmart.andreevmaster.com\/sv\/wp-json\/wp\/v2\/product\/10768","targetHints":{"allow":["GET"]}}],"collection":[{"href":"https:\/\/nordicmart.andreevmaster.com\/sv\/wp-json\/wp\/v2\/product"}],"about":[{"href":"https:\/\/nordicmart.andreevmaster.com\/sv\/wp-json\/wp\/v2\/types\/product"}],"replies":[{"embeddable":true,"href":"https:\/\/nordicmart.andreevmaster.com\/sv\/wp-json\/wp\/v2\/comments?post=10768"}],"wp:featuredmedia":[{"embeddable":true,"href":"https:\/\/nordicmart.andreevmaster.com\/sv\/wp-json\/wp\/v2\/media\/39311"}],"wp:attachment":[{"href":"https:\/\/nordicmart.andreevmaster.com\/sv\/wp-json\/wp\/v2\/media?parent=10768"}],"wp:term":[{"taxonomy":"product_brand","embeddable":true,"href":"https:\/\/nordicmart.andreevmaster.com\/sv\/wp-json\/wp\/v2\/product_brand?post=10768"},{"taxonomy":"product_cat","embeddable":true,"href":"https:\/\/nordicmart.andreevmaster.com\/sv\/wp-json\/wp\/v2\/product_cat?post=10768"},{"taxonomy":"product_tag","embeddable":true,"href":"https:\/\/nordicmart.andreevmaster.com\/sv\/wp-json\/wp\/v2\/product_tag?post=10768"}],"curies":[{"name":"wp","href":"https:\/\/api.w.org\/{rel}","templated":true}]}}