{"id":10765,"date":"2026-02-27T00:08:17","date_gmt":"2026-02-27T00:08:17","guid":{"rendered":"https:\/\/nordicmart.andreevmaster.com\/product\/songmics-kladhangare-50-pack-43-x-21-cm-gra\/"},"modified":"2026-02-27T08:03:44","modified_gmt":"2026-02-27T08:03:44","slug":"songmics-kladhangare-50-pack-43-x-21-cm-gra","status":"publish","type":"product","link":"https:\/\/nordicmart.andreevmaster.com\/sv\/produkt\/songmics-kladhangare-50-pack-43-x-21-cm-gra\/","title":{"rendered":"SONGMICS kl\u00e4dh\u00e4ngare 50-pack 43 x 21 cm gr\u00e5"},"content":{"rendered":"<p>SONGMICS kl\u00e4dh\u00e4ngare i sammet, 50-pack, 43 x 21 cm, halkskyddade sammeth\u00e4ngare, breda axelsk\u00e5ror, st\u00e5ng f\u00f6r byxor, 360\u00b0 vridbar krok, platsbesparande, f\u00f6r garderob, bl\u00e4ck svart CRF039B03<br \/>\nF\u00e4rg: Gr\u00e5<br \/>\nMaterial: Sammet, ABS-plast, metallkrokar<br \/>\nStorlek per galge: 43 x 21 cm (B x H)<br \/>\nVikt f\u00f6r 50 galgar: 3,1 kg<br \/>\nMax. statisk belastningskapacitet per galge: 5 kg<\/p>\n","protected":false},"excerpt":{"rendered":"<p>SONGMICS kl\u00e4dh\u00e4ngare i sammet, 50-pack, 43 x 21 cm, halkskyddade sammeth\u00e4ngare, breda axelsk\u00e5ror, st\u00e5ng f\u00f6r byxor, 360\u00b0 vridbar krok, platsbesparande, f\u00f6r garderob, bl\u00e4ck svart CRF039B03<\/p>\n","protected":false},"featured_media":39308,"comment_status":"open","ping_status":"closed","template":"","meta":[],"product_brand":[],"product_cat":[33],"product_tag":[],"class_list":{"0":"post-10765","1":"product","2":"type-product","3":"status-publish","4":"has-post-thumbnail","6":"product_cat-okategoriserad","8":"first","9":"instock","10":"shipping-taxable","11":"purchasable","12":"product-type-simple"},"_links":{"self":[{"href":"https:\/\/nordicmart.andreevmaster.com\/sv\/wp-json\/wp\/v2\/product\/10765","targetHints":{"allow":["GET"]}}],"collection":[{"href":"https:\/\/nordicmart.andreevmaster.com\/sv\/wp-json\/wp\/v2\/product"}],"about":[{"href":"https:\/\/nordicmart.andreevmaster.com\/sv\/wp-json\/wp\/v2\/types\/product"}],"replies":[{"embeddable":true,"href":"https:\/\/nordicmart.andreevmaster.com\/sv\/wp-json\/wp\/v2\/comments?post=10765"}],"wp:featuredmedia":[{"embeddable":true,"href":"https:\/\/nordicmart.andreevmaster.com\/sv\/wp-json\/wp\/v2\/media\/39308"}],"wp:attachment":[{"href":"https:\/\/nordicmart.andreevmaster.com\/sv\/wp-json\/wp\/v2\/media?parent=10765"}],"wp:term":[{"taxonomy":"product_brand","embeddable":true,"href":"https:\/\/nordicmart.andreevmaster.com\/sv\/wp-json\/wp\/v2\/product_brand?post=10765"},{"taxonomy":"product_cat","embeddable":true,"href":"https:\/\/nordicmart.andreevmaster.com\/sv\/wp-json\/wp\/v2\/product_cat?post=10765"},{"taxonomy":"product_tag","embeddable":true,"href":"https:\/\/nordicmart.andreevmaster.com\/sv\/wp-json\/wp\/v2\/product_tag?post=10765"}],"curies":[{"name":"wp","href":"https:\/\/api.w.org\/{rel}","templated":true}]}}