{"id":10761,"date":"2026-02-27T00:08:16","date_gmt":"2026-02-27T00:08:16","guid":{"rendered":"https:\/\/nordicmart.andreevmaster.com\/product\/songmics-babykladhangare-50-pack-28-x-175-cm-duvgra\/"},"modified":"2026-02-27T08:03:44","modified_gmt":"2026-02-27T08:03:44","slug":"songmics-babykladhangare-50-pack-28-x-175-cm-duvgra","status":"publish","type":"product","link":"https:\/\/nordicmart.andreevmaster.com\/sv\/produkt\/songmics-babykladhangare-50-pack-28-x-175-cm-duvgra\/","title":{"rendered":"SONGMICS Babykl\u00e4dh\u00e4ngare 50-pack 28 x 17,5 cm duvgr\u00e5"},"content":{"rendered":"<p>SONGMICS Babykl\u00e4dh\u00e4ngare 50-pack, 28 x 17,5 cm, barnkl\u00e4dh\u00e4ngare f\u00f6r garderob, sammetskl\u00e4dd, halkfri, kl\u00e4dh\u00e4ngare f\u00f6r barn, platsbesparande, breda axelsk\u00e5ror, duvgr\u00e5 CRF037G01<br \/>\nF\u00e4rg: duvgr\u00e5<br \/>\nMaterial: ABS-plast, sammet, metallkrok<br \/>\nStorlek per galge: 28 x 17,5 cm (B x H)<br \/>\nVikt f\u00f6r 50 galgar: 1,9 kg<br \/>\nMax. statisk belastningskapacitet per galge: 5 kg<\/p>\n","protected":false},"excerpt":{"rendered":"<p>SONGMICS Babykl\u00e4dh\u00e4ngare 50-pack, 28 x 17,5 cm, barnkl\u00e4dh\u00e4ngare f\u00f6r garderob, sammetskl\u00e4dd, halkfri, kl\u00e4dh\u00e4ngare f\u00f6r barn, platsbesparande, breda axelsk\u00e5ror, duvgr\u00e5 CRF037G01<\/p>\n","protected":false},"featured_media":39304,"comment_status":"open","ping_status":"closed","template":"","meta":[],"product_brand":[],"product_cat":[33],"product_tag":[],"class_list":{"0":"post-10761","1":"product","2":"type-product","3":"status-publish","4":"has-post-thumbnail","6":"product_cat-okategoriserad","8":"first","9":"instock","10":"shipping-taxable","11":"purchasable","12":"product-type-simple"},"_links":{"self":[{"href":"https:\/\/nordicmart.andreevmaster.com\/sv\/wp-json\/wp\/v2\/product\/10761","targetHints":{"allow":["GET"]}}],"collection":[{"href":"https:\/\/nordicmart.andreevmaster.com\/sv\/wp-json\/wp\/v2\/product"}],"about":[{"href":"https:\/\/nordicmart.andreevmaster.com\/sv\/wp-json\/wp\/v2\/types\/product"}],"replies":[{"embeddable":true,"href":"https:\/\/nordicmart.andreevmaster.com\/sv\/wp-json\/wp\/v2\/comments?post=10761"}],"wp:featuredmedia":[{"embeddable":true,"href":"https:\/\/nordicmart.andreevmaster.com\/sv\/wp-json\/wp\/v2\/media\/39304"}],"wp:attachment":[{"href":"https:\/\/nordicmart.andreevmaster.com\/sv\/wp-json\/wp\/v2\/media?parent=10761"}],"wp:term":[{"taxonomy":"product_brand","embeddable":true,"href":"https:\/\/nordicmart.andreevmaster.com\/sv\/wp-json\/wp\/v2\/product_brand?post=10761"},{"taxonomy":"product_cat","embeddable":true,"href":"https:\/\/nordicmart.andreevmaster.com\/sv\/wp-json\/wp\/v2\/product_cat?post=10761"},{"taxonomy":"product_tag","embeddable":true,"href":"https:\/\/nordicmart.andreevmaster.com\/sv\/wp-json\/wp\/v2\/product_tag?post=10761"}],"curies":[{"name":"wp","href":"https:\/\/api.w.org\/{rel}","templated":true}]}}