{"id":10749,"date":"2026-02-27T00:08:13","date_gmt":"2026-02-27T00:08:13","guid":{"rendered":"https:\/\/nordicmart.andreevmaster.com\/product\/songmics-barnkladhangare-30-pack-ljusrosa\/"},"modified":"2026-02-27T08:03:42","modified_gmt":"2026-02-27T08:03:42","slug":"songmics-barnkladhangare-30-pack-ljusrosa","status":"publish","type":"product","link":"https:\/\/nordicmart.andreevmaster.com\/sv\/produkt\/songmics-barnkladhangare-30-pack-ljusrosa\/","title":{"rendered":"SONGMICS barnkl\u00e4dh\u00e4ngare, 30-pack, ljusrosa"},"content":{"rendered":"<p>Produktdetaljer: F\u00e4rg: Ljusrosa Material: ABS-plast, sammet, metallkrok Storlek per galge: 30 x 0,5 x 20,5 cm (L x B x H) Vikt per galge: 48 g Max. statisk belastningskapacitet per galge: 3 kg Leveransomfattning: 30 x barnkl\u00e4dh\u00e4ngare SONGMICS Anm\u00e4rkningar:Produkten \u00e4r l\u00e4mplig f\u00f6r barnkl\u00e4der som passar barn i \u00e5ldern 0 till 6 \u00e5r. H\u00e4ng inte kl\u00e4der som \u00f6verstiger den maximala belastningskapaciteten p\u00e5 galgarna. H\u00e4ng inte v\u00e5ta kl\u00e4der p\u00e5 galgarna. Anv\u00e4nd inte dessa galgar i en torktumlare.<\/p>\n","protected":false},"excerpt":{"rendered":"<p>SONGMICS barnkl\u00e4dh\u00e4ngare, 50-pack, sammetskl\u00e4dh\u00e4ngare med krokar i ros\u00e9guld, halkfria, f\u00f6r kl\u00e4dsk\u00e5p, f\u00f6r barnkl\u00e4der, babykl\u00e4der, kjolar och byxor f\u00f6r barn, ljusrosa CRF027P01<\/p>\n","protected":false},"featured_media":39292,"comment_status":"open","ping_status":"closed","template":"","meta":[],"product_brand":[],"product_cat":[33],"product_tag":[],"class_list":{"0":"post-10749","1":"product","2":"type-product","3":"status-publish","4":"has-post-thumbnail","6":"product_cat-okategoriserad","8":"first","9":"instock","10":"shipping-taxable","11":"purchasable","12":"product-type-simple"},"_links":{"self":[{"href":"https:\/\/nordicmart.andreevmaster.com\/sv\/wp-json\/wp\/v2\/product\/10749","targetHints":{"allow":["GET"]}}],"collection":[{"href":"https:\/\/nordicmart.andreevmaster.com\/sv\/wp-json\/wp\/v2\/product"}],"about":[{"href":"https:\/\/nordicmart.andreevmaster.com\/sv\/wp-json\/wp\/v2\/types\/product"}],"replies":[{"embeddable":true,"href":"https:\/\/nordicmart.andreevmaster.com\/sv\/wp-json\/wp\/v2\/comments?post=10749"}],"wp:featuredmedia":[{"embeddable":true,"href":"https:\/\/nordicmart.andreevmaster.com\/sv\/wp-json\/wp\/v2\/media\/39292"}],"wp:attachment":[{"href":"https:\/\/nordicmart.andreevmaster.com\/sv\/wp-json\/wp\/v2\/media?parent=10749"}],"wp:term":[{"taxonomy":"product_brand","embeddable":true,"href":"https:\/\/nordicmart.andreevmaster.com\/sv\/wp-json\/wp\/v2\/product_brand?post=10749"},{"taxonomy":"product_cat","embeddable":true,"href":"https:\/\/nordicmart.andreevmaster.com\/sv\/wp-json\/wp\/v2\/product_cat?post=10749"},{"taxonomy":"product_tag","embeddable":true,"href":"https:\/\/nordicmart.andreevmaster.com\/sv\/wp-json\/wp\/v2\/product_tag?post=10749"}],"curies":[{"name":"wp","href":"https:\/\/api.w.org\/{rel}","templated":true}]}}