{"id":10748,"date":"2026-02-27T00:08:13","date_gmt":"2026-02-27T00:08:13","guid":{"rendered":"https:\/\/nordicmart.andreevmaster.com\/product\/songmics-barnkladhangare-50-pack\/"},"modified":"2026-02-27T08:03:42","modified_gmt":"2026-02-27T08:03:42","slug":"songmics-barnkladhangare-50-pack","status":"publish","type":"product","link":"https:\/\/nordicmart.andreevmaster.com\/sv\/produkt\/songmics-barnkladhangare-50-pack\/","title":{"rendered":"SONGMICS barnkl\u00e4dh\u00e4ngare, 50-pack"},"content":{"rendered":"<p>&#8221;Pappa! Mamma! Jag hittar inte min favorit-T-shirt!&#8221; Om den h\u00e4r scenen k\u00e4nns bekant, d\u00e5 \u00e4r det h\u00e4r setet fr\u00e5n SONGMICS med 50 barnkl\u00e4dh\u00e4ngare i storleken 30 x 0,5 x 20,5 cm precis vad du beh\u00f6ver. Praktisk vardagshj\u00e4lpare: \u00c4ndarna p\u00e5 dessa kl\u00e4dh\u00e4ngare \u00e4r b\u00f6jda och d\u00e4rf\u00f6r perfekta f\u00f6r T-shirts och skjortor, d\u00e4r de inte l\u00e4mnar n\u00e5gra st\u00f6rande tryckm\u00e4rken. Tack vare ursk\u00e4rningarna i axelpartiet \u00e4r kl\u00e4dh\u00e4ngarna ocks\u00e5 l\u00e4mpliga f\u00f6r att h\u00e4nga upp linne och undertr\u00f6jor. Halkfri yta: Ytan \u00e4r dessutom kl\u00e4dd med h\u00f6gkvalitativ sammet som inte luddar och som \u00e4r ett effektivt medel mot kl\u00e4der som glider ner. \u00c4ntligen har varje kl\u00e4desplagg sitt eget bekv\u00e4ma hem! L\u00e5t dina barn best\u00e4mma: De tunna galgarna sparar plats och skapar ordning i garderoben. Metallkrokar som kan vridas 360\u00b0 hj\u00e4lper dig att placera galgarna efter dina behov. \u00c4ven barn kommer att bli begeistrade \u00f6ver sina prydligt upph\u00e4ngda kl\u00e4der, f\u00f6r nu kan de \u00e4ntligen v\u00e4lja sina egna kl\u00e4der. Produktdetaljer:- F\u00e4rg: Ljusrosa &#8211; Material: ABS-plast, sammet, metallkrokar &#8211; Storlek per galge: 30 x 0,5 x 20,5 cm (L x B x H) &#8211; Vikt per galge: 48 g &#8211; Max. statisk belastningskapacitet per galge: 3 kg Leveransomfattning: &#8211; 50 x barnkl\u00e4dh\u00e4ngare SONGMICS Anm\u00e4rkningar:- Produkten \u00e4r l\u00e4mplig f\u00f6r barnkl\u00e4der som passar barn fr\u00e5n 0 till 6 \u00e5r. &#8211; H\u00e4ng inte kl\u00e4der som \u00f6verstiger den maximala belastningskapaciteten p\u00e5 galgarna. &#8211; H\u00e4ng inte v\u00e5ta kl\u00e4der p\u00e5 galgarna. &#8211; Anv\u00e4nd inte dessa galgar i en torktumlare.<\/p>\n","protected":false},"excerpt":{"rendered":"<p>SONGMICS barnkl\u00e4dh\u00e4ngare, 50-pack, sammetskl\u00e4dh\u00e4ngare med krokar i ros\u00e9guld, halkfria, f\u00f6r kl\u00e4dsk\u00e5p, f\u00f6r barnkl\u00e4der, babykl\u00e4der, kjolar och byxor f\u00f6r barn, ljusrosa CRF027P01<\/p>\n","protected":false},"featured_media":39291,"comment_status":"open","ping_status":"closed","template":"","meta":[],"product_brand":[],"product_cat":[33],"product_tag":[],"class_list":{"0":"post-10748","1":"product","2":"type-product","3":"status-publish","4":"has-post-thumbnail","6":"product_cat-okategoriserad","8":"first","9":"instock","10":"shipping-taxable","11":"purchasable","12":"product-type-simple"},"_links":{"self":[{"href":"https:\/\/nordicmart.andreevmaster.com\/sv\/wp-json\/wp\/v2\/product\/10748","targetHints":{"allow":["GET"]}}],"collection":[{"href":"https:\/\/nordicmart.andreevmaster.com\/sv\/wp-json\/wp\/v2\/product"}],"about":[{"href":"https:\/\/nordicmart.andreevmaster.com\/sv\/wp-json\/wp\/v2\/types\/product"}],"replies":[{"embeddable":true,"href":"https:\/\/nordicmart.andreevmaster.com\/sv\/wp-json\/wp\/v2\/comments?post=10748"}],"wp:featuredmedia":[{"embeddable":true,"href":"https:\/\/nordicmart.andreevmaster.com\/sv\/wp-json\/wp\/v2\/media\/39291"}],"wp:attachment":[{"href":"https:\/\/nordicmart.andreevmaster.com\/sv\/wp-json\/wp\/v2\/media?parent=10748"}],"wp:term":[{"taxonomy":"product_brand","embeddable":true,"href":"https:\/\/nordicmart.andreevmaster.com\/sv\/wp-json\/wp\/v2\/product_brand?post=10748"},{"taxonomy":"product_cat","embeddable":true,"href":"https:\/\/nordicmart.andreevmaster.com\/sv\/wp-json\/wp\/v2\/product_cat?post=10748"},{"taxonomy":"product_tag","embeddable":true,"href":"https:\/\/nordicmart.andreevmaster.com\/sv\/wp-json\/wp\/v2\/product_tag?post=10748"}],"curies":[{"name":"wp","href":"https:\/\/api.w.org\/{rel}","templated":true}]}}