{"id":10742,"date":"2026-02-27T00:08:12","date_gmt":"2026-02-27T00:08:12","guid":{"rendered":"https:\/\/nordicmart.andreevmaster.com\/product\/songmics-kladhangare-30-pack-vit\/"},"modified":"2026-02-27T08:03:41","modified_gmt":"2026-02-27T08:03:41","slug":"songmics-kladhangare-30-pack-vit","status":"publish","type":"product","link":"https:\/\/nordicmart.andreevmaster.com\/sv\/produkt\/songmics-kladhangare-30-pack-vit\/","title":{"rendered":"SONGMICS kl\u00e4dh\u00e4ngare, 30-pack, vit"},"content":{"rendered":"<p>Produktdetaljer: F\u00e4rg: Vit Material: ABS-plast, sammet, metallkrok Storlek: 42 x 0,5 x 21,5 cm (L x B x H) Vikt per galge: 68 g Max. statisk belastningskapacitet per galge: 5 kg Leveransomfattning: 30 x kl\u00e4dh\u00e4ngare SONGMICS Anm\u00e4rkningar:Anv\u00e4nd inte dessa kl\u00e4dh\u00e4ngare i torktumlare eller tv\u00e4ttmaskin. Den maximala belastningskapaciteten per h\u00e4ngare \u00e4r 5 kg. \u00d6verskrid inte denna maximala vikt.<\/p>\n","protected":false},"excerpt":{"rendered":"<p>SONGMICS kl\u00e4dh\u00e4ngare i sammet, 20-pack, jackh\u00e4ngare, halkfri yta, 42 cm l\u00e5ng, kostymh\u00e4ngare, tunn, h\u00f6g belastningskapacitet, 360\u00b0 vridbar krok i ros\u00e9guld, f\u00f6r rockar, svart CRF026B01<\/p>\n","protected":false},"featured_media":39285,"comment_status":"open","ping_status":"closed","template":"","meta":[],"product_brand":[],"product_cat":[33],"product_tag":[],"class_list":{"0":"post-10742","1":"product","2":"type-product","3":"status-publish","4":"has-post-thumbnail","6":"product_cat-okategoriserad","8":"first","9":"instock","10":"shipping-taxable","11":"purchasable","12":"product-type-simple"},"_links":{"self":[{"href":"https:\/\/nordicmart.andreevmaster.com\/sv\/wp-json\/wp\/v2\/product\/10742","targetHints":{"allow":["GET"]}}],"collection":[{"href":"https:\/\/nordicmart.andreevmaster.com\/sv\/wp-json\/wp\/v2\/product"}],"about":[{"href":"https:\/\/nordicmart.andreevmaster.com\/sv\/wp-json\/wp\/v2\/types\/product"}],"replies":[{"embeddable":true,"href":"https:\/\/nordicmart.andreevmaster.com\/sv\/wp-json\/wp\/v2\/comments?post=10742"}],"wp:featuredmedia":[{"embeddable":true,"href":"https:\/\/nordicmart.andreevmaster.com\/sv\/wp-json\/wp\/v2\/media\/39285"}],"wp:attachment":[{"href":"https:\/\/nordicmart.andreevmaster.com\/sv\/wp-json\/wp\/v2\/media?parent=10742"}],"wp:term":[{"taxonomy":"product_brand","embeddable":true,"href":"https:\/\/nordicmart.andreevmaster.com\/sv\/wp-json\/wp\/v2\/product_brand?post=10742"},{"taxonomy":"product_cat","embeddable":true,"href":"https:\/\/nordicmart.andreevmaster.com\/sv\/wp-json\/wp\/v2\/product_cat?post=10742"},{"taxonomy":"product_tag","embeddable":true,"href":"https:\/\/nordicmart.andreevmaster.com\/sv\/wp-json\/wp\/v2\/product_tag?post=10742"}],"curies":[{"name":"wp","href":"https:\/\/api.w.org\/{rel}","templated":true}]}}