{"id":10741,"date":"2026-02-27T00:08:12","date_gmt":"2026-02-27T00:08:12","guid":{"rendered":"https:\/\/nordicmart.andreevmaster.com\/product\/songmics-kladhangare-20-pack-vit\/"},"modified":"2026-02-27T08:03:41","modified_gmt":"2026-02-27T08:03:41","slug":"songmics-kladhangare-20-pack-vit","status":"publish","type":"product","link":"https:\/\/nordicmart.andreevmaster.com\/sv\/produkt\/songmics-kladhangare-20-pack-vit\/","title":{"rendered":"SONGMICS kl\u00e4dh\u00e4ngare, 20-pack, vit"},"content":{"rendered":"<p>Filosofin &#8221;mindre \u00e4r b\u00e4ttre&#8221; i garderoben Tunna galgar \u00e4r ett enklare s\u00e4tt att f\u00e5 plats med fler kl\u00e4der. Om de erbjuder ett utm\u00e4rkt sortiment, finns det inget b\u00e4ttre alternativ. Precis som dessa sammetgalgar fr\u00e5n SONGMICS, som bara \u00e4r 0,5 cm tjocka och har en kapacitet p\u00e5 5 kg vardera, utnyttjar de garderobsutrymmet maximalt och tar mindre plats. Omsorgsfull detalj f\u00f6r varje plagg \u00c4ven de mest \u00f6mt\u00e5liga sidenkjolarna glider inte av de mjuka, halkfria sammetskl\u00e4dh\u00e4ngarna; skjortorna l\u00e4mnar inga irriterande m\u00e4rken tack vare den ergonomiska utformningen av axlarna; kl\u00e4nningar med axelband passar bra i sp\u00e5ren; de 360\u00b0 vridbara krokarna \u00e4r l\u00e4tta att anv\u00e4nda \u00e4ven om de h\u00e4ngs upp i fel riktning. Kort sagt, det finns n\u00e5got f\u00f6r alla! Specifikationer: &#8211; F\u00e4rg: Vit &#8211; Material: ABS-plast, sammet, metallkrok &#8211; M\u00e5tt: 42 x 0,5 x 21,5 cm (l\u00e4ngd x bredd x h\u00f6jd) &#8211; Vikt per galge: 68 g &#8211; Maximal statisk belastningskapacitet: 5 kg per h\u00e4ngare Inneh\u00e5ll i f\u00f6rpackningen: &#8211; 20 x sammeth\u00e4ngare Anm\u00e4rkningar fr\u00e5n SONGMICS: &#8211; Anv\u00e4nd inte produkten i tv\u00e4ttmaskin eller torktumlare. &#8211; \u00d6verbelasta inte produkten.<\/p>\n","protected":false},"excerpt":{"rendered":"<p>SONGMICS kl\u00e4dh\u00e4ngare i sammet, 20-pack, jackh\u00e4ngare, halkfri yta, 42 cm l\u00e5ng, kostymh\u00e4ngare, tunn, h\u00f6g belastningskapacitet, 360\u00b0 vridbar krok i ros\u00e9guld, f\u00f6r rockar, svart CRF026B01<\/p>\n","protected":false},"featured_media":39284,"comment_status":"open","ping_status":"closed","template":"","meta":[],"product_brand":[],"product_cat":[33],"product_tag":[],"class_list":{"0":"post-10741","1":"product","2":"type-product","3":"status-publish","4":"has-post-thumbnail","6":"product_cat-okategoriserad","8":"first","9":"instock","10":"shipping-taxable","11":"purchasable","12":"product-type-simple"},"_links":{"self":[{"href":"https:\/\/nordicmart.andreevmaster.com\/sv\/wp-json\/wp\/v2\/product\/10741","targetHints":{"allow":["GET"]}}],"collection":[{"href":"https:\/\/nordicmart.andreevmaster.com\/sv\/wp-json\/wp\/v2\/product"}],"about":[{"href":"https:\/\/nordicmart.andreevmaster.com\/sv\/wp-json\/wp\/v2\/types\/product"}],"replies":[{"embeddable":true,"href":"https:\/\/nordicmart.andreevmaster.com\/sv\/wp-json\/wp\/v2\/comments?post=10741"}],"wp:featuredmedia":[{"embeddable":true,"href":"https:\/\/nordicmart.andreevmaster.com\/sv\/wp-json\/wp\/v2\/media\/39284"}],"wp:attachment":[{"href":"https:\/\/nordicmart.andreevmaster.com\/sv\/wp-json\/wp\/v2\/media?parent=10741"}],"wp:term":[{"taxonomy":"product_brand","embeddable":true,"href":"https:\/\/nordicmart.andreevmaster.com\/sv\/wp-json\/wp\/v2\/product_brand?post=10741"},{"taxonomy":"product_cat","embeddable":true,"href":"https:\/\/nordicmart.andreevmaster.com\/sv\/wp-json\/wp\/v2\/product_cat?post=10741"},{"taxonomy":"product_tag","embeddable":true,"href":"https:\/\/nordicmart.andreevmaster.com\/sv\/wp-json\/wp\/v2\/product_tag?post=10741"}],"curies":[{"name":"wp","href":"https:\/\/api.w.org\/{rel}","templated":true}]}}