{"id":10738,"date":"2026-02-27T00:08:11","date_gmt":"2026-02-27T00:08:11","guid":{"rendered":"https:\/\/nordicmart.andreevmaster.com\/product\/songmics-kladhangare-50-pack-i-vit-sammet\/"},"modified":"2026-02-27T08:03:41","modified_gmt":"2026-02-27T08:03:41","slug":"songmics-kladhangare-50-pack-i-vit-sammet","status":"publish","type":"product","link":"https:\/\/nordicmart.andreevmaster.com\/sv\/produkt\/songmics-kladhangare-50-pack-i-vit-sammet\/","title":{"rendered":"SONGMICS kl\u00e4dh\u00e4ngare, 50-pack i vit sammet"},"content":{"rendered":"<p>Kl\u00e4dh\u00e4ngare, ett till synes vardagligt tillbeh\u00f6r, underl\u00e4ttar din vardag avsev\u00e4rt. Tack vare den enkla, praktiska designen f\u00e5r kl\u00e4dh\u00e4ngarna fr\u00e5n SONGMICS ordning p\u00e5 din garderob. S\u00e5 blir det roligt igen att v\u00e4lja kl\u00e4der p\u00e5 morgonen! F\u00f6rdubbla utrymmet i din garderob J\u00e4mf\u00f6rt med r\u00f6rh\u00e4ngare tar dessa 0,6 cm tunna samth\u00e4ngare mindre plats, s\u00e5 att du kan f\u00e5 plats med dubbelt s\u00e5 m\u00e5nga kl\u00e4der i din garderob. En perfekt l\u00f6sning f\u00f6r begr\u00e4nsade garderober! S\u00e5 starka, men ocks\u00e5 s\u00e5 mjuka Dessa jackh\u00e4ngare \u00e4r tillr\u00e4ckligt starka f\u00f6r att klara \u00e4ven vikten av dina tunga vinterkl\u00e4der. Men de har ocks\u00e5 en mjuk sida \u2013 tack vare sin behagligt mjuka yta kan \u00e4ven dina finaste kl\u00e4der h\u00e4ngas upp utan att skadas eller skrynklas. Dessa 50 f\u00e4rgglada galgar ser inte bara snygga ut, utan \u00e4r ocks\u00e5 praktiska i vardagen. H\u00e4r finns plats f\u00f6r hela outfiten P\u00e5 dessa galgar kan du inte bara h\u00e4nga jackor, skjortor eller tr\u00f6jor, utan tack vare den lilla mittst\u00e5ngen \u00e4ven slipsar, b\u00e4lten och halsdukar. L\u00e4gg bara byxorna \u00f6ver den stabila tv\u00e4rst\u00e5ngen. Produktdetaljer: &#8211; F\u00e4rg: Vit &#8211; Material: Sammet, ABS-plast, metallkrok &#8211; Storlek per galge: 45 x 0,6 x 23,5 cm (L x B x H) &#8211; Vikt per galge: 78 g &#8211; Max. statisk belastningskapacitet per galge: 5 kg Leveransomfattning: &#8211; 50 x sammetgalgar SONGMICS Anvisningar:- H\u00e4ng inte v\u00e5ta kl\u00e4der p\u00e5 kl\u00e4dh\u00e4ngarna. &#8211; H\u00e5ll kl\u00e4dh\u00e4ngarna borta fr\u00e5n v\u00e4rme- och ant\u00e4ndningsk\u00e4llor. &#8211; Anv\u00e4nd inte kl\u00e4dh\u00e4ngarna i milj\u00f6er med h\u00f6g temperatur eller h\u00f6g luftfuktighet. &#8211; H&#038;<\/p>\n","protected":false},"excerpt":{"rendered":"<p>SONGMICS sammetskl\u00e4dh\u00e4ngare, 50 stycken, halkskydd, jackh\u00e4ngare, vridbar krok i ros\u00e9guld, tjocklek 0,6 cm, platsbesparande, 45 cm l\u00e5ng, f\u00f6r jackor, skjortor, kjolar, byxor, slipsar, vit CRF021W02<\/p>\n","protected":false},"featured_media":39281,"comment_status":"open","ping_status":"closed","template":"","meta":[],"product_brand":[],"product_cat":[33],"product_tag":[],"class_list":{"0":"post-10738","1":"product","2":"type-product","3":"status-publish","4":"has-post-thumbnail","6":"product_cat-okategoriserad","8":"first","9":"instock","10":"shipping-taxable","11":"purchasable","12":"product-type-simple"},"_links":{"self":[{"href":"https:\/\/nordicmart.andreevmaster.com\/sv\/wp-json\/wp\/v2\/product\/10738","targetHints":{"allow":["GET"]}}],"collection":[{"href":"https:\/\/nordicmart.andreevmaster.com\/sv\/wp-json\/wp\/v2\/product"}],"about":[{"href":"https:\/\/nordicmart.andreevmaster.com\/sv\/wp-json\/wp\/v2\/types\/product"}],"replies":[{"embeddable":true,"href":"https:\/\/nordicmart.andreevmaster.com\/sv\/wp-json\/wp\/v2\/comments?post=10738"}],"wp:featuredmedia":[{"embeddable":true,"href":"https:\/\/nordicmart.andreevmaster.com\/sv\/wp-json\/wp\/v2\/media\/39281"}],"wp:attachment":[{"href":"https:\/\/nordicmart.andreevmaster.com\/sv\/wp-json\/wp\/v2\/media?parent=10738"}],"wp:term":[{"taxonomy":"product_brand","embeddable":true,"href":"https:\/\/nordicmart.andreevmaster.com\/sv\/wp-json\/wp\/v2\/product_brand?post=10738"},{"taxonomy":"product_cat","embeddable":true,"href":"https:\/\/nordicmart.andreevmaster.com\/sv\/wp-json\/wp\/v2\/product_cat?post=10738"},{"taxonomy":"product_tag","embeddable":true,"href":"https:\/\/nordicmart.andreevmaster.com\/sv\/wp-json\/wp\/v2\/product_tag?post=10738"}],"curies":[{"name":"wp","href":"https:\/\/api.w.org\/{rel}","templated":true}]}}