{"id":10733,"date":"2026-02-27T00:08:10","date_gmt":"2026-02-27T00:08:10","guid":{"rendered":"https:\/\/nordicmart.andreevmaster.com\/product\/songmics-kladhangare-50-pack-435-cm-langa-svarta\/"},"modified":"2026-02-27T08:03:40","modified_gmt":"2026-02-27T08:03:40","slug":"songmics-kladhangare-50-pack-435-cm-langa-svarta","status":"publish","type":"product","link":"https:\/\/nordicmart.andreevmaster.com\/sv\/produkt\/songmics-kladhangare-50-pack-435-cm-langa-svarta\/","title":{"rendered":"SONGMICS kl\u00e4dh\u00e4ngare 50-pack 43,5 cm l\u00e5nga svarta"},"content":{"rendered":"<p>SONGMICS sammetskl\u00e4dh\u00e4ngare, 50 stycken, halkskydd, jackh\u00e4ngare, vridbar krok i ros\u00e9guld, tjocklek 0,6 cm, platsbesparande, 45 cm l\u00e5ng, f\u00f6r jackor, skjortor, kjolar, byxor, slipsar, vit CRF021W02<br \/>\nF\u00e4rg: Svart<br \/>\nMaterial: Sammet, ABS-plast, metallkrokar<br \/>\nStorlek per galge: 43,5 x 22,5 cm (B x H)<br \/>\nVikt f\u00f6r 50 kl\u00e4dh\u00e4ngare: 3,9 kg<br \/>\nMax. statisk belastningskapacitet per galge: 5 kg<\/p>\n","protected":false},"excerpt":{"rendered":"<p>SONGMICS sammetskl\u00e4dh\u00e4ngare, 50 stycken, halkskydd, jackh\u00e4ngare, vridbar krok i ros\u00e9guld, tjocklek 0,6 cm, platsbesparande, 45 cm l\u00e5ng, f\u00f6r jackor, skjortor, kjolar, byxor, slipsar, vit CRF021W02<\/p>\n","protected":false},"featured_media":39276,"comment_status":"open","ping_status":"closed","template":"","meta":[],"product_brand":[],"product_cat":[33],"product_tag":[],"class_list":{"0":"post-10733","1":"product","2":"type-product","3":"status-publish","4":"has-post-thumbnail","6":"product_cat-okategoriserad","8":"first","9":"instock","10":"shipping-taxable","11":"purchasable","12":"product-type-simple"},"_links":{"self":[{"href":"https:\/\/nordicmart.andreevmaster.com\/sv\/wp-json\/wp\/v2\/product\/10733","targetHints":{"allow":["GET"]}}],"collection":[{"href":"https:\/\/nordicmart.andreevmaster.com\/sv\/wp-json\/wp\/v2\/product"}],"about":[{"href":"https:\/\/nordicmart.andreevmaster.com\/sv\/wp-json\/wp\/v2\/types\/product"}],"replies":[{"embeddable":true,"href":"https:\/\/nordicmart.andreevmaster.com\/sv\/wp-json\/wp\/v2\/comments?post=10733"}],"wp:featuredmedia":[{"embeddable":true,"href":"https:\/\/nordicmart.andreevmaster.com\/sv\/wp-json\/wp\/v2\/media\/39276"}],"wp:attachment":[{"href":"https:\/\/nordicmart.andreevmaster.com\/sv\/wp-json\/wp\/v2\/media?parent=10733"}],"wp:term":[{"taxonomy":"product_brand","embeddable":true,"href":"https:\/\/nordicmart.andreevmaster.com\/sv\/wp-json\/wp\/v2\/product_brand?post=10733"},{"taxonomy":"product_cat","embeddable":true,"href":"https:\/\/nordicmart.andreevmaster.com\/sv\/wp-json\/wp\/v2\/product_cat?post=10733"},{"taxonomy":"product_tag","embeddable":true,"href":"https:\/\/nordicmart.andreevmaster.com\/sv\/wp-json\/wp\/v2\/product_tag?post=10733"}],"curies":[{"name":"wp","href":"https:\/\/api.w.org\/{rel}","templated":true}]}}