{"id":10728,"date":"2026-02-27T00:08:09","date_gmt":"2026-02-27T00:08:09","guid":{"rendered":"https:\/\/nordicmart.andreevmaster.com\/product\/songmics-20-pack-sammetskladhangare-ljusgrona\/"},"modified":"2026-02-27T08:03:39","modified_gmt":"2026-02-27T08:03:39","slug":"songmics-20-pack-sammetskladhangare-ljusgrona","status":"publish","type":"product","link":"https:\/\/nordicmart.andreevmaster.com\/sv\/produkt\/songmics-20-pack-sammetskladhangare-ljusgrona\/","title":{"rendered":"SONGMICS 20-pack sammetskl\u00e4dh\u00e4ngare ljusgr\u00f6na"},"content":{"rendered":"<p>Produktdetaljer:F\u00e4rg: Ljusgr\u00f6n Material: Sammet, ABS-plast, metallkrok Storlek per galge: 43,5 x 0,6 x 22,5 cm (L x B x H) Vikt f\u00f6r 20 galgar: 1,6 kg Max. statisk belastningskapacitet per galge: 5 kg Leveransomfattning: 20 x galgar SONGMICS Anvisningar:H\u00e4ng inte v\u00e5ta kl\u00e4der p\u00e5 kl\u00e4dh\u00e4ngarna. H\u00e4ng inte f\u00f6r tunga kl\u00e4der p\u00e5 kl\u00e4dh\u00e4ngarna. Anv\u00e4nd inte dessa kl\u00e4dh\u00e4ngare i en torktumlare.<\/p>\n","protected":false},"excerpt":{"rendered":"<p>SONGMICS sammetskl\u00e4dh\u00e4ngare, 20 stycken, halkskydd, jackh\u00e4ngare, 0,6 cm tjocklek, kostymh\u00e4ngare, platsbesparande, 360\u00b0 vridbar krok, 45 cm bred, f\u00f6r jackor, rockar, kjolar, skjortor, byxor, vit CRF020W01<\/p>\n","protected":false},"featured_media":39272,"comment_status":"open","ping_status":"closed","template":"","meta":[],"product_brand":[],"product_cat":[33],"product_tag":[],"class_list":{"0":"post-10728","1":"product","2":"type-product","3":"status-publish","4":"has-post-thumbnail","6":"product_cat-okategoriserad","8":"first","9":"instock","10":"shipping-taxable","11":"purchasable","12":"product-type-simple"},"_links":{"self":[{"href":"https:\/\/nordicmart.andreevmaster.com\/sv\/wp-json\/wp\/v2\/product\/10728","targetHints":{"allow":["GET"]}}],"collection":[{"href":"https:\/\/nordicmart.andreevmaster.com\/sv\/wp-json\/wp\/v2\/product"}],"about":[{"href":"https:\/\/nordicmart.andreevmaster.com\/sv\/wp-json\/wp\/v2\/types\/product"}],"replies":[{"embeddable":true,"href":"https:\/\/nordicmart.andreevmaster.com\/sv\/wp-json\/wp\/v2\/comments?post=10728"}],"wp:featuredmedia":[{"embeddable":true,"href":"https:\/\/nordicmart.andreevmaster.com\/sv\/wp-json\/wp\/v2\/media\/39272"}],"wp:attachment":[{"href":"https:\/\/nordicmart.andreevmaster.com\/sv\/wp-json\/wp\/v2\/media?parent=10728"}],"wp:term":[{"taxonomy":"product_brand","embeddable":true,"href":"https:\/\/nordicmart.andreevmaster.com\/sv\/wp-json\/wp\/v2\/product_brand?post=10728"},{"taxonomy":"product_cat","embeddable":true,"href":"https:\/\/nordicmart.andreevmaster.com\/sv\/wp-json\/wp\/v2\/product_cat?post=10728"},{"taxonomy":"product_tag","embeddable":true,"href":"https:\/\/nordicmart.andreevmaster.com\/sv\/wp-json\/wp\/v2\/product_tag?post=10728"}],"curies":[{"name":"wp","href":"https:\/\/api.w.org\/{rel}","templated":true}]}}