{"id":10726,"date":"2026-02-27T00:08:09","date_gmt":"2026-02-27T00:08:09","guid":{"rendered":"https:\/\/nordicmart.andreevmaster.com\/product\/songmics-sammethangare-50-stycken-gra\/"},"modified":"2026-02-27T08:03:39","modified_gmt":"2026-02-27T08:03:39","slug":"songmics-sammethangare-50-stycken-gra","status":"publish","type":"product","link":"https:\/\/nordicmart.andreevmaster.com\/sv\/produkt\/songmics-sammethangare-50-stycken-gra\/","title":{"rendered":"SONGMICS sammeth\u00e4ngare 50 stycken gr\u00e5"},"content":{"rendered":"<p>Halkfri velth\u00e4ngare Det mjuka velth\u00f6ljet med ljusbest\u00e4ndig f\u00e4rg skyddar dina kl\u00e4der och f\u00f6rhindrar att de glider, s\u00e5 att skjortor, kl\u00e4nningar etc. alltid ligger p\u00e5 plats. Den nedre st\u00e5ngen, som ocks\u00e5 \u00e4r kl\u00e4dd med velth\u00f6lje, skyddar dina byxor fr\u00e5n veck. Mer plats i din garderob Varje h\u00e4ngare \u00e4r bara 5 mm tjock och tar liten plats i garderoben. Du kan h\u00e4nga jackor och byxor tillsammans p\u00e5 en galge. P\u00e5 s\u00e5 s\u00e4tt kan du h\u00e4nga en hel outfit p\u00e5 en galge \u2013 vilket sparar plats och tid n\u00e4r du v\u00e4ljer din outfit p\u00e5 morgonen. S-formad \u00f6ppning Galgen har en speciell S-formad \u00f6ppning s\u00e5 att du kan h\u00e4nga T-shirts eller stickade plagg i sin ursprungliga form utan att kragen deformeras. Dessutom har kl\u00e4dh\u00e4ngaren en nedre st\u00e5ng f\u00f6r byxor och en liten mittst\u00e5ng f\u00f6r halsdukar, slipsar etc. Produktdetaljer: F\u00e4rg: gr\u00e5 Material: ABS-plast, sammet M\u00e5tt: 44 x 23 x 0,5 cm (B x H x D) Vikt per galge: 86 g Max. belastningskapacitet per galge: 5 kg Leveransomfattning: 50 x galgar SONGMICS Anvisningar: H\u00e4ng inte v\u00e5ta kl\u00e4der p\u00e5 galgarna. H\u00e5ll galgarna borta fr\u00e5n ant\u00e4ndningsk\u00e4llor.Anv\u00e4nd inte kl\u00e4dh\u00e4ngarna i rum med h\u00f6g temperatur och h\u00f6g luftfuktighet. H\u00e4ng inte f\u00f6r tunga f\u00f6rem\u00e5l och tv\u00e4tt p\u00e5 kl\u00e4dh\u00e4ngarna. Anv\u00e4nd inte dessa kl\u00e4dh\u00e4ngare i en b\u00e4rbar torktumlare.<\/p>\n","protected":false},"excerpt":{"rendered":"<p>SONGMICS kl\u00e4dh\u00e4ngare, 50 stycken, kl\u00e4dda med sammet, halkfria och platsbesparande, f\u00f6rb\u00e4ttrade kostymh\u00e4ngare, med 360\u00b0 vridbar krok, gr\u00e5 CRF01V-50<\/p>\n","protected":false},"featured_media":39270,"comment_status":"open","ping_status":"closed","template":"","meta":[],"product_brand":[],"product_cat":[33],"product_tag":[],"class_list":{"0":"post-10726","1":"product","2":"type-product","3":"status-publish","4":"has-post-thumbnail","6":"product_cat-okategoriserad","8":"first","9":"instock","10":"shipping-taxable","11":"purchasable","12":"product-type-simple"},"_links":{"self":[{"href":"https:\/\/nordicmart.andreevmaster.com\/sv\/wp-json\/wp\/v2\/product\/10726","targetHints":{"allow":["GET"]}}],"collection":[{"href":"https:\/\/nordicmart.andreevmaster.com\/sv\/wp-json\/wp\/v2\/product"}],"about":[{"href":"https:\/\/nordicmart.andreevmaster.com\/sv\/wp-json\/wp\/v2\/types\/product"}],"replies":[{"embeddable":true,"href":"https:\/\/nordicmart.andreevmaster.com\/sv\/wp-json\/wp\/v2\/comments?post=10726"}],"wp:featuredmedia":[{"embeddable":true,"href":"https:\/\/nordicmart.andreevmaster.com\/sv\/wp-json\/wp\/v2\/media\/39270"}],"wp:attachment":[{"href":"https:\/\/nordicmart.andreevmaster.com\/sv\/wp-json\/wp\/v2\/media?parent=10726"}],"wp:term":[{"taxonomy":"product_brand","embeddable":true,"href":"https:\/\/nordicmart.andreevmaster.com\/sv\/wp-json\/wp\/v2\/product_brand?post=10726"},{"taxonomy":"product_cat","embeddable":true,"href":"https:\/\/nordicmart.andreevmaster.com\/sv\/wp-json\/wp\/v2\/product_cat?post=10726"},{"taxonomy":"product_tag","embeddable":true,"href":"https:\/\/nordicmart.andreevmaster.com\/sv\/wp-json\/wp\/v2\/product_tag?post=10726"}],"curies":[{"name":"wp","href":"https:\/\/api.w.org\/{rel}","templated":true}]}}