{"id":10724,"date":"2026-02-27T00:08:09","date_gmt":"2026-02-27T00:08:09","guid":{"rendered":"https:\/\/nordicmart.andreevmaster.com\/product\/songmics-kladhangare-i-sammet-10-pack-med-justerbara-vita\/"},"modified":"2026-02-27T08:03:39","modified_gmt":"2026-02-27T08:03:39","slug":"songmics-kladhangare-i-sammet-10-pack-med-justerbara-vita","status":"publish","type":"product","link":"https:\/\/nordicmart.andreevmaster.com\/sv\/produkt\/songmics-kladhangare-i-sammet-10-pack-med-justerbara-vita\/","title":{"rendered":"SONGMICS kl\u00e4dh\u00e4ngare i sammet, 10-pack, med justerbara, vita"},"content":{"rendered":"<p>SONGMICS byxh\u00e4ngare, 12-pack, 42,5 cm sammetskl\u00e4dh\u00e4ngare med justerbara kl\u00e4mmor, t\u00e5liga, halkfria och platsbesparande, f\u00f6r byxor, kjolar, jackor, kl\u00e4nningar, linne, vita CRF012W01<br \/>\nF\u00e4rg: Vit<br \/>\nMaterial: ABS-plast, sammet, metall<br \/>\nStorlek per galge: 42,5 x 23,5 cm (B x H)<br \/>\nVikt f\u00f6r 10 h\u00e4ngare: 0,9 kg<br \/>\nMax. statisk belastningskapacitet per jackh\u00e4ngare: 5 kg<br \/>\nMax. statisk belastningskapacitet per byxkl\u00e4mma: 2,5 kg<\/p>\n","protected":false},"excerpt":{"rendered":"<p>SONGMICS byxh\u00e4ngare, 12-pack, 42,5 cm sammetskl\u00e4dh\u00e4ngare med justerbara kl\u00e4mmor, t\u00e5liga, halkfria och platsbesparande, f\u00f6r byxor, kjolar, jackor, kl\u00e4nningar, linne, vita CRF012W01<\/p>\n","protected":false},"featured_media":39268,"comment_status":"open","ping_status":"closed","template":"","meta":[],"product_brand":[],"product_cat":[33],"product_tag":[],"class_list":{"0":"post-10724","1":"product","2":"type-product","3":"status-publish","4":"has-post-thumbnail","6":"product_cat-okategoriserad","8":"first","9":"instock","10":"shipping-taxable","11":"purchasable","12":"product-type-simple"},"_links":{"self":[{"href":"https:\/\/nordicmart.andreevmaster.com\/sv\/wp-json\/wp\/v2\/product\/10724","targetHints":{"allow":["GET"]}}],"collection":[{"href":"https:\/\/nordicmart.andreevmaster.com\/sv\/wp-json\/wp\/v2\/product"}],"about":[{"href":"https:\/\/nordicmart.andreevmaster.com\/sv\/wp-json\/wp\/v2\/types\/product"}],"replies":[{"embeddable":true,"href":"https:\/\/nordicmart.andreevmaster.com\/sv\/wp-json\/wp\/v2\/comments?post=10724"}],"wp:featuredmedia":[{"embeddable":true,"href":"https:\/\/nordicmart.andreevmaster.com\/sv\/wp-json\/wp\/v2\/media\/39268"}],"wp:attachment":[{"href":"https:\/\/nordicmart.andreevmaster.com\/sv\/wp-json\/wp\/v2\/media?parent=10724"}],"wp:term":[{"taxonomy":"product_brand","embeddable":true,"href":"https:\/\/nordicmart.andreevmaster.com\/sv\/wp-json\/wp\/v2\/product_brand?post=10724"},{"taxonomy":"product_cat","embeddable":true,"href":"https:\/\/nordicmart.andreevmaster.com\/sv\/wp-json\/wp\/v2\/product_cat?post=10724"},{"taxonomy":"product_tag","embeddable":true,"href":"https:\/\/nordicmart.andreevmaster.com\/sv\/wp-json\/wp\/v2\/product_tag?post=10724"}],"curies":[{"name":"wp","href":"https:\/\/api.w.org\/{rel}","templated":true}]}}