{"id":10723,"date":"2026-02-27T00:08:08","date_gmt":"2026-02-27T00:08:08","guid":{"rendered":"https:\/\/nordicmart.andreevmaster.com\/product\/songmics-byxhangare-12-pack-vit\/"},"modified":"2026-02-27T08:03:39","modified_gmt":"2026-02-27T08:03:39","slug":"songmics-byxhangare-12-pack-vit","status":"publish","type":"product","link":"https:\/\/nordicmart.andreevmaster.com\/sv\/produkt\/songmics-byxhangare-12-pack-vit\/","title":{"rendered":"SONGMICS byxh\u00e4ngare, 12-pack, vit"},"content":{"rendered":"<p>SONGMICS byxh\u00e4ngare, 12-pack, 42,5 cm sammetskl\u00e4dh\u00e4ngare med justerbara kl\u00e4mmor, t\u00e5liga, halkfria och platsbesparande, f\u00f6r byxor, kjolar, jackor, kl\u00e4nningar, linne, vita CRF012W01<br \/>\nF\u00e4rg: Vit<br \/>\nMaterial: ABS-plast, sammet, metall<br \/>\nStorlek per h\u00e4ngare: 42,5 x 0,6 x 23,5 cm (L x B x H)<br \/>\nVikt f\u00f6r 12 galgar: 1 kg<br \/>\nMax. statisk belastningskapacitet per jackh\u00e4ngare: 5 kg<br \/>\nMax. statisk belastningskapacitet per byxkl\u00e4mma: 2,5 kg<\/p>\n","protected":false},"excerpt":{"rendered":"<p>SONGMICS byxh\u00e4ngare, 12-pack, 42,5 cm sammetskl\u00e4dh\u00e4ngare med justerbara kl\u00e4mmor, t\u00e5liga, halkfria och platsbesparande, f\u00f6r byxor, kjolar, jackor, kl\u00e4nningar, linne, vita CRF012W01<\/p>\n","protected":false},"featured_media":39267,"comment_status":"open","ping_status":"closed","template":"","meta":[],"product_brand":[],"product_cat":[33],"product_tag":[],"class_list":{"0":"post-10723","1":"product","2":"type-product","3":"status-publish","4":"has-post-thumbnail","6":"product_cat-okategoriserad","8":"first","9":"instock","10":"shipping-taxable","11":"purchasable","12":"product-type-simple"},"_links":{"self":[{"href":"https:\/\/nordicmart.andreevmaster.com\/sv\/wp-json\/wp\/v2\/product\/10723","targetHints":{"allow":["GET"]}}],"collection":[{"href":"https:\/\/nordicmart.andreevmaster.com\/sv\/wp-json\/wp\/v2\/product"}],"about":[{"href":"https:\/\/nordicmart.andreevmaster.com\/sv\/wp-json\/wp\/v2\/types\/product"}],"replies":[{"embeddable":true,"href":"https:\/\/nordicmart.andreevmaster.com\/sv\/wp-json\/wp\/v2\/comments?post=10723"}],"wp:featuredmedia":[{"embeddable":true,"href":"https:\/\/nordicmart.andreevmaster.com\/sv\/wp-json\/wp\/v2\/media\/39267"}],"wp:attachment":[{"href":"https:\/\/nordicmart.andreevmaster.com\/sv\/wp-json\/wp\/v2\/media?parent=10723"}],"wp:term":[{"taxonomy":"product_brand","embeddable":true,"href":"https:\/\/nordicmart.andreevmaster.com\/sv\/wp-json\/wp\/v2\/product_brand?post=10723"},{"taxonomy":"product_cat","embeddable":true,"href":"https:\/\/nordicmart.andreevmaster.com\/sv\/wp-json\/wp\/v2\/product_cat?post=10723"},{"taxonomy":"product_tag","embeddable":true,"href":"https:\/\/nordicmart.andreevmaster.com\/sv\/wp-json\/wp\/v2\/product_tag?post=10723"}],"curies":[{"name":"wp","href":"https:\/\/api.w.org\/{rel}","templated":true}]}}